{"id":2631,"date":"2019-07-08T11:33:44","date_gmt":"2019-07-08T09:33:44","guid":{"rendered":"https:\/\/ripack.com\/?page_id=2631"},"modified":"2025-11-21T11:16:10","modified_gmt":"2025-11-21T10:16:10","slug":"unsere-produkte","status":"publish","type":"page","link":"https:\/\/ripack.com\/de\/unsere-produkte\/","title":{"rendered":"Unsere produkte"},"content":{"rendered":"","protected":false},"excerpt":{"rendered":"","protected":false},"author":1,"featured_media":0,"parent":0,"menu_order":0,"comment_status":"closed","ping_status":"closed","template":"page-parent-produit.php","meta":{"_acf_changed":false,"footnotes":""},"class_list":["post-2631","page","type-page","status-publish","hentry"],"acf":[],"yoast_head":"<!-- This site is optimized with the Yoast SEO plugin v27.4 - https:\/\/yoast.com\/product\/yoast-seo-wordpress\/ -->\n<title>Professionelles Verpackungsmaterial | Schrumpfpistolen, Folienschwei\u00dfger\u00e4te, Hauben-Schrumpfverfahren | Ripack<\/title>\n<meta name=\"description\" content=\"Entdecken Sie mit Ripack die Materialvielfalt f\u00fcr Ihre professionelle Verpackung. Weltmarktf\u00fchrer. 40 Jahre Erfahrung. Maximale Sicherheit. 1 Jahr Garantie auf Ersatzteile und Reparatur.\" \/>\n<meta name=\"robots\" content=\"index, follow, max-snippet:-1, max-image-preview:large, max-video-preview:-1\" \/>\n<link rel=\"canonical\" href=\"https:\/\/ripack.com\/de\/unsere-produkte\/\" \/>\n<meta property=\"og:locale\" content=\"de_DE\" \/>\n<meta property=\"og:type\" content=\"article\" \/>\n<meta property=\"og:title\" content=\"Professionelles Verpackungsmaterial | Schrumpfpistolen, Folienschwei\u00dfger\u00e4te, Hauben-Schrumpfverfahren | Ripack\" \/>\n<meta property=\"og:description\" content=\"Entdecken Sie mit Ripack die Materialvielfalt f\u00fcr Ihre professionelle Verpackung. Weltmarktf\u00fchrer. 40 Jahre Erfahrung. Maximale Sicherheit. 1 Jahr Garantie auf Ersatzteile und Reparatur.\" \/>\n<meta property=\"og:url\" content=\"https:\/\/ripack.com\/de\/unsere-produkte\/\" \/>\n<meta property=\"og:site_name\" content=\"ripack\" \/>\n<meta property=\"article:modified_time\" content=\"2025-11-21T10:16:10+00:00\" \/>\n<meta name=\"twitter:card\" content=\"summary_large_image\" \/>\n<script type=\"application\/ld+json\" class=\"yoast-schema-graph\">{\"@context\":\"https:\\\/\\\/schema.org\",\"@graph\":[{\"@type\":\"WebPage\",\"@id\":\"https:\\\/\\\/ripack.com\\\/de\\\/unsere-produkte\\\/\",\"url\":\"https:\\\/\\\/ripack.com\\\/de\\\/unsere-produkte\\\/\",\"name\":\"Professionelles Verpackungsmaterial | Schrumpfpistolen, Folienschwei\u00dfger\u00e4te, Hauben-Schrumpfverfahren | Ripack\",\"isPartOf\":{\"@id\":\"https:\\\/\\\/ripack.com\\\/#website\"},\"datePublished\":\"2019-07-08T09:33:44+00:00\",\"dateModified\":\"2025-11-21T10:16:10+00:00\",\"description\":\"Entdecken Sie mit Ripack die Materialvielfalt f\u00fcr Ihre professionelle Verpackung. Weltmarktf\u00fchrer. 40 Jahre Erfahrung. Maximale Sicherheit. 1 Jahr Garantie auf Ersatzteile und Reparatur.\",\"breadcrumb\":{\"@id\":\"https:\\\/\\\/ripack.com\\\/de\\\/unsere-produkte\\\/#breadcrumb\"},\"inLanguage\":\"de\",\"potentialAction\":[{\"@type\":\"ReadAction\",\"target\":[\"https:\\\/\\\/ripack.com\\\/de\\\/unsere-produkte\\\/\"]}]},{\"@type\":\"BreadcrumbList\",\"@id\":\"https:\\\/\\\/ripack.com\\\/de\\\/unsere-produkte\\\/#breadcrumb\",\"itemListElement\":[{\"@type\":\"ListItem\",\"position\":1,\"name\":\"Accueil\",\"item\":\"https:\\\/\\\/ripack.com\\\/de\\\/\"},{\"@type\":\"ListItem\",\"position\":2,\"name\":\"Unsere produkte\"}]},{\"@type\":\"WebSite\",\"@id\":\"https:\\\/\\\/ripack.com\\\/#website\",\"url\":\"https:\\\/\\\/ripack.com\\\/\",\"name\":\"ripack\",\"description\":\"Un site utilisant WordPress\",\"potentialAction\":[{\"@type\":\"SearchAction\",\"target\":{\"@type\":\"EntryPoint\",\"urlTemplate\":\"https:\\\/\\\/ripack.com\\\/?s={search_term_string}\"},\"query-input\":{\"@type\":\"PropertyValueSpecification\",\"valueRequired\":true,\"valueName\":\"search_term_string\"}}],\"inLanguage\":\"de\"}]}<\/script>\n<!-- \/ Yoast SEO plugin. -->","yoast_head_json":{"title":"Professionelles Verpackungsmaterial | Schrumpfpistolen, Folienschwei\u00dfger\u00e4te, Hauben-Schrumpfverfahren | Ripack","description":"Entdecken Sie mit Ripack die Materialvielfalt f\u00fcr Ihre professionelle Verpackung. Weltmarktf\u00fchrer. 40 Jahre Erfahrung. Maximale Sicherheit. 1 Jahr Garantie auf Ersatzteile und Reparatur.","robots":{"index":"index","follow":"follow","max-snippet":"max-snippet:-1","max-image-preview":"max-image-preview:large","max-video-preview":"max-video-preview:-1"},"canonical":"https:\/\/ripack.com\/de\/unsere-produkte\/","og_locale":"de_DE","og_type":"article","og_title":"Professionelles Verpackungsmaterial | Schrumpfpistolen, Folienschwei\u00dfger\u00e4te, Hauben-Schrumpfverfahren | Ripack","og_description":"Entdecken Sie mit Ripack die Materialvielfalt f\u00fcr Ihre professionelle Verpackung. Weltmarktf\u00fchrer. 40 Jahre Erfahrung. Maximale Sicherheit. 1 Jahr Garantie auf Ersatzteile und Reparatur.","og_url":"https:\/\/ripack.com\/de\/unsere-produkte\/","og_site_name":"ripack","article_modified_time":"2025-11-21T10:16:10+00:00","twitter_card":"summary_large_image","schema":{"@context":"https:\/\/schema.org","@graph":[{"@type":"WebPage","@id":"https:\/\/ripack.com\/de\/unsere-produkte\/","url":"https:\/\/ripack.com\/de\/unsere-produkte\/","name":"Professionelles Verpackungsmaterial | Schrumpfpistolen, Folienschwei\u00dfger\u00e4te, Hauben-Schrumpfverfahren | Ripack","isPartOf":{"@id":"https:\/\/ripack.com\/#website"},"datePublished":"2019-07-08T09:33:44+00:00","dateModified":"2025-11-21T10:16:10+00:00","description":"Entdecken Sie mit Ripack die Materialvielfalt f\u00fcr Ihre professionelle Verpackung. Weltmarktf\u00fchrer. 40 Jahre Erfahrung. Maximale Sicherheit. 1 Jahr Garantie auf Ersatzteile und Reparatur.","breadcrumb":{"@id":"https:\/\/ripack.com\/de\/unsere-produkte\/#breadcrumb"},"inLanguage":"de","potentialAction":[{"@type":"ReadAction","target":["https:\/\/ripack.com\/de\/unsere-produkte\/"]}]},{"@type":"BreadcrumbList","@id":"https:\/\/ripack.com\/de\/unsere-produkte\/#breadcrumb","itemListElement":[{"@type":"ListItem","position":1,"name":"Accueil","item":"https:\/\/ripack.com\/de\/"},{"@type":"ListItem","position":2,"name":"Unsere produkte"}]},{"@type":"WebSite","@id":"https:\/\/ripack.com\/#website","url":"https:\/\/ripack.com\/","name":"ripack","description":"Un site utilisant WordPress","potentialAction":[{"@type":"SearchAction","target":{"@type":"EntryPoint","urlTemplate":"https:\/\/ripack.com\/?s={search_term_string}"},"query-input":{"@type":"PropertyValueSpecification","valueRequired":true,"valueName":"search_term_string"}}],"inLanguage":"de"}]}},"_links":{"self":[{"href":"https:\/\/ripack.com\/de\/wp-json\/wp\/v2\/pages\/2631","targetHints":{"allow":["GET"]}}],"collection":[{"href":"https:\/\/ripack.com\/de\/wp-json\/wp\/v2\/pages"}],"about":[{"href":"https:\/\/ripack.com\/de\/wp-json\/wp\/v2\/types\/page"}],"author":[{"embeddable":true,"href":"https:\/\/ripack.com\/de\/wp-json\/wp\/v2\/users\/1"}],"replies":[{"embeddable":true,"href":"https:\/\/ripack.com\/de\/wp-json\/wp\/v2\/comments?post=2631"}],"version-history":[{"count":13,"href":"https:\/\/ripack.com\/de\/wp-json\/wp\/v2\/pages\/2631\/revisions"}],"predecessor-version":[{"id":12034,"href":"https:\/\/ripack.com\/de\/wp-json\/wp\/v2\/pages\/2631\/revisions\/12034"}],"wp:attachment":[{"href":"https:\/\/ripack.com\/de\/wp-json\/wp\/v2\/media?parent=2631"}],"curies":[{"name":"wp","href":"https:\/\/api.w.org\/{rel}","templated":true}]}}