{"id":2652,"date":"2019-05-27T15:28:50","date_gmt":"2019-05-27T13:28:50","guid":{"rendered":"https:\/\/ripack.com\/?page_id=2652"},"modified":"2025-11-21T14:40:01","modified_gmt":"2025-11-21T13:40:01","slug":"unsere-anwendungen","status":"publish","type":"page","link":"https:\/\/ripack.com\/de\/unsere-anwendungen\/","title":{"rendered":"Unsere Anwendungen"},"content":{"rendered":"<p>Applications<br \/>\nfilm r\u00e9tractable<\/p>\n","protected":false},"excerpt":{"rendered":"<p>Applications film r\u00e9tractable<\/p>\n","protected":false},"author":1,"featured_media":0,"parent":0,"menu_order":2,"comment_status":"closed","ping_status":"closed","template":"page-parent.php","meta":{"_acf_changed":false,"footnotes":""},"class_list":["post-2652","page","type-page","status-publish","hentry"],"acf":[],"yoast_head":"<!-- This site is optimized with the Yoast SEO plugin v27.3 - https:\/\/yoast.com\/product\/yoast-seo-wordpress\/ -->\n<title>Anwendung von Schutzverpackungen f\u00fcr Waren | Ripack<\/title>\n<meta name=\"description\" content=\"Entdecken Sie unsere Schutzanwendungen f\u00fcr Waren. Professionelle Verpackung von Paletten, Karton, Gro\u00dfe Volumen. 40 Jahre Erfahrung.1 Jahr Garantie auf Ersatzteile und Reparatur.\" \/>\n<meta name=\"robots\" content=\"index, follow, max-snippet:-1, max-image-preview:large, max-video-preview:-1\" \/>\n<link rel=\"canonical\" href=\"https:\/\/ripack.com\/de\/unsere-anwendungen\/\" \/>\n<meta property=\"og:locale\" content=\"de_DE\" \/>\n<meta property=\"og:type\" content=\"article\" \/>\n<meta property=\"og:title\" content=\"Anwendung von Schutzverpackungen f\u00fcr Waren | Ripack\" \/>\n<meta property=\"og:description\" content=\"Entdecken Sie unsere Schutzanwendungen f\u00fcr Waren. Professionelle Verpackung von Paletten, Karton, Gro\u00dfe Volumen. 40 Jahre Erfahrung.1 Jahr Garantie auf Ersatzteile und Reparatur.\" \/>\n<meta property=\"og:url\" content=\"https:\/\/ripack.com\/de\/unsere-anwendungen\/\" \/>\n<meta property=\"og:site_name\" content=\"ripack\" \/>\n<meta property=\"article:modified_time\" content=\"2025-11-21T13:40:01+00:00\" \/>\n<meta name=\"twitter:card\" content=\"summary_large_image\" \/>\n<meta name=\"twitter:label1\" content=\"Gesch\u00e4tzte Lesezeit\" \/>\n\t<meta name=\"twitter:data1\" content=\"1\u00a0Minute\" \/>\n<script type=\"application\/ld+json\" class=\"yoast-schema-graph\">{\"@context\":\"https:\\\/\\\/schema.org\",\"@graph\":[{\"@type\":\"WebPage\",\"@id\":\"https:\\\/\\\/ripack.com\\\/de\\\/unsere-anwendungen\\\/\",\"url\":\"https:\\\/\\\/ripack.com\\\/de\\\/unsere-anwendungen\\\/\",\"name\":\"Anwendung von Schutzverpackungen f\u00fcr Waren | Ripack\",\"isPartOf\":{\"@id\":\"https:\\\/\\\/ripack.com\\\/#website\"},\"datePublished\":\"2019-05-27T13:28:50+00:00\",\"dateModified\":\"2025-11-21T13:40:01+00:00\",\"description\":\"Entdecken Sie unsere Schutzanwendungen f\u00fcr Waren. Professionelle Verpackung von Paletten, Karton, Gro\u00dfe Volumen. 40 Jahre Erfahrung.1 Jahr Garantie auf Ersatzteile und Reparatur.\",\"breadcrumb\":{\"@id\":\"https:\\\/\\\/ripack.com\\\/de\\\/unsere-anwendungen\\\/#breadcrumb\"},\"inLanguage\":\"de\",\"potentialAction\":[{\"@type\":\"ReadAction\",\"target\":[\"https:\\\/\\\/ripack.com\\\/de\\\/unsere-anwendungen\\\/\"]}]},{\"@type\":\"BreadcrumbList\",\"@id\":\"https:\\\/\\\/ripack.com\\\/de\\\/unsere-anwendungen\\\/#breadcrumb\",\"itemListElement\":[{\"@type\":\"ListItem\",\"position\":1,\"name\":\"Accueil\",\"item\":\"https:\\\/\\\/ripack.com\\\/de\\\/\"},{\"@type\":\"ListItem\",\"position\":2,\"name\":\"Unsere Anwendungen\"}]},{\"@type\":\"WebSite\",\"@id\":\"https:\\\/\\\/ripack.com\\\/#website\",\"url\":\"https:\\\/\\\/ripack.com\\\/\",\"name\":\"ripack\",\"description\":\"Un site utilisant WordPress\",\"potentialAction\":[{\"@type\":\"SearchAction\",\"target\":{\"@type\":\"EntryPoint\",\"urlTemplate\":\"https:\\\/\\\/ripack.com\\\/?s={search_term_string}\"},\"query-input\":{\"@type\":\"PropertyValueSpecification\",\"valueRequired\":true,\"valueName\":\"search_term_string\"}}],\"inLanguage\":\"de\"}]}<\/script>\n<!-- \/ Yoast SEO plugin. -->","yoast_head_json":{"title":"Anwendung von Schutzverpackungen f\u00fcr Waren | Ripack","description":"Entdecken Sie unsere Schutzanwendungen f\u00fcr Waren. Professionelle Verpackung von Paletten, Karton, Gro\u00dfe Volumen. 40 Jahre Erfahrung.1 Jahr Garantie auf Ersatzteile und Reparatur.","robots":{"index":"index","follow":"follow","max-snippet":"max-snippet:-1","max-image-preview":"max-image-preview:large","max-video-preview":"max-video-preview:-1"},"canonical":"https:\/\/ripack.com\/de\/unsere-anwendungen\/","og_locale":"de_DE","og_type":"article","og_title":"Anwendung von Schutzverpackungen f\u00fcr Waren | Ripack","og_description":"Entdecken Sie unsere Schutzanwendungen f\u00fcr Waren. Professionelle Verpackung von Paletten, Karton, Gro\u00dfe Volumen. 40 Jahre Erfahrung.1 Jahr Garantie auf Ersatzteile und Reparatur.","og_url":"https:\/\/ripack.com\/de\/unsere-anwendungen\/","og_site_name":"ripack","article_modified_time":"2025-11-21T13:40:01+00:00","twitter_card":"summary_large_image","twitter_misc":{"Gesch\u00e4tzte Lesezeit":"1\u00a0Minute"},"schema":{"@context":"https:\/\/schema.org","@graph":[{"@type":"WebPage","@id":"https:\/\/ripack.com\/de\/unsere-anwendungen\/","url":"https:\/\/ripack.com\/de\/unsere-anwendungen\/","name":"Anwendung von Schutzverpackungen f\u00fcr Waren | Ripack","isPartOf":{"@id":"https:\/\/ripack.com\/#website"},"datePublished":"2019-05-27T13:28:50+00:00","dateModified":"2025-11-21T13:40:01+00:00","description":"Entdecken Sie unsere Schutzanwendungen f\u00fcr Waren. Professionelle Verpackung von Paletten, Karton, Gro\u00dfe Volumen. 40 Jahre Erfahrung.1 Jahr Garantie auf Ersatzteile und Reparatur.","breadcrumb":{"@id":"https:\/\/ripack.com\/de\/unsere-anwendungen\/#breadcrumb"},"inLanguage":"de","potentialAction":[{"@type":"ReadAction","target":["https:\/\/ripack.com\/de\/unsere-anwendungen\/"]}]},{"@type":"BreadcrumbList","@id":"https:\/\/ripack.com\/de\/unsere-anwendungen\/#breadcrumb","itemListElement":[{"@type":"ListItem","position":1,"name":"Accueil","item":"https:\/\/ripack.com\/de\/"},{"@type":"ListItem","position":2,"name":"Unsere Anwendungen"}]},{"@type":"WebSite","@id":"https:\/\/ripack.com\/#website","url":"https:\/\/ripack.com\/","name":"ripack","description":"Un site utilisant WordPress","potentialAction":[{"@type":"SearchAction","target":{"@type":"EntryPoint","urlTemplate":"https:\/\/ripack.com\/?s={search_term_string}"},"query-input":{"@type":"PropertyValueSpecification","valueRequired":true,"valueName":"search_term_string"}}],"inLanguage":"de"}]}},"_links":{"self":[{"href":"https:\/\/ripack.com\/de\/wp-json\/wp\/v2\/pages\/2652","targetHints":{"allow":["GET"]}}],"collection":[{"href":"https:\/\/ripack.com\/de\/wp-json\/wp\/v2\/pages"}],"about":[{"href":"https:\/\/ripack.com\/de\/wp-json\/wp\/v2\/types\/page"}],"author":[{"embeddable":true,"href":"https:\/\/ripack.com\/de\/wp-json\/wp\/v2\/users\/1"}],"replies":[{"embeddable":true,"href":"https:\/\/ripack.com\/de\/wp-json\/wp\/v2\/comments?post=2652"}],"version-history":[{"count":4,"href":"https:\/\/ripack.com\/de\/wp-json\/wp\/v2\/pages\/2652\/revisions"}],"predecessor-version":[{"id":12037,"href":"https:\/\/ripack.com\/de\/wp-json\/wp\/v2\/pages\/2652\/revisions\/12037"}],"wp:attachment":[{"href":"https:\/\/ripack.com\/de\/wp-json\/wp\/v2\/media?parent=2652"}],"curies":[{"name":"wp","href":"https:\/\/api.w.org\/{rel}","templated":true}]}}