{"id":2661,"date":"2019-05-27T15:34:16","date_gmt":"2019-05-27T13:34:16","guid":{"rendered":"https:\/\/ripack.com\/?page_id=2661"},"modified":"2025-05-05T16:21:17","modified_gmt":"2025-05-05T14:21:17","slug":"schutz-von-industrieguetern","status":"publish","type":"page","link":"https:\/\/ripack.com\/de\/unsere-anwendungen\/schutz-von-industrieguetern\/","title":{"rendered":"schutz von industrieg\u00fctern"},"content":{"rendered":"<p>Spezialmaschinen, Triebwerke, Flugzeugteile und Windkraftanlagen haben eines gemeinsam: sie haben keine Standardma\u00dfe. Sehr oft greifen Industrielle in diesen F\u00e4llen auf eine komplexe Ausformung, Holz, wiederverwendbare Planen und Schaumstoffe zur\u00fcck. F\u00fcr diese Art von Produkten wird die Schrumpffolie zunehmend zur stimmigsten L\u00f6sung.<\/p>\n","protected":false},"excerpt":{"rendered":"<p>Spezialmaschinen, Triebwerke, Flugzeugteile und Windkraftanlagen haben eines gemeinsam: sie haben keine Standardma\u00dfe. Sehr oft greifen Industrielle in diesen F\u00e4llen auf eine komplexe Ausformung, Holz, wiederverwendbare Planen und Schaumstoffe zur\u00fcck. F\u00fcr diese Art von Produkten wird die Schrumpffolie zunehmend zur stimmigsten L\u00f6sung.<\/p>\n","protected":false},"author":1,"featured_media":1169,"parent":2652,"menu_order":0,"comment_status":"closed","ping_status":"closed","template":"page-basique-content.php","meta":{"_acf_changed":false,"footnotes":""},"class_list":["post-2661","page","type-page","status-publish","has-post-thumbnail","hentry"],"acf":[],"yoast_head":"<!-- This site is optimized with the Yoast SEO plugin v27.4 - https:\/\/yoast.com\/product\/yoast-seo-wordpress\/ -->\n<title>Professionelle Verpackung | Schutz Ihrer Industrieg\u00fcter | Ripack<\/title>\n<meta name=\"description\" content=\"Entdecken Sie unseren professionellen Schutz f\u00fcr Industrieg\u00fcter. Professionelle Verpackung. 40 Jahre Erfahrung. Maximale Sicherheit.1 Jahr Garantie auf Ersatzteile und Reparatur.\" \/>\n<meta name=\"robots\" content=\"index, follow, max-snippet:-1, max-image-preview:large, max-video-preview:-1\" \/>\n<link rel=\"canonical\" href=\"https:\/\/ripack.com\/de\/unsere-anwendungen\/schutz-von-industrieguetern\/\" \/>\n<meta property=\"og:locale\" content=\"de_DE\" \/>\n<meta property=\"og:type\" content=\"article\" \/>\n<meta property=\"og:title\" content=\"Professionelle Verpackung | Schutz Ihrer Industrieg\u00fcter | Ripack\" \/>\n<meta property=\"og:description\" content=\"Entdecken Sie unseren professionellen Schutz f\u00fcr Industrieg\u00fcter. Professionelle Verpackung. 40 Jahre Erfahrung. Maximale Sicherheit.1 Jahr Garantie auf Ersatzteile und Reparatur.\" \/>\n<meta property=\"og:url\" content=\"https:\/\/ripack.com\/de\/unsere-anwendungen\/schutz-von-industrieguetern\/\" \/>\n<meta property=\"og:site_name\" content=\"ripack\" \/>\n<meta property=\"article:modified_time\" content=\"2025-05-05T14:21:17+00:00\" \/>\n<meta property=\"og:image\" content=\"https:\/\/ripack.com\/wp-content\/uploads\/2019\/06\/protection-bien-industriels-thumb.jpg\" \/>\n\t<meta property=\"og:image:width\" content=\"200\" \/>\n\t<meta property=\"og:image:height\" content=\"200\" \/>\n\t<meta property=\"og:image:type\" content=\"image\/jpeg\" \/>\n<meta name=\"twitter:card\" content=\"summary_large_image\" \/>\n<meta name=\"twitter:label1\" content=\"Gesch\u00e4tzte Lesezeit\" \/>\n\t<meta name=\"twitter:data1\" content=\"1\u00a0Minute\" \/>\n<script type=\"application\/ld+json\" class=\"yoast-schema-graph\">{\"@context\":\"https:\\\/\\\/schema.org\",\"@graph\":[{\"@type\":\"WebPage\",\"@id\":\"https:\\\/\\\/ripack.com\\\/de\\\/unsere-anwendungen\\\/schutz-von-industrieguetern\\\/\",\"url\":\"https:\\\/\\\/ripack.com\\\/de\\\/unsere-anwendungen\\\/schutz-von-industrieguetern\\\/\",\"name\":\"Professionelle Verpackung | Schutz Ihrer Industrieg\u00fcter | Ripack\",\"isPartOf\":{\"@id\":\"https:\\\/\\\/ripack.com\\\/#website\"},\"primaryImageOfPage\":{\"@id\":\"https:\\\/\\\/ripack.com\\\/de\\\/unsere-anwendungen\\\/schutz-von-industrieguetern\\\/#primaryimage\"},\"image\":{\"@id\":\"https:\\\/\\\/ripack.com\\\/de\\\/unsere-anwendungen\\\/schutz-von-industrieguetern\\\/#primaryimage\"},\"thumbnailUrl\":\"https:\\\/\\\/ripack.com\\\/wp-content\\\/uploads\\\/2019\\\/06\\\/protection-bien-industriels-thumb.jpg\",\"datePublished\":\"2019-05-27T13:34:16+00:00\",\"dateModified\":\"2025-05-05T14:21:17+00:00\",\"description\":\"Entdecken Sie unseren professionellen Schutz f\u00fcr Industrieg\u00fcter. Professionelle Verpackung. 40 Jahre Erfahrung. Maximale Sicherheit.1 Jahr Garantie auf Ersatzteile und Reparatur.\",\"breadcrumb\":{\"@id\":\"https:\\\/\\\/ripack.com\\\/de\\\/unsere-anwendungen\\\/schutz-von-industrieguetern\\\/#breadcrumb\"},\"inLanguage\":\"de\",\"potentialAction\":[{\"@type\":\"ReadAction\",\"target\":[\"https:\\\/\\\/ripack.com\\\/de\\\/unsere-anwendungen\\\/schutz-von-industrieguetern\\\/\"]}]},{\"@type\":\"ImageObject\",\"inLanguage\":\"de\",\"@id\":\"https:\\\/\\\/ripack.com\\\/de\\\/unsere-anwendungen\\\/schutz-von-industrieguetern\\\/#primaryimage\",\"url\":\"https:\\\/\\\/ripack.com\\\/wp-content\\\/uploads\\\/2019\\\/06\\\/protection-bien-industriels-thumb.jpg\",\"contentUrl\":\"https:\\\/\\\/ripack.com\\\/wp-content\\\/uploads\\\/2019\\\/06\\\/protection-bien-industriels-thumb.jpg\",\"width\":200,\"height\":200,\"caption\":\"Emballage de protection des biens industriels Ripack\"},{\"@type\":\"BreadcrumbList\",\"@id\":\"https:\\\/\\\/ripack.com\\\/de\\\/unsere-anwendungen\\\/schutz-von-industrieguetern\\\/#breadcrumb\",\"itemListElement\":[{\"@type\":\"ListItem\",\"position\":1,\"name\":\"Accueil\",\"item\":\"https:\\\/\\\/ripack.com\\\/de\\\/\"},{\"@type\":\"ListItem\",\"position\":2,\"name\":\"Unsere Anwendungen\",\"item\":\"https:\\\/\\\/ripack.com\\\/de\\\/unsere-anwendungen\\\/\"},{\"@type\":\"ListItem\",\"position\":3,\"name\":\"schutz von industrieg\u00fctern\"}]},{\"@type\":\"WebSite\",\"@id\":\"https:\\\/\\\/ripack.com\\\/#website\",\"url\":\"https:\\\/\\\/ripack.com\\\/\",\"name\":\"ripack\",\"description\":\"Un site utilisant WordPress\",\"potentialAction\":[{\"@type\":\"SearchAction\",\"target\":{\"@type\":\"EntryPoint\",\"urlTemplate\":\"https:\\\/\\\/ripack.com\\\/?s={search_term_string}\"},\"query-input\":{\"@type\":\"PropertyValueSpecification\",\"valueRequired\":true,\"valueName\":\"search_term_string\"}}],\"inLanguage\":\"de\"}]}<\/script>\n<!-- \/ Yoast SEO plugin. -->","yoast_head_json":{"title":"Professionelle Verpackung | Schutz Ihrer Industrieg\u00fcter | Ripack","description":"Entdecken Sie unseren professionellen Schutz f\u00fcr Industrieg\u00fcter. Professionelle Verpackung. 40 Jahre Erfahrung. Maximale Sicherheit.1 Jahr Garantie auf Ersatzteile und Reparatur.","robots":{"index":"index","follow":"follow","max-snippet":"max-snippet:-1","max-image-preview":"max-image-preview:large","max-video-preview":"max-video-preview:-1"},"canonical":"https:\/\/ripack.com\/de\/unsere-anwendungen\/schutz-von-industrieguetern\/","og_locale":"de_DE","og_type":"article","og_title":"Professionelle Verpackung | Schutz Ihrer Industrieg\u00fcter | Ripack","og_description":"Entdecken Sie unseren professionellen Schutz f\u00fcr Industrieg\u00fcter. Professionelle Verpackung. 40 Jahre Erfahrung. Maximale Sicherheit.1 Jahr Garantie auf Ersatzteile und Reparatur.","og_url":"https:\/\/ripack.com\/de\/unsere-anwendungen\/schutz-von-industrieguetern\/","og_site_name":"ripack","article_modified_time":"2025-05-05T14:21:17+00:00","og_image":[{"width":200,"height":200,"url":"https:\/\/ripack.com\/wp-content\/uploads\/2019\/06\/protection-bien-industriels-thumb.jpg","type":"image\/jpeg"}],"twitter_card":"summary_large_image","twitter_misc":{"Gesch\u00e4tzte Lesezeit":"1\u00a0Minute"},"schema":{"@context":"https:\/\/schema.org","@graph":[{"@type":"WebPage","@id":"https:\/\/ripack.com\/de\/unsere-anwendungen\/schutz-von-industrieguetern\/","url":"https:\/\/ripack.com\/de\/unsere-anwendungen\/schutz-von-industrieguetern\/","name":"Professionelle Verpackung | Schutz Ihrer Industrieg\u00fcter | Ripack","isPartOf":{"@id":"https:\/\/ripack.com\/#website"},"primaryImageOfPage":{"@id":"https:\/\/ripack.com\/de\/unsere-anwendungen\/schutz-von-industrieguetern\/#primaryimage"},"image":{"@id":"https:\/\/ripack.com\/de\/unsere-anwendungen\/schutz-von-industrieguetern\/#primaryimage"},"thumbnailUrl":"https:\/\/ripack.com\/wp-content\/uploads\/2019\/06\/protection-bien-industriels-thumb.jpg","datePublished":"2019-05-27T13:34:16+00:00","dateModified":"2025-05-05T14:21:17+00:00","description":"Entdecken Sie unseren professionellen Schutz f\u00fcr Industrieg\u00fcter. Professionelle Verpackung. 40 Jahre Erfahrung. Maximale Sicherheit.1 Jahr Garantie auf Ersatzteile und Reparatur.","breadcrumb":{"@id":"https:\/\/ripack.com\/de\/unsere-anwendungen\/schutz-von-industrieguetern\/#breadcrumb"},"inLanguage":"de","potentialAction":[{"@type":"ReadAction","target":["https:\/\/ripack.com\/de\/unsere-anwendungen\/schutz-von-industrieguetern\/"]}]},{"@type":"ImageObject","inLanguage":"de","@id":"https:\/\/ripack.com\/de\/unsere-anwendungen\/schutz-von-industrieguetern\/#primaryimage","url":"https:\/\/ripack.com\/wp-content\/uploads\/2019\/06\/protection-bien-industriels-thumb.jpg","contentUrl":"https:\/\/ripack.com\/wp-content\/uploads\/2019\/06\/protection-bien-industriels-thumb.jpg","width":200,"height":200,"caption":"Emballage de protection des biens industriels Ripack"},{"@type":"BreadcrumbList","@id":"https:\/\/ripack.com\/de\/unsere-anwendungen\/schutz-von-industrieguetern\/#breadcrumb","itemListElement":[{"@type":"ListItem","position":1,"name":"Accueil","item":"https:\/\/ripack.com\/de\/"},{"@type":"ListItem","position":2,"name":"Unsere Anwendungen","item":"https:\/\/ripack.com\/de\/unsere-anwendungen\/"},{"@type":"ListItem","position":3,"name":"schutz von industrieg\u00fctern"}]},{"@type":"WebSite","@id":"https:\/\/ripack.com\/#website","url":"https:\/\/ripack.com\/","name":"ripack","description":"Un site utilisant WordPress","potentialAction":[{"@type":"SearchAction","target":{"@type":"EntryPoint","urlTemplate":"https:\/\/ripack.com\/?s={search_term_string}"},"query-input":{"@type":"PropertyValueSpecification","valueRequired":true,"valueName":"search_term_string"}}],"inLanguage":"de"}]}},"_links":{"self":[{"href":"https:\/\/ripack.com\/de\/wp-json\/wp\/v2\/pages\/2661","targetHints":{"allow":["GET"]}}],"collection":[{"href":"https:\/\/ripack.com\/de\/wp-json\/wp\/v2\/pages"}],"about":[{"href":"https:\/\/ripack.com\/de\/wp-json\/wp\/v2\/types\/page"}],"author":[{"embeddable":true,"href":"https:\/\/ripack.com\/de\/wp-json\/wp\/v2\/users\/1"}],"replies":[{"embeddable":true,"href":"https:\/\/ripack.com\/de\/wp-json\/wp\/v2\/comments?post=2661"}],"version-history":[{"count":8,"href":"https:\/\/ripack.com\/de\/wp-json\/wp\/v2\/pages\/2661\/revisions"}],"predecessor-version":[{"id":11567,"href":"https:\/\/ripack.com\/de\/wp-json\/wp\/v2\/pages\/2661\/revisions\/11567"}],"up":[{"embeddable":true,"href":"https:\/\/ripack.com\/de\/wp-json\/wp\/v2\/pages\/2652"}],"wp:featuredmedia":[{"embeddable":true,"href":"https:\/\/ripack.com\/de\/wp-json\/wp\/v2\/media\/1169"}],"wp:attachment":[{"href":"https:\/\/ripack.com\/de\/wp-json\/wp\/v2\/media?parent=2661"}],"curies":[{"name":"wp","href":"https:\/\/api.w.org\/{rel}","templated":true}]}}