{"id":2673,"date":"2019-05-27T15:36:28","date_gmt":"2019-05-27T13:36:28","guid":{"rendered":"https:\/\/ripack.com\/?page_id=2673"},"modified":"2025-05-23T15:33:29","modified_gmt":"2025-05-23T13:33:29","slug":"schrumpffolie","status":"publish","type":"page","link":"https:\/\/ripack.com\/de\/schrumpffolie\/","title":{"rendered":"Schrumpffolie"},"content":{"rendered":"<p>Die Schrumpffolie hat &#8211; je nach Design &#8211; unterschiedlichste Eigenschaften. Sie eignet sich hervorragend zum Schutz unterschiedlichster Produkte, denn sie gew\u00e4hrleistet einen festen und geeigneten Halt bei Transport und Lagerung und sch\u00fctzt gleichzeitig vor \u00e4u\u00dferen Angriffen, schlechter Witterung, Schmutz usw.<\/p>\n","protected":false},"excerpt":{"rendered":"<p>Die Schrumpffolie hat &#8211; je nach Design &#8211; unterschiedlichste Eigenschaften. Sie eignet sich hervorragend zum Schutz unterschiedlichster Produkte, denn sie gew\u00e4hrleistet einen festen und geeigneten Halt bei Transport und Lagerung und sch\u00fctzt gleichzeitig vor \u00e4u\u00dferen Angriffen, schlechter Witterung, Schmutz usw.<\/p>\n","protected":false},"author":1,"featured_media":1419,"parent":0,"menu_order":3,"comment_status":"closed","ping_status":"closed","template":"page-film-retractable-parent.php","meta":{"_acf_changed":false,"footnotes":""},"class_list":["post-2673","page","type-page","status-publish","has-post-thumbnail","hentry"],"acf":[],"yoast_head":"<!-- This site is optimized with the Yoast SEO plugin v27.3 - https:\/\/yoast.com\/product\/yoast-seo-wordpress\/ -->\n<title>Schrumpffolie | Professionnelle Verpackung Ihrer G\u00fcter | Ripack<\/title>\n<meta name=\"description\" content=\"Sch\u00fctzen Sie Ihre Ware mit Schrumpffolie. Eine alternative L\u00f6sung, effektiv und wirtschaftlich. Professionelle Verpackung. 40 ans d\u2019exp\u00e9rience. 1 Jahr Garantie auf Ersatzteile und Reparatur.\" \/>\n<meta name=\"robots\" content=\"index, follow, max-snippet:-1, max-image-preview:large, max-video-preview:-1\" \/>\n<link rel=\"canonical\" href=\"https:\/\/ripack.com\/de\/schrumpffolie\/\" \/>\n<meta property=\"og:locale\" content=\"de_DE\" \/>\n<meta property=\"og:type\" content=\"article\" \/>\n<meta property=\"og:title\" content=\"Schrumpffolie | Professionnelle Verpackung Ihrer G\u00fcter | Ripack\" \/>\n<meta property=\"og:description\" content=\"Sch\u00fctzen Sie Ihre Ware mit Schrumpffolie. Eine alternative L\u00f6sung, effektiv und wirtschaftlich. Professionelle Verpackung. 40 ans d\u2019exp\u00e9rience. 1 Jahr Garantie auf Ersatzteile und Reparatur.\" \/>\n<meta property=\"og:url\" content=\"https:\/\/ripack.com\/de\/schrumpffolie\/\" \/>\n<meta property=\"og:site_name\" content=\"ripack\" \/>\n<meta property=\"article:modified_time\" content=\"2025-05-23T13:33:29+00:00\" \/>\n<meta property=\"og:image\" content=\"https:\/\/ripack.com\/wp-content\/uploads\/2019\/07\/film-retractable-polypropene-thumb.jpg\" \/>\n\t<meta property=\"og:image:width\" content=\"200\" \/>\n\t<meta property=\"og:image:height\" content=\"200\" \/>\n\t<meta property=\"og:image:type\" content=\"image\/jpeg\" \/>\n<meta name=\"twitter:card\" content=\"summary_large_image\" \/>\n<meta name=\"twitter:label1\" content=\"Gesch\u00e4tzte Lesezeit\" \/>\n\t<meta name=\"twitter:data1\" content=\"1\u00a0Minute\" \/>\n<script type=\"application\/ld+json\" class=\"yoast-schema-graph\">{\"@context\":\"https:\\\/\\\/schema.org\",\"@graph\":[{\"@type\":\"WebPage\",\"@id\":\"https:\\\/\\\/ripack.com\\\/de\\\/schrumpffolie\\\/\",\"url\":\"https:\\\/\\\/ripack.com\\\/de\\\/schrumpffolie\\\/\",\"name\":\"Schrumpffolie | Professionnelle Verpackung Ihrer G\u00fcter | Ripack\",\"isPartOf\":{\"@id\":\"https:\\\/\\\/ripack.com\\\/#website\"},\"primaryImageOfPage\":{\"@id\":\"https:\\\/\\\/ripack.com\\\/de\\\/schrumpffolie\\\/#primaryimage\"},\"image\":{\"@id\":\"https:\\\/\\\/ripack.com\\\/de\\\/schrumpffolie\\\/#primaryimage\"},\"thumbnailUrl\":\"https:\\\/\\\/ripack.com\\\/wp-content\\\/uploads\\\/2019\\\/07\\\/film-retractable-polypropene-thumb.jpg\",\"datePublished\":\"2019-05-27T13:36:28+00:00\",\"dateModified\":\"2025-05-23T13:33:29+00:00\",\"description\":\"Sch\u00fctzen Sie Ihre Ware mit Schrumpffolie. Eine alternative L\u00f6sung, effektiv und wirtschaftlich. Professionelle Verpackung. 40 ans d\u2019exp\u00e9rience. 1 Jahr Garantie auf Ersatzteile und Reparatur.\",\"breadcrumb\":{\"@id\":\"https:\\\/\\\/ripack.com\\\/de\\\/schrumpffolie\\\/#breadcrumb\"},\"inLanguage\":\"de\",\"potentialAction\":[{\"@type\":\"ReadAction\",\"target\":[\"https:\\\/\\\/ripack.com\\\/de\\\/schrumpffolie\\\/\"]}]},{\"@type\":\"ImageObject\",\"inLanguage\":\"de\",\"@id\":\"https:\\\/\\\/ripack.com\\\/de\\\/schrumpffolie\\\/#primaryimage\",\"url\":\"https:\\\/\\\/ripack.com\\\/wp-content\\\/uploads\\\/2019\\\/07\\\/film-retractable-polypropene-thumb.jpg\",\"contentUrl\":\"https:\\\/\\\/ripack.com\\\/wp-content\\\/uploads\\\/2019\\\/07\\\/film-retractable-polypropene-thumb.jpg\",\"width\":200,\"height\":200,\"caption\":\"Film r\u00e9tractable Ripack\"},{\"@type\":\"BreadcrumbList\",\"@id\":\"https:\\\/\\\/ripack.com\\\/de\\\/schrumpffolie\\\/#breadcrumb\",\"itemListElement\":[{\"@type\":\"ListItem\",\"position\":1,\"name\":\"Accueil\",\"item\":\"https:\\\/\\\/ripack.com\\\/de\\\/\"},{\"@type\":\"ListItem\",\"position\":2,\"name\":\"Schrumpffolie\"}]},{\"@type\":\"WebSite\",\"@id\":\"https:\\\/\\\/ripack.com\\\/#website\",\"url\":\"https:\\\/\\\/ripack.com\\\/\",\"name\":\"ripack\",\"description\":\"Un site utilisant WordPress\",\"potentialAction\":[{\"@type\":\"SearchAction\",\"target\":{\"@type\":\"EntryPoint\",\"urlTemplate\":\"https:\\\/\\\/ripack.com\\\/?s={search_term_string}\"},\"query-input\":{\"@type\":\"PropertyValueSpecification\",\"valueRequired\":true,\"valueName\":\"search_term_string\"}}],\"inLanguage\":\"de\"}]}<\/script>\n<!-- \/ Yoast SEO plugin. -->","yoast_head_json":{"title":"Schrumpffolie | Professionnelle Verpackung Ihrer G\u00fcter | Ripack","description":"Sch\u00fctzen Sie Ihre Ware mit Schrumpffolie. Eine alternative L\u00f6sung, effektiv und wirtschaftlich. Professionelle Verpackung. 40 ans d\u2019exp\u00e9rience. 1 Jahr Garantie auf Ersatzteile und Reparatur.","robots":{"index":"index","follow":"follow","max-snippet":"max-snippet:-1","max-image-preview":"max-image-preview:large","max-video-preview":"max-video-preview:-1"},"canonical":"https:\/\/ripack.com\/de\/schrumpffolie\/","og_locale":"de_DE","og_type":"article","og_title":"Schrumpffolie | Professionnelle Verpackung Ihrer G\u00fcter | Ripack","og_description":"Sch\u00fctzen Sie Ihre Ware mit Schrumpffolie. Eine alternative L\u00f6sung, effektiv und wirtschaftlich. Professionelle Verpackung. 40 ans d\u2019exp\u00e9rience. 1 Jahr Garantie auf Ersatzteile und Reparatur.","og_url":"https:\/\/ripack.com\/de\/schrumpffolie\/","og_site_name":"ripack","article_modified_time":"2025-05-23T13:33:29+00:00","og_image":[{"width":200,"height":200,"url":"https:\/\/ripack.com\/wp-content\/uploads\/2019\/07\/film-retractable-polypropene-thumb.jpg","type":"image\/jpeg"}],"twitter_card":"summary_large_image","twitter_misc":{"Gesch\u00e4tzte Lesezeit":"1\u00a0Minute"},"schema":{"@context":"https:\/\/schema.org","@graph":[{"@type":"WebPage","@id":"https:\/\/ripack.com\/de\/schrumpffolie\/","url":"https:\/\/ripack.com\/de\/schrumpffolie\/","name":"Schrumpffolie | Professionnelle Verpackung Ihrer G\u00fcter | Ripack","isPartOf":{"@id":"https:\/\/ripack.com\/#website"},"primaryImageOfPage":{"@id":"https:\/\/ripack.com\/de\/schrumpffolie\/#primaryimage"},"image":{"@id":"https:\/\/ripack.com\/de\/schrumpffolie\/#primaryimage"},"thumbnailUrl":"https:\/\/ripack.com\/wp-content\/uploads\/2019\/07\/film-retractable-polypropene-thumb.jpg","datePublished":"2019-05-27T13:36:28+00:00","dateModified":"2025-05-23T13:33:29+00:00","description":"Sch\u00fctzen Sie Ihre Ware mit Schrumpffolie. Eine alternative L\u00f6sung, effektiv und wirtschaftlich. Professionelle Verpackung. 40 ans d\u2019exp\u00e9rience. 1 Jahr Garantie auf Ersatzteile und Reparatur.","breadcrumb":{"@id":"https:\/\/ripack.com\/de\/schrumpffolie\/#breadcrumb"},"inLanguage":"de","potentialAction":[{"@type":"ReadAction","target":["https:\/\/ripack.com\/de\/schrumpffolie\/"]}]},{"@type":"ImageObject","inLanguage":"de","@id":"https:\/\/ripack.com\/de\/schrumpffolie\/#primaryimage","url":"https:\/\/ripack.com\/wp-content\/uploads\/2019\/07\/film-retractable-polypropene-thumb.jpg","contentUrl":"https:\/\/ripack.com\/wp-content\/uploads\/2019\/07\/film-retractable-polypropene-thumb.jpg","width":200,"height":200,"caption":"Film r\u00e9tractable Ripack"},{"@type":"BreadcrumbList","@id":"https:\/\/ripack.com\/de\/schrumpffolie\/#breadcrumb","itemListElement":[{"@type":"ListItem","position":1,"name":"Accueil","item":"https:\/\/ripack.com\/de\/"},{"@type":"ListItem","position":2,"name":"Schrumpffolie"}]},{"@type":"WebSite","@id":"https:\/\/ripack.com\/#website","url":"https:\/\/ripack.com\/","name":"ripack","description":"Un site utilisant WordPress","potentialAction":[{"@type":"SearchAction","target":{"@type":"EntryPoint","urlTemplate":"https:\/\/ripack.com\/?s={search_term_string}"},"query-input":{"@type":"PropertyValueSpecification","valueRequired":true,"valueName":"search_term_string"}}],"inLanguage":"de"}]}},"_links":{"self":[{"href":"https:\/\/ripack.com\/de\/wp-json\/wp\/v2\/pages\/2673","targetHints":{"allow":["GET"]}}],"collection":[{"href":"https:\/\/ripack.com\/de\/wp-json\/wp\/v2\/pages"}],"about":[{"href":"https:\/\/ripack.com\/de\/wp-json\/wp\/v2\/types\/page"}],"author":[{"embeddable":true,"href":"https:\/\/ripack.com\/de\/wp-json\/wp\/v2\/users\/1"}],"replies":[{"embeddable":true,"href":"https:\/\/ripack.com\/de\/wp-json\/wp\/v2\/comments?post=2673"}],"version-history":[{"count":7,"href":"https:\/\/ripack.com\/de\/wp-json\/wp\/v2\/pages\/2673\/revisions"}],"predecessor-version":[{"id":11623,"href":"https:\/\/ripack.com\/de\/wp-json\/wp\/v2\/pages\/2673\/revisions\/11623"}],"wp:featuredmedia":[{"embeddable":true,"href":"https:\/\/ripack.com\/de\/wp-json\/wp\/v2\/media\/1419"}],"wp:attachment":[{"href":"https:\/\/ripack.com\/de\/wp-json\/wp\/v2\/media?parent=2673"}],"curies":[{"name":"wp","href":"https:\/\/api.w.org\/{rel}","templated":true}]}}