{"id":2679,"date":"2019-05-27T15:41:17","date_gmt":"2019-05-27T13:41:17","guid":{"rendered":"https:\/\/ripack.com\/?page_id=2679"},"modified":"2024-01-29T14:27:19","modified_gmt":"2024-01-29T13:27:19","slug":"ldpe-flachschrumpffolie","status":"publish","type":"page","link":"https:\/\/ripack.com\/de\/schrumpffolie\/ldpe-flachschrumpffolie\/","title":{"rendered":"LDPE-Flachschrumpffolie"},"content":{"rendered":"<p>Eine \u201eflache&#8220; Schrumpffolie ist eine Bahn aus nahtloser, gefalteter oder ungefalteter LDPE-Folie, die in verschiedenen Breiten und L\u00e4ngen erh\u00e4ltlich und auf einen rohrf\u00f6rmigen Dorn gewickelt ist.<\/p>\n","protected":false},"excerpt":{"rendered":"<p>Eine \u201eflache&#8220; Schrumpffolie ist eine Bahn aus nahtloser, gefalteter oder ungefalteter LDPE-Folie, die in verschiedenen Breiten und L\u00e4ngen erh\u00e4ltlich und auf einen rohrf\u00f6rmigen Dorn gewickelt ist.<\/p>\n","protected":false},"author":1,"featured_media":0,"parent":2673,"menu_order":0,"comment_status":"closed","ping_status":"closed","template":"page-basique-content.php","meta":{"_acf_changed":false,"footnotes":""},"class_list":["post-2679","page","type-page","status-publish","hentry"],"acf":[],"yoast_head":"<!-- This site is optimized with the Yoast SEO plugin v27.4 - https:\/\/yoast.com\/product\/yoast-seo-wordpress\/ -->\n<title>Professionelle Verpackung | Flachschrumpffolie| Ripack<\/title>\n<meta name=\"description\" content=\"Sch\u00fctzen Sie Ihre Produkte in allen Gr\u00f6\u00dfen dank der Flachschrumpffolie. Eine effektive und professionelle L\u00f6sung. 40 Jahre Erfahrung.1 Jahr Garantie auf Ersatzteile und Reparatur.\" \/>\n<meta name=\"robots\" content=\"index, follow, max-snippet:-1, max-image-preview:large, max-video-preview:-1\" \/>\n<link rel=\"canonical\" href=\"https:\/\/ripack.com\/de\/schrumpffolie\/ldpe-flachschrumpffolie\/\" \/>\n<meta property=\"og:locale\" content=\"de_DE\" \/>\n<meta property=\"og:type\" content=\"article\" \/>\n<meta property=\"og:title\" content=\"Professionelle Verpackung | Flachschrumpffolie| Ripack\" \/>\n<meta property=\"og:description\" content=\"Sch\u00fctzen Sie Ihre Produkte in allen Gr\u00f6\u00dfen dank der Flachschrumpffolie. Eine effektive und professionelle L\u00f6sung. 40 Jahre Erfahrung.1 Jahr Garantie auf Ersatzteile und Reparatur.\" \/>\n<meta property=\"og:url\" content=\"https:\/\/ripack.com\/de\/schrumpffolie\/ldpe-flachschrumpffolie\/\" \/>\n<meta property=\"og:site_name\" content=\"ripack\" \/>\n<meta property=\"article:modified_time\" content=\"2024-01-29T13:27:19+00:00\" \/>\n<meta name=\"twitter:card\" content=\"summary_large_image\" \/>\n<meta name=\"twitter:label1\" content=\"Gesch\u00e4tzte Lesezeit\" \/>\n\t<meta name=\"twitter:data1\" content=\"1\u00a0Minute\" \/>\n<script type=\"application\/ld+json\" class=\"yoast-schema-graph\">{\"@context\":\"https:\\\/\\\/schema.org\",\"@graph\":[{\"@type\":\"WebPage\",\"@id\":\"https:\\\/\\\/ripack.com\\\/de\\\/schrumpffolie\\\/ldpe-flachschrumpffolie\\\/\",\"url\":\"https:\\\/\\\/ripack.com\\\/de\\\/schrumpffolie\\\/ldpe-flachschrumpffolie\\\/\",\"name\":\"Professionelle Verpackung | Flachschrumpffolie| Ripack\",\"isPartOf\":{\"@id\":\"https:\\\/\\\/ripack.com\\\/#website\"},\"datePublished\":\"2019-05-27T13:41:17+00:00\",\"dateModified\":\"2024-01-29T13:27:19+00:00\",\"description\":\"Sch\u00fctzen Sie Ihre Produkte in allen Gr\u00f6\u00dfen dank der Flachschrumpffolie. Eine effektive und professionelle L\u00f6sung. 40 Jahre Erfahrung.1 Jahr Garantie auf Ersatzteile und Reparatur.\",\"breadcrumb\":{\"@id\":\"https:\\\/\\\/ripack.com\\\/de\\\/schrumpffolie\\\/ldpe-flachschrumpffolie\\\/#breadcrumb\"},\"inLanguage\":\"de\",\"potentialAction\":[{\"@type\":\"ReadAction\",\"target\":[\"https:\\\/\\\/ripack.com\\\/de\\\/schrumpffolie\\\/ldpe-flachschrumpffolie\\\/\"]}]},{\"@type\":\"BreadcrumbList\",\"@id\":\"https:\\\/\\\/ripack.com\\\/de\\\/schrumpffolie\\\/ldpe-flachschrumpffolie\\\/#breadcrumb\",\"itemListElement\":[{\"@type\":\"ListItem\",\"position\":1,\"name\":\"Accueil\",\"item\":\"https:\\\/\\\/ripack.com\\\/de\\\/\"},{\"@type\":\"ListItem\",\"position\":2,\"name\":\"Schrumpffolie\",\"item\":\"https:\\\/\\\/ripack.com\\\/de\\\/schrumpffolie\\\/\"},{\"@type\":\"ListItem\",\"position\":3,\"name\":\"LDPE-Flachschrumpffolie\"}]},{\"@type\":\"WebSite\",\"@id\":\"https:\\\/\\\/ripack.com\\\/#website\",\"url\":\"https:\\\/\\\/ripack.com\\\/\",\"name\":\"ripack\",\"description\":\"Un site utilisant WordPress\",\"potentialAction\":[{\"@type\":\"SearchAction\",\"target\":{\"@type\":\"EntryPoint\",\"urlTemplate\":\"https:\\\/\\\/ripack.com\\\/?s={search_term_string}\"},\"query-input\":{\"@type\":\"PropertyValueSpecification\",\"valueRequired\":true,\"valueName\":\"search_term_string\"}}],\"inLanguage\":\"de\"}]}<\/script>\n<!-- \/ Yoast SEO plugin. -->","yoast_head_json":{"title":"Professionelle Verpackung | Flachschrumpffolie| Ripack","description":"Sch\u00fctzen Sie Ihre Produkte in allen Gr\u00f6\u00dfen dank der Flachschrumpffolie. Eine effektive und professionelle L\u00f6sung. 40 Jahre Erfahrung.1 Jahr Garantie auf Ersatzteile und Reparatur.","robots":{"index":"index","follow":"follow","max-snippet":"max-snippet:-1","max-image-preview":"max-image-preview:large","max-video-preview":"max-video-preview:-1"},"canonical":"https:\/\/ripack.com\/de\/schrumpffolie\/ldpe-flachschrumpffolie\/","og_locale":"de_DE","og_type":"article","og_title":"Professionelle Verpackung | Flachschrumpffolie| Ripack","og_description":"Sch\u00fctzen Sie Ihre Produkte in allen Gr\u00f6\u00dfen dank der Flachschrumpffolie. Eine effektive und professionelle L\u00f6sung. 40 Jahre Erfahrung.1 Jahr Garantie auf Ersatzteile und Reparatur.","og_url":"https:\/\/ripack.com\/de\/schrumpffolie\/ldpe-flachschrumpffolie\/","og_site_name":"ripack","article_modified_time":"2024-01-29T13:27:19+00:00","twitter_card":"summary_large_image","twitter_misc":{"Gesch\u00e4tzte Lesezeit":"1\u00a0Minute"},"schema":{"@context":"https:\/\/schema.org","@graph":[{"@type":"WebPage","@id":"https:\/\/ripack.com\/de\/schrumpffolie\/ldpe-flachschrumpffolie\/","url":"https:\/\/ripack.com\/de\/schrumpffolie\/ldpe-flachschrumpffolie\/","name":"Professionelle Verpackung | Flachschrumpffolie| Ripack","isPartOf":{"@id":"https:\/\/ripack.com\/#website"},"datePublished":"2019-05-27T13:41:17+00:00","dateModified":"2024-01-29T13:27:19+00:00","description":"Sch\u00fctzen Sie Ihre Produkte in allen Gr\u00f6\u00dfen dank der Flachschrumpffolie. Eine effektive und professionelle L\u00f6sung. 40 Jahre Erfahrung.1 Jahr Garantie auf Ersatzteile und Reparatur.","breadcrumb":{"@id":"https:\/\/ripack.com\/de\/schrumpffolie\/ldpe-flachschrumpffolie\/#breadcrumb"},"inLanguage":"de","potentialAction":[{"@type":"ReadAction","target":["https:\/\/ripack.com\/de\/schrumpffolie\/ldpe-flachschrumpffolie\/"]}]},{"@type":"BreadcrumbList","@id":"https:\/\/ripack.com\/de\/schrumpffolie\/ldpe-flachschrumpffolie\/#breadcrumb","itemListElement":[{"@type":"ListItem","position":1,"name":"Accueil","item":"https:\/\/ripack.com\/de\/"},{"@type":"ListItem","position":2,"name":"Schrumpffolie","item":"https:\/\/ripack.com\/de\/schrumpffolie\/"},{"@type":"ListItem","position":3,"name":"LDPE-Flachschrumpffolie"}]},{"@type":"WebSite","@id":"https:\/\/ripack.com\/#website","url":"https:\/\/ripack.com\/","name":"ripack","description":"Un site utilisant WordPress","potentialAction":[{"@type":"SearchAction","target":{"@type":"EntryPoint","urlTemplate":"https:\/\/ripack.com\/?s={search_term_string}"},"query-input":{"@type":"PropertyValueSpecification","valueRequired":true,"valueName":"search_term_string"}}],"inLanguage":"de"}]}},"_links":{"self":[{"href":"https:\/\/ripack.com\/de\/wp-json\/wp\/v2\/pages\/2679","targetHints":{"allow":["GET"]}}],"collection":[{"href":"https:\/\/ripack.com\/de\/wp-json\/wp\/v2\/pages"}],"about":[{"href":"https:\/\/ripack.com\/de\/wp-json\/wp\/v2\/types\/page"}],"author":[{"embeddable":true,"href":"https:\/\/ripack.com\/de\/wp-json\/wp\/v2\/users\/1"}],"replies":[{"embeddable":true,"href":"https:\/\/ripack.com\/de\/wp-json\/wp\/v2\/comments?post=2679"}],"version-history":[{"count":6,"href":"https:\/\/ripack.com\/de\/wp-json\/wp\/v2\/pages\/2679\/revisions"}],"predecessor-version":[{"id":11909,"href":"https:\/\/ripack.com\/de\/wp-json\/wp\/v2\/pages\/2679\/revisions\/11909"}],"up":[{"embeddable":true,"href":"https:\/\/ripack.com\/de\/wp-json\/wp\/v2\/pages\/2673"}],"wp:attachment":[{"href":"https:\/\/ripack.com\/de\/wp-json\/wp\/v2\/media?parent=2679"}],"curies":[{"name":"wp","href":"https:\/\/api.w.org\/{rel}","templated":true}]}}