{"id":2861,"date":"2019-05-27T15:27:53","date_gmt":"2019-05-27T13:27:53","guid":{"rendered":"https:\/\/ripack.com\/?page_id=2861"},"modified":"2025-11-14T15:42:31","modified_gmt":"2025-11-14T14:42:31","slug":"gegen-korrosion","status":"publish","type":"page","link":"https:\/\/ripack.com\/de\/unsere-loesungen\/gegen-korrosion\/","title":{"rendered":"Gegen korrosion"},"content":{"rendered":"<p>Der unbestreitbare Vorteil der Schrumpffolie besteht darin, \u201eWirkstoffe&#8220; integrieren zu k\u00f6nnen, mit denen sich die Ware beispielsweise vor Korrosion sch\u00fctzen l\u00e4sst.<\/p>\n","protected":false},"excerpt":{"rendered":"<p>Der unbestreitbare Vorteil der Schrumpffolie besteht darin, \u201eWirkstoffe&#8220; integrieren zu k\u00f6nnen, mit denen sich die Ware beispielsweise vor Korrosion sch\u00fctzen l\u00e4sst.<\/p>\n","protected":false},"author":1,"featured_media":1200,"parent":2637,"menu_order":0,"comment_status":"closed","ping_status":"closed","template":"page-basique-content.php","meta":{"_acf_changed":false,"footnotes":""},"class_list":["post-2861","page","type-page","status-publish","has-post-thumbnail","hentry"],"acf":[],"yoast_head":"<!-- This site is optimized with the Yoast SEO plugin v27.3 - https:\/\/yoast.com\/product\/yoast-seo-wordpress\/ -->\n<title>Schutzverpackung Produkte | Speziell bei Korrosion | Ripack<\/title>\n<meta name=\"description\" content=\"Entdecken Sie unsere Schutzl\u00f6sungen gegen Korrosion. Professionelle Verpackung. 40 Jahre Erfahrung. Maximale Sicherheit. 1 Jahr Garantie auf Ersatzteile und Reparatur.\" \/>\n<meta name=\"robots\" content=\"index, follow, max-snippet:-1, max-image-preview:large, max-video-preview:-1\" \/>\n<link rel=\"canonical\" href=\"https:\/\/ripack.com\/de\/unsere-loesungen\/gegen-korrosion\/\" \/>\n<meta property=\"og:locale\" content=\"de_DE\" \/>\n<meta property=\"og:type\" content=\"article\" \/>\n<meta property=\"og:title\" content=\"Schutzverpackung Produkte | Speziell bei Korrosion | Ripack\" \/>\n<meta property=\"og:description\" content=\"Entdecken Sie unsere Schutzl\u00f6sungen gegen Korrosion. Professionelle Verpackung. 40 Jahre Erfahrung. Maximale Sicherheit. 1 Jahr Garantie auf Ersatzteile und Reparatur.\" \/>\n<meta property=\"og:url\" content=\"https:\/\/ripack.com\/de\/unsere-loesungen\/gegen-korrosion\/\" \/>\n<meta property=\"og:site_name\" content=\"ripack\" \/>\n<meta property=\"article:modified_time\" content=\"2025-11-14T14:42:31+00:00\" \/>\n<meta property=\"og:image\" content=\"https:\/\/ripack.com\/wp-content\/uploads\/2019\/06\/film-retractable-protection-corrosion-thumb.jpg\" \/>\n\t<meta property=\"og:image:width\" content=\"200\" \/>\n\t<meta property=\"og:image:height\" content=\"200\" \/>\n\t<meta property=\"og:image:type\" content=\"image\/jpeg\" \/>\n<meta name=\"twitter:card\" content=\"summary_large_image\" \/>\n<meta name=\"twitter:label1\" content=\"Gesch\u00e4tzte Lesezeit\" \/>\n\t<meta name=\"twitter:data1\" content=\"1\u00a0Minute\" \/>\n<script type=\"application\/ld+json\" class=\"yoast-schema-graph\">{\"@context\":\"https:\\\/\\\/schema.org\",\"@graph\":[{\"@type\":\"WebPage\",\"@id\":\"https:\\\/\\\/ripack.com\\\/de\\\/unsere-loesungen\\\/gegen-korrosion\\\/\",\"url\":\"https:\\\/\\\/ripack.com\\\/de\\\/unsere-loesungen\\\/gegen-korrosion\\\/\",\"name\":\"Schutzverpackung Produkte | Speziell bei Korrosion | Ripack\",\"isPartOf\":{\"@id\":\"https:\\\/\\\/ripack.com\\\/#website\"},\"primaryImageOfPage\":{\"@id\":\"https:\\\/\\\/ripack.com\\\/de\\\/unsere-loesungen\\\/gegen-korrosion\\\/#primaryimage\"},\"image\":{\"@id\":\"https:\\\/\\\/ripack.com\\\/de\\\/unsere-loesungen\\\/gegen-korrosion\\\/#primaryimage\"},\"thumbnailUrl\":\"https:\\\/\\\/ripack.com\\\/wp-content\\\/uploads\\\/2019\\\/06\\\/film-retractable-protection-corrosion-thumb.jpg\",\"datePublished\":\"2019-05-27T13:27:53+00:00\",\"dateModified\":\"2025-11-14T14:42:31+00:00\",\"description\":\"Entdecken Sie unsere Schutzl\u00f6sungen gegen Korrosion. Professionelle Verpackung. 40 Jahre Erfahrung. Maximale Sicherheit. 1 Jahr Garantie auf Ersatzteile und Reparatur.\",\"breadcrumb\":{\"@id\":\"https:\\\/\\\/ripack.com\\\/de\\\/unsere-loesungen\\\/gegen-korrosion\\\/#breadcrumb\"},\"inLanguage\":\"de\",\"potentialAction\":[{\"@type\":\"ReadAction\",\"target\":[\"https:\\\/\\\/ripack.com\\\/de\\\/unsere-loesungen\\\/gegen-korrosion\\\/\"]}]},{\"@type\":\"ImageObject\",\"inLanguage\":\"de\",\"@id\":\"https:\\\/\\\/ripack.com\\\/de\\\/unsere-loesungen\\\/gegen-korrosion\\\/#primaryimage\",\"url\":\"https:\\\/\\\/ripack.com\\\/wp-content\\\/uploads\\\/2019\\\/06\\\/film-retractable-protection-corrosion-thumb.jpg\",\"contentUrl\":\"https:\\\/\\\/ripack.com\\\/wp-content\\\/uploads\\\/2019\\\/06\\\/film-retractable-protection-corrosion-thumb.jpg\",\"width\":200,\"height\":200,\"caption\":\"Film r\u00e9tractable protection anti corrosion\"},{\"@type\":\"BreadcrumbList\",\"@id\":\"https:\\\/\\\/ripack.com\\\/de\\\/unsere-loesungen\\\/gegen-korrosion\\\/#breadcrumb\",\"itemListElement\":[{\"@type\":\"ListItem\",\"position\":1,\"name\":\"Accueil\",\"item\":\"https:\\\/\\\/ripack.com\\\/de\\\/\"},{\"@type\":\"ListItem\",\"position\":2,\"name\":\"Unsere L\u00f6sungen\",\"item\":\"https:\\\/\\\/ripack.com\\\/de\\\/unsere-loesungen\\\/\"},{\"@type\":\"ListItem\",\"position\":3,\"name\":\"Gegen korrosion\"}]},{\"@type\":\"WebSite\",\"@id\":\"https:\\\/\\\/ripack.com\\\/#website\",\"url\":\"https:\\\/\\\/ripack.com\\\/\",\"name\":\"ripack\",\"description\":\"Un site utilisant WordPress\",\"potentialAction\":[{\"@type\":\"SearchAction\",\"target\":{\"@type\":\"EntryPoint\",\"urlTemplate\":\"https:\\\/\\\/ripack.com\\\/?s={search_term_string}\"},\"query-input\":{\"@type\":\"PropertyValueSpecification\",\"valueRequired\":true,\"valueName\":\"search_term_string\"}}],\"inLanguage\":\"de\"}]}<\/script>\n<!-- \/ Yoast SEO plugin. -->","yoast_head_json":{"title":"Schutzverpackung Produkte | Speziell bei Korrosion | Ripack","description":"Entdecken Sie unsere Schutzl\u00f6sungen gegen Korrosion. Professionelle Verpackung. 40 Jahre Erfahrung. Maximale Sicherheit. 1 Jahr Garantie auf Ersatzteile und Reparatur.","robots":{"index":"index","follow":"follow","max-snippet":"max-snippet:-1","max-image-preview":"max-image-preview:large","max-video-preview":"max-video-preview:-1"},"canonical":"https:\/\/ripack.com\/de\/unsere-loesungen\/gegen-korrosion\/","og_locale":"de_DE","og_type":"article","og_title":"Schutzverpackung Produkte | Speziell bei Korrosion | Ripack","og_description":"Entdecken Sie unsere Schutzl\u00f6sungen gegen Korrosion. Professionelle Verpackung. 40 Jahre Erfahrung. Maximale Sicherheit. 1 Jahr Garantie auf Ersatzteile und Reparatur.","og_url":"https:\/\/ripack.com\/de\/unsere-loesungen\/gegen-korrosion\/","og_site_name":"ripack","article_modified_time":"2025-11-14T14:42:31+00:00","og_image":[{"width":200,"height":200,"url":"https:\/\/ripack.com\/wp-content\/uploads\/2019\/06\/film-retractable-protection-corrosion-thumb.jpg","type":"image\/jpeg"}],"twitter_card":"summary_large_image","twitter_misc":{"Gesch\u00e4tzte Lesezeit":"1\u00a0Minute"},"schema":{"@context":"https:\/\/schema.org","@graph":[{"@type":"WebPage","@id":"https:\/\/ripack.com\/de\/unsere-loesungen\/gegen-korrosion\/","url":"https:\/\/ripack.com\/de\/unsere-loesungen\/gegen-korrosion\/","name":"Schutzverpackung Produkte | Speziell bei Korrosion | Ripack","isPartOf":{"@id":"https:\/\/ripack.com\/#website"},"primaryImageOfPage":{"@id":"https:\/\/ripack.com\/de\/unsere-loesungen\/gegen-korrosion\/#primaryimage"},"image":{"@id":"https:\/\/ripack.com\/de\/unsere-loesungen\/gegen-korrosion\/#primaryimage"},"thumbnailUrl":"https:\/\/ripack.com\/wp-content\/uploads\/2019\/06\/film-retractable-protection-corrosion-thumb.jpg","datePublished":"2019-05-27T13:27:53+00:00","dateModified":"2025-11-14T14:42:31+00:00","description":"Entdecken Sie unsere Schutzl\u00f6sungen gegen Korrosion. Professionelle Verpackung. 40 Jahre Erfahrung. Maximale Sicherheit. 1 Jahr Garantie auf Ersatzteile und Reparatur.","breadcrumb":{"@id":"https:\/\/ripack.com\/de\/unsere-loesungen\/gegen-korrosion\/#breadcrumb"},"inLanguage":"de","potentialAction":[{"@type":"ReadAction","target":["https:\/\/ripack.com\/de\/unsere-loesungen\/gegen-korrosion\/"]}]},{"@type":"ImageObject","inLanguage":"de","@id":"https:\/\/ripack.com\/de\/unsere-loesungen\/gegen-korrosion\/#primaryimage","url":"https:\/\/ripack.com\/wp-content\/uploads\/2019\/06\/film-retractable-protection-corrosion-thumb.jpg","contentUrl":"https:\/\/ripack.com\/wp-content\/uploads\/2019\/06\/film-retractable-protection-corrosion-thumb.jpg","width":200,"height":200,"caption":"Film r\u00e9tractable protection anti corrosion"},{"@type":"BreadcrumbList","@id":"https:\/\/ripack.com\/de\/unsere-loesungen\/gegen-korrosion\/#breadcrumb","itemListElement":[{"@type":"ListItem","position":1,"name":"Accueil","item":"https:\/\/ripack.com\/de\/"},{"@type":"ListItem","position":2,"name":"Unsere L\u00f6sungen","item":"https:\/\/ripack.com\/de\/unsere-loesungen\/"},{"@type":"ListItem","position":3,"name":"Gegen korrosion"}]},{"@type":"WebSite","@id":"https:\/\/ripack.com\/#website","url":"https:\/\/ripack.com\/","name":"ripack","description":"Un site utilisant WordPress","potentialAction":[{"@type":"SearchAction","target":{"@type":"EntryPoint","urlTemplate":"https:\/\/ripack.com\/?s={search_term_string}"},"query-input":{"@type":"PropertyValueSpecification","valueRequired":true,"valueName":"search_term_string"}}],"inLanguage":"de"}]}},"_links":{"self":[{"href":"https:\/\/ripack.com\/de\/wp-json\/wp\/v2\/pages\/2861","targetHints":{"allow":["GET"]}}],"collection":[{"href":"https:\/\/ripack.com\/de\/wp-json\/wp\/v2\/pages"}],"about":[{"href":"https:\/\/ripack.com\/de\/wp-json\/wp\/v2\/types\/page"}],"author":[{"embeddable":true,"href":"https:\/\/ripack.com\/de\/wp-json\/wp\/v2\/users\/1"}],"replies":[{"embeddable":true,"href":"https:\/\/ripack.com\/de\/wp-json\/wp\/v2\/comments?post=2861"}],"version-history":[{"count":5,"href":"https:\/\/ripack.com\/de\/wp-json\/wp\/v2\/pages\/2861\/revisions"}],"predecessor-version":[{"id":11924,"href":"https:\/\/ripack.com\/de\/wp-json\/wp\/v2\/pages\/2861\/revisions\/11924"}],"up":[{"embeddable":true,"href":"https:\/\/ripack.com\/de\/wp-json\/wp\/v2\/pages\/2637"}],"wp:featuredmedia":[{"embeddable":true,"href":"https:\/\/ripack.com\/de\/wp-json\/wp\/v2\/media\/1200"}],"wp:attachment":[{"href":"https:\/\/ripack.com\/de\/wp-json\/wp\/v2\/media?parent=2861"}],"curies":[{"name":"wp","href":"https:\/\/api.w.org\/{rel}","templated":true}]}}