{"id":3367,"date":"2019-05-28T17:38:13","date_gmt":"2019-05-28T15:38:13","guid":{"rendered":"https:\/\/ripack.com\/?page_id=3367"},"modified":"2023-10-12T14:55:23","modified_gmt":"2023-10-12T12:55:23","slug":"inicio","status":"publish","type":"page","link":"https:\/\/ripack.com\/es\/","title":{"rendered":"Inicio"},"content":{"rendered":"","protected":false},"excerpt":{"rendered":"","protected":false},"author":1,"featured_media":0,"parent":0,"menu_order":0,"comment_status":"closed","ping_status":"closed","template":"page-accueil.php","meta":{"_acf_changed":false,"footnotes":""},"class_list":["post-3367","page","type-page","status-publish","hentry"],"acf":[],"yoast_head":"<!-- This site is optimized with the Yoast SEO plugin v27.4 - https:\/\/yoast.com\/product\/yoast-seo-wordpress\/ -->\n<title>RIPACK - L\u00edder en embalaje profesional - 40 a\u00f1os de experiencia<\/title>\n<meta name=\"description\" content=\"L\u00edder en soluciones profesionales de embalaje: pistolas de retracci\u00f3n, pel\u00edculas de protecci\u00f3n contra la retracci\u00f3n, estaciones de encapuchado. 40 a\u00f1os de experiencia. 1 a\u00f1o de garant\u00eda de piezas y mano de obra.\" \/>\n<meta name=\"robots\" content=\"index, follow, max-snippet:-1, max-image-preview:large, max-video-preview:-1\" \/>\n<link rel=\"canonical\" href=\"https:\/\/ripack.com\/es\/\" \/>\n<meta property=\"og:locale\" content=\"es_ES\" \/>\n<meta property=\"og:type\" content=\"article\" \/>\n<meta property=\"og:title\" content=\"RIPACK - L\u00edder en embalaje profesional - 40 a\u00f1os de experiencia\" \/>\n<meta property=\"og:description\" content=\"L\u00edder en soluciones profesionales de embalaje: pistolas de retracci\u00f3n, pel\u00edculas de protecci\u00f3n contra la retracci\u00f3n, estaciones de encapuchado. 40 a\u00f1os de experiencia. 1 a\u00f1o de garant\u00eda de piezas y mano de obra.\" \/>\n<meta property=\"og:url\" content=\"https:\/\/ripack.com\/es\/\" \/>\n<meta property=\"og:site_name\" content=\"ripack\" \/>\n<meta property=\"article:modified_time\" content=\"2023-10-12T12:55:23+00:00\" \/>\n<meta name=\"twitter:card\" content=\"summary_large_image\" \/>\n<script type=\"application\/ld+json\" class=\"yoast-schema-graph\">{\"@context\":\"https:\\\/\\\/schema.org\",\"@graph\":[{\"@type\":\"WebPage\",\"@id\":\"https:\\\/\\\/ripack.com\\\/es\\\/\",\"url\":\"https:\\\/\\\/ripack.com\\\/es\\\/\",\"name\":\"RIPACK - L\u00edder en embalaje profesional - 40 a\u00f1os de experiencia\",\"isPartOf\":{\"@id\":\"https:\\\/\\\/ripack.com\\\/#website\"},\"datePublished\":\"2019-05-28T15:38:13+00:00\",\"dateModified\":\"2023-10-12T12:55:23+00:00\",\"description\":\"L\u00edder en soluciones profesionales de embalaje: pistolas de retracci\u00f3n, pel\u00edculas de protecci\u00f3n contra la retracci\u00f3n, estaciones de encapuchado. 40 a\u00f1os de experiencia. 1 a\u00f1o de garant\u00eda de piezas y mano de obra.\",\"breadcrumb\":{\"@id\":\"https:\\\/\\\/ripack.com\\\/es\\\/#breadcrumb\"},\"inLanguage\":\"es\",\"potentialAction\":[{\"@type\":\"ReadAction\",\"target\":[\"https:\\\/\\\/ripack.com\\\/es\\\/\"]}]},{\"@type\":\"BreadcrumbList\",\"@id\":\"https:\\\/\\\/ripack.com\\\/es\\\/#breadcrumb\",\"itemListElement\":[{\"@type\":\"ListItem\",\"position\":1,\"name\":\"Accueil\",\"item\":\"https:\\\/\\\/ripack.com\\\/es\\\/\"},{\"@type\":\"ListItem\",\"position\":2,\"name\":\"Inicio\"}]},{\"@type\":\"WebSite\",\"@id\":\"https:\\\/\\\/ripack.com\\\/#website\",\"url\":\"https:\\\/\\\/ripack.com\\\/\",\"name\":\"ripack\",\"description\":\"Un site utilisant WordPress\",\"potentialAction\":[{\"@type\":\"SearchAction\",\"target\":{\"@type\":\"EntryPoint\",\"urlTemplate\":\"https:\\\/\\\/ripack.com\\\/?s={search_term_string}\"},\"query-input\":{\"@type\":\"PropertyValueSpecification\",\"valueRequired\":true,\"valueName\":\"search_term_string\"}}],\"inLanguage\":\"es\"}]}<\/script>\n<!-- \/ Yoast SEO plugin. -->","yoast_head_json":{"title":"RIPACK - L\u00edder en embalaje profesional - 40 a\u00f1os de experiencia","description":"L\u00edder en soluciones profesionales de embalaje: pistolas de retracci\u00f3n, pel\u00edculas de protecci\u00f3n contra la retracci\u00f3n, estaciones de encapuchado. 40 a\u00f1os de experiencia. 1 a\u00f1o de garant\u00eda de piezas y mano de obra.","robots":{"index":"index","follow":"follow","max-snippet":"max-snippet:-1","max-image-preview":"max-image-preview:large","max-video-preview":"max-video-preview:-1"},"canonical":"https:\/\/ripack.com\/es\/","og_locale":"es_ES","og_type":"article","og_title":"RIPACK - L\u00edder en embalaje profesional - 40 a\u00f1os de experiencia","og_description":"L\u00edder en soluciones profesionales de embalaje: pistolas de retracci\u00f3n, pel\u00edculas de protecci\u00f3n contra la retracci\u00f3n, estaciones de encapuchado. 40 a\u00f1os de experiencia. 1 a\u00f1o de garant\u00eda de piezas y mano de obra.","og_url":"https:\/\/ripack.com\/es\/","og_site_name":"ripack","article_modified_time":"2023-10-12T12:55:23+00:00","twitter_card":"summary_large_image","schema":{"@context":"https:\/\/schema.org","@graph":[{"@type":"WebPage","@id":"https:\/\/ripack.com\/es\/","url":"https:\/\/ripack.com\/es\/","name":"RIPACK - L\u00edder en embalaje profesional - 40 a\u00f1os de experiencia","isPartOf":{"@id":"https:\/\/ripack.com\/#website"},"datePublished":"2019-05-28T15:38:13+00:00","dateModified":"2023-10-12T12:55:23+00:00","description":"L\u00edder en soluciones profesionales de embalaje: pistolas de retracci\u00f3n, pel\u00edculas de protecci\u00f3n contra la retracci\u00f3n, estaciones de encapuchado. 40 a\u00f1os de experiencia. 1 a\u00f1o de garant\u00eda de piezas y mano de obra.","breadcrumb":{"@id":"https:\/\/ripack.com\/es\/#breadcrumb"},"inLanguage":"es","potentialAction":[{"@type":"ReadAction","target":["https:\/\/ripack.com\/es\/"]}]},{"@type":"BreadcrumbList","@id":"https:\/\/ripack.com\/es\/#breadcrumb","itemListElement":[{"@type":"ListItem","position":1,"name":"Accueil","item":"https:\/\/ripack.com\/es\/"},{"@type":"ListItem","position":2,"name":"Inicio"}]},{"@type":"WebSite","@id":"https:\/\/ripack.com\/#website","url":"https:\/\/ripack.com\/","name":"ripack","description":"Un site utilisant WordPress","potentialAction":[{"@type":"SearchAction","target":{"@type":"EntryPoint","urlTemplate":"https:\/\/ripack.com\/?s={search_term_string}"},"query-input":{"@type":"PropertyValueSpecification","valueRequired":true,"valueName":"search_term_string"}}],"inLanguage":"es"}]}},"_links":{"self":[{"href":"https:\/\/ripack.com\/es\/wp-json\/wp\/v2\/pages\/3367","targetHints":{"allow":["GET"]}}],"collection":[{"href":"https:\/\/ripack.com\/es\/wp-json\/wp\/v2\/pages"}],"about":[{"href":"https:\/\/ripack.com\/es\/wp-json\/wp\/v2\/types\/page"}],"author":[{"embeddable":true,"href":"https:\/\/ripack.com\/es\/wp-json\/wp\/v2\/users\/1"}],"replies":[{"embeddable":true,"href":"https:\/\/ripack.com\/es\/wp-json\/wp\/v2\/comments?post=3367"}],"version-history":[{"count":7,"href":"https:\/\/ripack.com\/es\/wp-json\/wp\/v2\/pages\/3367\/revisions"}],"predecessor-version":[{"id":9025,"href":"https:\/\/ripack.com\/es\/wp-json\/wp\/v2\/pages\/3367\/revisions\/9025"}],"wp:attachment":[{"href":"https:\/\/ripack.com\/es\/wp-json\/wp\/v2\/media?parent=3367"}],"curies":[{"name":"wp","href":"https:\/\/api.w.org\/{rel}","templated":true}]}}