{"id":3694,"date":"2019-09-24T15:33:41","date_gmt":"2019-09-24T13:33:41","guid":{"rendered":"https:\/\/ripack.com\/?page_id=3694"},"modified":"2023-10-19T14:18:10","modified_gmt":"2023-10-19T12:18:10","slug":"aviso-legal","status":"publish","type":"page","link":"https:\/\/ripack.com\/es\/aviso-legal\/","title":{"rendered":"Aviso legal"},"content":{"rendered":"<h3>1. Presentaci\u00f3n del sitio.<\/h3>\n<p>En virtud del art\u00edculo 6 de la Ley No. 2004-575 de 21 de junio de 2004 sobre la confianza en la econom\u00eda digital, los usuarios del sitio <a title=\"ripack.com\" href=\"https:\/\/ripack.com\">ripack.com<\/a> son <a title=\"ripack.com\" href=\"https:\/\/ripack.com\">informados de<\/a> la identidad de los distintos actores en el contexto de su implementaci\u00f3n y seguimiento. :<\/p>\n<p><strong>Propietario<\/strong> : Sefmat &#8211; 7 RUE DE BETNOMS 33185 LE HAILLAN<br \/>\n<strong>Creador<\/strong> : <a href=\"https:\/\/www.fourmizz.fr\">Fourmizz Communication<\/a><br \/>\n<strong>Responsable de la publicaci\u00f3n<\/strong> : Julien Marigot<br \/>\nEl responsable de la publicaci\u00f3n es una persona f\u00edsica o jur\u00eddica.<br \/>\n<strong>Webmaster<\/strong> : Fourmizz Communication &#8211; contact@fourmizz.fr<br \/>\n<strong>Anfitri\u00f3n<\/strong> : OVH &#8211; 2 rue Kellermann &#8211; 59100 ROUBAIX &#8211; Francia<\/p>\n<h3>2. Condiciones generales de uso del sitio y los servicios ofrecidos.<\/h3>\n<p>El uso del sitio <a href=\"https:\/\/ripack.com\">ripack.com<\/a> implica la total aceptaci\u00f3n de las condiciones generales de uso que se describen a continuaci\u00f3n. Estas condiciones de uso pueden ser modificadas o completadas en cualquier momento, por lo que se invita a los usuarios del sitio <a title=\"ripack.com\" href=\"https:\/\/ripack.com\">ripack.com<\/a> a consultarlas peri\u00f3dicamente.<\/p>\n<p>Normalmente, los usuarios pueden acceder a este sitio en todo momento. Sin embargo, Ripack puede decidir una interrupci\u00f3n debido al mantenimiento t\u00e9cnico, quien luego se esforzar\u00e1 por comunicar a los usuarios de antemano las fechas y horas de la intervenci\u00f3n.<\/p>\n<p>Julien Marigot actualiza peri\u00f3dicamente el sitio <a title=\"ripack.com\" href=\"https:\/\/ripack.com\">ripack.com<\/a> . Asimismo, los avisos legales pueden ser modificados en cualquier momento: no obstante, son vinculantes para el usuario al que se invita a consultarlos con la mayor frecuencia posible para conocerlos.<\/p>\n<h3>3. Descripci\u00f3n de los servicios prestados.<\/h3>\n<p>El prop\u00f3sito del sitio <a title=\"ripack.com\" href=\"https:\/\/ripack.com\">ripack.com<\/a> es proporcionar informaci\u00f3n sobre todas las actividades de la empresa.<\/p>\n<p>Ripack se esfuerza por proporcionar al sitio <a title=\"ripack.com\" href=\"https:\/\/ripack.com\">ripack.com<\/a> la informaci\u00f3n m\u00e1s precisa posible. Sin embargo, no se hace responsable de las omisiones, inexactitudes y deficiencias en la actualizaci\u00f3n, ya sea por ello o por terceros socios que le proporcionen esta informaci\u00f3n.<\/p>\n<p>Toda la informaci\u00f3n indicada en el sitio <a title=\"ripack.com\" href=\"https:\/\/ripack.com\">ripack.com<\/a> se da a t\u00edtulo indicativo y es probable que evolucione. Adem\u00e1s, la informaci\u00f3n del sitio <a title=\"ripack.com\" href=\"https:\/\/ripack.com\">ripack.com<\/a> no es exhaustiva. Se proporcionan a reserva de que se hayan realizado modificaciones desde que se pusieron en l\u00ednea.<\/p>\n<h3>4. Limitaciones contractuales sobre datos t\u00e9cnicos.<\/h3>\n<p>El sitio utiliza tecnolog\u00eda JavaScript.<\/p>\n<p>El sitio web no se hace responsable de los da\u00f1os materiales relacionados con el uso del sitio. Adem\u00e1s, el usuario del sitio se compromete a acceder al sitio utilizando equipos recientes, que no contengan virus y con un navegador actualizado de \u00faltima generaci\u00f3n.<\/p>\n<h3>5. Propiedad intelectual y falsificaciones.<\/h3>\n<p>Ripack es titular de los derechos de propiedad intelectual o posee los derechos de uso sobre todos los elementos accesibles en el sitio, en particular los textos, im\u00e1genes, gr\u00e1ficos, logotipos, iconos, sonidos, software.<\/p>\n<p>Cualquier reproducci\u00f3n, representaci\u00f3n, modificaci\u00f3n, publicaci\u00f3n, adaptaci\u00f3n de la totalidad o parte de los elementos del sitio, cualquiera que sea el medio o proceso utilizado, est\u00e1 prohibida sin el consentimiento previo por escrito de: Ripack.<\/p>\n<p>Cualquier uso no autorizado del sitio o de cualquiera de los elementos que contiene ser\u00e1 considerado como infracci\u00f3n y perseguido de acuerdo con lo establecido en los art\u00edculos L.335-2 y siguientes del C\u00f3digo de la Propiedad Intelectual.<\/p>\n<h3>6. Limitaciones de responsabilidad.<\/h3>\n<p>Ripack no se hace responsable de los da\u00f1os directos o indirectos causados ??al equipo del usuario al acceder al sitio ripack.com, y que resulten del uso de equipos que no cumplan con las especificaciones indicadas en el punto 4., o la aparici\u00f3n de un error o una incompatibilidad.<\/p>\n<p>Ripack tampoco se hace responsable de los da\u00f1os indirectos (como, por ejemplo, la p\u00e9rdida de mercado o la p\u00e9rdida de una oportunidad) consecutivos al uso del sitio <a title=\"ripack.com\" href=\"https:\/\/ripack.com\">ripack.com<\/a> .<\/p>\n<p>Los espacios interactivos (posibilidad de realizar consultas en el espacio de contacto) est\u00e1n a disposici\u00f3n de los usuarios. Ripack se reserva el derecho de eliminar, sin previo aviso, cualquier contenido publicado en este espacio que infrinja la ley aplicable en Francia, en particular las disposiciones relativas a la protecci\u00f3n de datos. En su caso, Ripack tambi\u00e9n se reserva el derecho a cuestionar la responsabilidad civil y \/ o penal del usuario, en particular en caso de mensaje racista, abusivo, difamatorio o pornogr\u00e1fico, sea cual sea el medio utilizado (texto, fotograf\u00eda\u2026).<\/p>\n<h3>7. Gesti\u00f3n de datos personales.<\/h3>\n<p>En Francia, los datos personales est\u00e1n protegidos en particular por la ley n \u00b0 78-87 del 6 de enero de 1978, la ley n \u00b0 2004-801 del 6 de agosto de 2004, el art\u00edculo L. 226-13 del C\u00f3digo Penal y la Directiva europea de octubre. 24 de 1995.<\/p>\n<p>Al utilizar el sitio <a title=\"ripack.com\" href=\"https:\/\/ripack.com\">ripack.com<\/a> , se puede recopilar lo siguiente: la URL de los enlaces a trav\u00e9s de los cuales el usuario accedi\u00f3 al sitio <a title=\"ripack.com\" href=\"https:\/\/ripack.com\">ripack.com<\/a> , el proveedor de acceso del usuario, la direcci\u00f3n de Protocolo de Internet (IP) del usuario.<\/p>\n<p>En cualquier caso, Ripack solo recopila informaci\u00f3n personal sobre el usuario para la necesidad de ciertos servicios ofrecidos por el sitio <a title=\"ripack.com\" href=\"https:\/\/ripack.com\">ripack.com<\/a> . El usuario proporciona esta informaci\u00f3n con pleno conocimiento de los hechos, en particular cuando \u00e9l mismo la ingresa. A continuaci\u00f3n, se <a title=\"ripack.com\" href=\"https:\/\/ripack.com\">informa al<\/a> usuario del sitio <a title=\"ripack.com\" href=\"https:\/\/ripack.com\">ripack.com de<\/a> la obligaci\u00f3n o no de facilitar esta informaci\u00f3n.<\/p>\n<p>De conformidad con lo dispuesto en los art\u00edculos 38 y siguientes de la ley 78-17 de 6 de enero de 1978 relativa al tratamiento de datos, ficheros y libertades, todo usuario tiene derecho de acceso, rectificaci\u00f3n y oposici\u00f3n a los datos personales que le conciernen, al hacer su solicitud escrita y firmada, acompa\u00f1ada de copia del documento de identidad con firma del titular del documento, especificando la direcci\u00f3n a la que debe enviarse la respuesta.<\/p>\n<p>Ninguna informaci\u00f3n personal del usuario del sitio <a title=\"ripack.com\" href=\"https:\/\/ripack.com\">ripack.com<\/a> es publicada sin el conocimiento del usuario, intercambiada, transferida, cedida o vendida por ning\u00fan medio a terceros. Solo la asunci\u00f3n de la redenci\u00f3n de Ripack y sus derechos permitir\u00eda la transmisi\u00f3n de dicha informaci\u00f3n al posible comprador, quien a su vez estar\u00eda sujeto a la misma obligaci\u00f3n de <a title=\"ripack.com\" href=\"https:\/\/ripack.com\">almacenar<\/a> y modificar datos con respecto al usuario del sitio de <a title=\"ripack.com\" href=\"https:\/\/ripack.com\">ripack.com<\/a> .<\/p>\n<p>El sitio no est\u00e1 declarado a la CNIL porque no recopila informaci\u00f3n personal. .<\/p>\n<p>Las bases de datos est\u00e1n protegidas por las disposiciones de la ley del 1 de julio de 1998 que transpone la Directiva 96\/9 del 11 de marzo de 1996 sobre la protecci\u00f3n jur\u00eddica de las bases de datos.<\/p>\n<h3>8. Enlaces de hipertexto y cookies.<\/h3>\n<p>El sitio <a title=\"ripack.com\" href=\"https:\/\/ripack.com\">ripack.com<\/a> contiene una serie de enlaces de hipertexto a otros sitios, configurados con el permiso de Ripack. Sin embargo, Ripack no tiene la posibilidad de comprobar el contenido de los sitios visitados, por lo que no asumir\u00e1 ninguna responsabilidad por este hecho.<\/p>\n<p>Navegar por el sitio <a title=\"ripack.com\" href=\"https:\/\/ripack.com\">ripack.com<\/a> puede provocar la instalaci\u00f3n de cookies en la computadora del usuario. Una cookie es un peque\u00f1o archivo que no permite la identificaci\u00f3n del usuario, pero que registra informaci\u00f3n relacionada con la navegaci\u00f3n de una computadora en un sitio. Los datos as\u00ed obtenidos est\u00e1n destinados a facilitar la navegaci\u00f3n posterior en el sitio, y tambi\u00e9n est\u00e1n destinados a permitir diversas medidas de asistencia.<\/p>\n<p>Negarse a instalar una cookie puede imposibilitar el acceso a determinados servicios. Sin embargo, el usuario puede configurar su computadora de la siguiente manera, para rechazar la instalaci\u00f3n de cookies:<\/p>\n<p>En Internet Explorer: pesta\u00f1a de herramientas (pictograma en forma de engranaje en la parte superior derecha) \/ opciones de Internet. Haga clic en Privacidad y elija Bloquear todas las cookies. Validar en Ok.<\/p>\n<p>En Firefox: en la parte superior de la ventana del navegador, haga clic en el bot\u00f3n Firefox, luego vaya a la pesta\u00f1a Opciones. Haga clic en la pesta\u00f1a Privacidad.<br \/>\nConfigure las reglas de conservaci\u00f3n en: use par\u00e1metros personalizados para el historial. Finalmente, desm\u00e1rquelo para deshabilitar las cookies.<\/p>\n<p>En Safari: haga clic en en la parte superior derecha del navegador en el pictograma del men\u00fa (simbolizado por un engranaje). Selecciona Configuraciones. Haga clic en Mostrar configuraci\u00f3n avanzada. En la secci\u00f3n \u00abConfidencialidad\u00bb, haga clic en Configuraci\u00f3n de contenido. En la secci\u00f3n \u00abCookies\u00bb, puede bloquear las cookies.<\/p>\n<p>En Chrome: haga clic en la parte superior derecha del navegador en el pictograma del men\u00fa (simbolizado por tres l\u00edneas horizontales). Selecciona Configuraciones. Haga clic en Mostrar configuraci\u00f3n avanzada. En la secci\u00f3n \u00abConfidencialidad\u00bb, haga clic en preferencias. En la pesta\u00f1a \u00abConfidencialidad\u00bb, puede bloquear las cookies.<\/p>\n<h3>9. Ley aplicable y atribuci\u00f3n de jurisdicci\u00f3n.<\/h3>\n<p>Cualquier disputa relacionada con el uso del sitio <a title=\"ripack.com\" href=\"https:\/\/ripack.com\">ripack.com<\/a> est\u00e1 sujeta a la ley francesa. La jurisdicci\u00f3n exclusiva se atribuye a los tribunales competentes de Par\u00eds.<\/p>\n<h3>10. Las principales leyes afectadas.<\/h3>\n<p>Ley n \u00b0 78-17 del 6 de enero de 1978, modificada notablemente por la ley n \u00b0 2004-801 del 6 de agosto de 2004 relativa al procesamiento de datos, archivos y libertades.<\/p>\n<p>Ley n \u00b0 2004-575 del 21 de junio de 2004 para la confianza en la econom\u00eda digital.<\/p>\n<h3>11. L\u00e9xico.<\/h3>\n<p>Usuario: usuario de Internet que se conecta, utilizando el sitio antes mencionado.<\/p>\n<p>Informaci\u00f3n personal: \u00abinformaci\u00f3n que permite, en cualquier forma, directa o indirectamente, la identificaci\u00f3n de las personas f\u00edsicas a las que se aplica\u00bb (art\u00edculo 4 de la ley n \u00b0 78-17 del 6 de enero de 1978).<\/p>\n","protected":false},"excerpt":{"rendered":"<p>1. Presentaci\u00f3n del sitio. En virtud del art\u00edculo 6 de la Ley No. 2004-575 de 21 de junio de 2004 sobre la confianza en la econom\u00eda digital, los usuarios del sitio ripack.com son informados de la identidad de los distintos actores en el contexto de su implementaci\u00f3n y seguimiento. : Propietario : Sefmat &#8211; 7 [&hellip;]<\/p>\n","protected":false},"author":1,"featured_media":0,"parent":0,"menu_order":0,"comment_status":"closed","ping_status":"closed","template":"page-mentions.php","meta":{"_acf_changed":false,"footnotes":""},"class_list":["post-3694","page","type-page","status-publish","hentry"],"acf":[],"yoast_head":"<!-- This site is optimized with the Yoast SEO plugin v27.4 - https:\/\/yoast.com\/product\/yoast-seo-wordpress\/ -->\n<title>Aviso legal - ripack<\/title>\n<meta name=\"robots\" content=\"index, follow, max-snippet:-1, max-image-preview:large, max-video-preview:-1\" \/>\n<link rel=\"canonical\" href=\"https:\/\/ripack.com\/es\/aviso-legal\/\" \/>\n<meta property=\"og:locale\" content=\"es_ES\" \/>\n<meta property=\"og:type\" content=\"article\" \/>\n<meta property=\"og:title\" content=\"Aviso legal - ripack\" \/>\n<meta property=\"og:description\" content=\"1. Presentaci\u00f3n del sitio. En virtud del art\u00edculo 6 de la Ley No. 2004-575 de 21 de junio de 2004 sobre la confianza en la econom\u00eda digital, los usuarios del sitio ripack.com son informados de la identidad de los distintos actores en el contexto de su implementaci\u00f3n y seguimiento. : Propietario : Sefmat &#8211; 7 [&hellip;]\" \/>\n<meta property=\"og:url\" content=\"https:\/\/ripack.com\/es\/aviso-legal\/\" \/>\n<meta property=\"og:site_name\" content=\"ripack\" \/>\n<meta property=\"article:modified_time\" content=\"2023-10-19T12:18:10+00:00\" \/>\n<meta name=\"twitter:card\" content=\"summary_large_image\" \/>\n<meta name=\"twitter:label1\" content=\"Tiempo de lectura\" \/>\n\t<meta name=\"twitter:data1\" content=\"8 minutos\" \/>\n<script type=\"application\/ld+json\" class=\"yoast-schema-graph\">{\"@context\":\"https:\\\/\\\/schema.org\",\"@graph\":[{\"@type\":\"WebPage\",\"@id\":\"https:\\\/\\\/ripack.com\\\/es\\\/aviso-legal\\\/\",\"url\":\"https:\\\/\\\/ripack.com\\\/es\\\/aviso-legal\\\/\",\"name\":\"Aviso legal - ripack\",\"isPartOf\":{\"@id\":\"https:\\\/\\\/ripack.com\\\/#website\"},\"datePublished\":\"2019-09-24T13:33:41+00:00\",\"dateModified\":\"2023-10-19T12:18:10+00:00\",\"breadcrumb\":{\"@id\":\"https:\\\/\\\/ripack.com\\\/es\\\/aviso-legal\\\/#breadcrumb\"},\"inLanguage\":\"es\",\"potentialAction\":[{\"@type\":\"ReadAction\",\"target\":[\"https:\\\/\\\/ripack.com\\\/es\\\/aviso-legal\\\/\"]}]},{\"@type\":\"BreadcrumbList\",\"@id\":\"https:\\\/\\\/ripack.com\\\/es\\\/aviso-legal\\\/#breadcrumb\",\"itemListElement\":[{\"@type\":\"ListItem\",\"position\":1,\"name\":\"Accueil\",\"item\":\"https:\\\/\\\/ripack.com\\\/es\\\/\"},{\"@type\":\"ListItem\",\"position\":2,\"name\":\"Aviso legal\"}]},{\"@type\":\"WebSite\",\"@id\":\"https:\\\/\\\/ripack.com\\\/#website\",\"url\":\"https:\\\/\\\/ripack.com\\\/\",\"name\":\"ripack\",\"description\":\"Un site utilisant WordPress\",\"potentialAction\":[{\"@type\":\"SearchAction\",\"target\":{\"@type\":\"EntryPoint\",\"urlTemplate\":\"https:\\\/\\\/ripack.com\\\/?s={search_term_string}\"},\"query-input\":{\"@type\":\"PropertyValueSpecification\",\"valueRequired\":true,\"valueName\":\"search_term_string\"}}],\"inLanguage\":\"es\"}]}<\/script>\n<!-- \/ Yoast SEO plugin. -->","yoast_head_json":{"title":"Aviso legal - ripack","robots":{"index":"index","follow":"follow","max-snippet":"max-snippet:-1","max-image-preview":"max-image-preview:large","max-video-preview":"max-video-preview:-1"},"canonical":"https:\/\/ripack.com\/es\/aviso-legal\/","og_locale":"es_ES","og_type":"article","og_title":"Aviso legal - ripack","og_description":"1. Presentaci\u00f3n del sitio. En virtud del art\u00edculo 6 de la Ley No. 2004-575 de 21 de junio de 2004 sobre la confianza en la econom\u00eda digital, los usuarios del sitio ripack.com son informados de la identidad de los distintos actores en el contexto de su implementaci\u00f3n y seguimiento. : Propietario : Sefmat &#8211; 7 [&hellip;]","og_url":"https:\/\/ripack.com\/es\/aviso-legal\/","og_site_name":"ripack","article_modified_time":"2023-10-19T12:18:10+00:00","twitter_card":"summary_large_image","twitter_misc":{"Tiempo de lectura":"8 minutos"},"schema":{"@context":"https:\/\/schema.org","@graph":[{"@type":"WebPage","@id":"https:\/\/ripack.com\/es\/aviso-legal\/","url":"https:\/\/ripack.com\/es\/aviso-legal\/","name":"Aviso legal - ripack","isPartOf":{"@id":"https:\/\/ripack.com\/#website"},"datePublished":"2019-09-24T13:33:41+00:00","dateModified":"2023-10-19T12:18:10+00:00","breadcrumb":{"@id":"https:\/\/ripack.com\/es\/aviso-legal\/#breadcrumb"},"inLanguage":"es","potentialAction":[{"@type":"ReadAction","target":["https:\/\/ripack.com\/es\/aviso-legal\/"]}]},{"@type":"BreadcrumbList","@id":"https:\/\/ripack.com\/es\/aviso-legal\/#breadcrumb","itemListElement":[{"@type":"ListItem","position":1,"name":"Accueil","item":"https:\/\/ripack.com\/es\/"},{"@type":"ListItem","position":2,"name":"Aviso legal"}]},{"@type":"WebSite","@id":"https:\/\/ripack.com\/#website","url":"https:\/\/ripack.com\/","name":"ripack","description":"Un site utilisant WordPress","potentialAction":[{"@type":"SearchAction","target":{"@type":"EntryPoint","urlTemplate":"https:\/\/ripack.com\/?s={search_term_string}"},"query-input":{"@type":"PropertyValueSpecification","valueRequired":true,"valueName":"search_term_string"}}],"inLanguage":"es"}]}},"_links":{"self":[{"href":"https:\/\/ripack.com\/es\/wp-json\/wp\/v2\/pages\/3694","targetHints":{"allow":["GET"]}}],"collection":[{"href":"https:\/\/ripack.com\/es\/wp-json\/wp\/v2\/pages"}],"about":[{"href":"https:\/\/ripack.com\/es\/wp-json\/wp\/v2\/types\/page"}],"author":[{"embeddable":true,"href":"https:\/\/ripack.com\/es\/wp-json\/wp\/v2\/users\/1"}],"replies":[{"embeddable":true,"href":"https:\/\/ripack.com\/es\/wp-json\/wp\/v2\/comments?post=3694"}],"version-history":[{"count":6,"href":"https:\/\/ripack.com\/es\/wp-json\/wp\/v2\/pages\/3694\/revisions"}],"predecessor-version":[{"id":9183,"href":"https:\/\/ripack.com\/es\/wp-json\/wp\/v2\/pages\/3694\/revisions\/9183"}],"wp:attachment":[{"href":"https:\/\/ripack.com\/es\/wp-json\/wp\/v2\/media?parent=3694"}],"curies":[{"name":"wp","href":"https:\/\/api.w.org\/{rel}","templated":true}]}}