{"id":3703,"date":"2019-05-27T15:27:53","date_gmt":"2019-05-27T13:27:53","guid":{"rendered":"https:\/\/ripack.com\/?page_id=3703"},"modified":"2025-07-29T15:50:27","modified_gmt":"2025-07-29T13:50:27","slug":"contra-la-corrosion","status":"publish","type":"page","link":"https:\/\/ripack.com\/es\/nuestras-soluciones\/contra-la-corrosion\/","title":{"rendered":"Contra la corrosi\u00f3n"},"content":{"rendered":"<p>La ventaja innegable de la pel\u00edcula retr\u00e1ctil es que puede incorporar agentes \u00abactivos\u00bb que pueden, por ejemplo, proteger la propiedad de la corrosi\u00f3n.<\/p>\n\n\n<p><\/p>\n","protected":false},"excerpt":{"rendered":"<p>La ventaja innegable de la pel\u00edcula retr\u00e1ctil es que puede incorporar agentes \u00abactivos\u00bb que pueden, por ejemplo, proteger la propiedad de la corrosi\u00f3n.<\/p>\n","protected":false},"author":1,"featured_media":1200,"parent":3700,"menu_order":0,"comment_status":"closed","ping_status":"closed","template":"page-basique-content.php","meta":{"_acf_changed":false,"footnotes":""},"class_list":["post-3703","page","type-page","status-publish","has-post-thumbnail","hentry"],"acf":[],"yoast_head":"<!-- This site is optimized with the Yoast SEO plugin v27.4 - https:\/\/yoast.com\/product\/yoast-seo-wordpress\/ -->\n<title>Protecci\u00f3n del embalaje de los productos | Protecci\u00f3n especial contra la corrosi\u00f3n | Ripack<\/title>\n<meta name=\"description\" content=\"Descubra nuestras soluciones de protecci\u00f3n contra la corrosi\u00f3n. Embalaje profesional. 40 a\u00f1os de experiencia. M\u00e1xima seguridad. 1 a\u00f1o de garant\u00eda de piezas y mano de obra.\" \/>\n<meta name=\"robots\" content=\"index, follow, max-snippet:-1, max-image-preview:large, max-video-preview:-1\" \/>\n<link rel=\"canonical\" href=\"https:\/\/ripack.com\/es\/nuestras-soluciones\/contra-la-corrosion\/\" \/>\n<meta property=\"og:locale\" content=\"es_ES\" \/>\n<meta property=\"og:type\" content=\"article\" \/>\n<meta property=\"og:title\" content=\"Protecci\u00f3n del embalaje de los productos | Protecci\u00f3n especial contra la corrosi\u00f3n | Ripack\" \/>\n<meta property=\"og:description\" content=\"Descubra nuestras soluciones de protecci\u00f3n contra la corrosi\u00f3n. Embalaje profesional. 40 a\u00f1os de experiencia. M\u00e1xima seguridad. 1 a\u00f1o de garant\u00eda de piezas y mano de obra.\" \/>\n<meta property=\"og:url\" content=\"https:\/\/ripack.com\/es\/nuestras-soluciones\/contra-la-corrosion\/\" \/>\n<meta property=\"og:site_name\" content=\"ripack\" \/>\n<meta property=\"article:modified_time\" content=\"2025-07-29T13:50:27+00:00\" \/>\n<meta property=\"og:image\" content=\"https:\/\/ripack.com\/wp-content\/uploads\/2019\/06\/film-retractable-protection-corrosion-thumb.jpg\" \/>\n\t<meta property=\"og:image:width\" content=\"200\" \/>\n\t<meta property=\"og:image:height\" content=\"200\" \/>\n\t<meta property=\"og:image:type\" content=\"image\/jpeg\" \/>\n<meta name=\"twitter:card\" content=\"summary_large_image\" \/>\n<meta name=\"twitter:label1\" content=\"Tiempo de lectura\" \/>\n\t<meta name=\"twitter:data1\" content=\"1 minuto\" \/>\n<script type=\"application\/ld+json\" class=\"yoast-schema-graph\">{\"@context\":\"https:\\\/\\\/schema.org\",\"@graph\":[{\"@type\":\"WebPage\",\"@id\":\"https:\\\/\\\/ripack.com\\\/es\\\/nuestras-soluciones\\\/contra-la-corrosion\\\/\",\"url\":\"https:\\\/\\\/ripack.com\\\/es\\\/nuestras-soluciones\\\/contra-la-corrosion\\\/\",\"name\":\"Protecci\u00f3n del embalaje de los productos | Protecci\u00f3n especial contra la corrosi\u00f3n | Ripack\",\"isPartOf\":{\"@id\":\"https:\\\/\\\/ripack.com\\\/#website\"},\"primaryImageOfPage\":{\"@id\":\"https:\\\/\\\/ripack.com\\\/es\\\/nuestras-soluciones\\\/contra-la-corrosion\\\/#primaryimage\"},\"image\":{\"@id\":\"https:\\\/\\\/ripack.com\\\/es\\\/nuestras-soluciones\\\/contra-la-corrosion\\\/#primaryimage\"},\"thumbnailUrl\":\"https:\\\/\\\/ripack.com\\\/wp-content\\\/uploads\\\/2019\\\/06\\\/film-retractable-protection-corrosion-thumb.jpg\",\"datePublished\":\"2019-05-27T13:27:53+00:00\",\"dateModified\":\"2025-07-29T13:50:27+00:00\",\"description\":\"Descubra nuestras soluciones de protecci\u00f3n contra la corrosi\u00f3n. Embalaje profesional. 40 a\u00f1os de experiencia. M\u00e1xima seguridad. 1 a\u00f1o de garant\u00eda de piezas y mano de obra.\",\"breadcrumb\":{\"@id\":\"https:\\\/\\\/ripack.com\\\/es\\\/nuestras-soluciones\\\/contra-la-corrosion\\\/#breadcrumb\"},\"inLanguage\":\"es\",\"potentialAction\":[{\"@type\":\"ReadAction\",\"target\":[\"https:\\\/\\\/ripack.com\\\/es\\\/nuestras-soluciones\\\/contra-la-corrosion\\\/\"]}]},{\"@type\":\"ImageObject\",\"inLanguage\":\"es\",\"@id\":\"https:\\\/\\\/ripack.com\\\/es\\\/nuestras-soluciones\\\/contra-la-corrosion\\\/#primaryimage\",\"url\":\"https:\\\/\\\/ripack.com\\\/wp-content\\\/uploads\\\/2019\\\/06\\\/film-retractable-protection-corrosion-thumb.jpg\",\"contentUrl\":\"https:\\\/\\\/ripack.com\\\/wp-content\\\/uploads\\\/2019\\\/06\\\/film-retractable-protection-corrosion-thumb.jpg\",\"width\":200,\"height\":200,\"caption\":\"Film r\u00e9tractable protection anti corrosion\"},{\"@type\":\"BreadcrumbList\",\"@id\":\"https:\\\/\\\/ripack.com\\\/es\\\/nuestras-soluciones\\\/contra-la-corrosion\\\/#breadcrumb\",\"itemListElement\":[{\"@type\":\"ListItem\",\"position\":1,\"name\":\"Accueil\",\"item\":\"https:\\\/\\\/ripack.com\\\/es\\\/\"},{\"@type\":\"ListItem\",\"position\":2,\"name\":\"Nuestras soluciones\",\"item\":\"https:\\\/\\\/ripack.com\\\/es\\\/nuestras-soluciones\\\/\"},{\"@type\":\"ListItem\",\"position\":3,\"name\":\"Contra la corrosi\u00f3n\"}]},{\"@type\":\"WebSite\",\"@id\":\"https:\\\/\\\/ripack.com\\\/#website\",\"url\":\"https:\\\/\\\/ripack.com\\\/\",\"name\":\"ripack\",\"description\":\"Un site utilisant WordPress\",\"potentialAction\":[{\"@type\":\"SearchAction\",\"target\":{\"@type\":\"EntryPoint\",\"urlTemplate\":\"https:\\\/\\\/ripack.com\\\/?s={search_term_string}\"},\"query-input\":{\"@type\":\"PropertyValueSpecification\",\"valueRequired\":true,\"valueName\":\"search_term_string\"}}],\"inLanguage\":\"es\"}]}<\/script>\n<!-- \/ Yoast SEO plugin. -->","yoast_head_json":{"title":"Protecci\u00f3n del embalaje de los productos | Protecci\u00f3n especial contra la corrosi\u00f3n | Ripack","description":"Descubra nuestras soluciones de protecci\u00f3n contra la corrosi\u00f3n. Embalaje profesional. 40 a\u00f1os de experiencia. M\u00e1xima seguridad. 1 a\u00f1o de garant\u00eda de piezas y mano de obra.","robots":{"index":"index","follow":"follow","max-snippet":"max-snippet:-1","max-image-preview":"max-image-preview:large","max-video-preview":"max-video-preview:-1"},"canonical":"https:\/\/ripack.com\/es\/nuestras-soluciones\/contra-la-corrosion\/","og_locale":"es_ES","og_type":"article","og_title":"Protecci\u00f3n del embalaje de los productos | Protecci\u00f3n especial contra la corrosi\u00f3n | Ripack","og_description":"Descubra nuestras soluciones de protecci\u00f3n contra la corrosi\u00f3n. Embalaje profesional. 40 a\u00f1os de experiencia. M\u00e1xima seguridad. 1 a\u00f1o de garant\u00eda de piezas y mano de obra.","og_url":"https:\/\/ripack.com\/es\/nuestras-soluciones\/contra-la-corrosion\/","og_site_name":"ripack","article_modified_time":"2025-07-29T13:50:27+00:00","og_image":[{"width":200,"height":200,"url":"https:\/\/ripack.com\/wp-content\/uploads\/2019\/06\/film-retractable-protection-corrosion-thumb.jpg","type":"image\/jpeg"}],"twitter_card":"summary_large_image","twitter_misc":{"Tiempo de lectura":"1 minuto"},"schema":{"@context":"https:\/\/schema.org","@graph":[{"@type":"WebPage","@id":"https:\/\/ripack.com\/es\/nuestras-soluciones\/contra-la-corrosion\/","url":"https:\/\/ripack.com\/es\/nuestras-soluciones\/contra-la-corrosion\/","name":"Protecci\u00f3n del embalaje de los productos | Protecci\u00f3n especial contra la corrosi\u00f3n | Ripack","isPartOf":{"@id":"https:\/\/ripack.com\/#website"},"primaryImageOfPage":{"@id":"https:\/\/ripack.com\/es\/nuestras-soluciones\/contra-la-corrosion\/#primaryimage"},"image":{"@id":"https:\/\/ripack.com\/es\/nuestras-soluciones\/contra-la-corrosion\/#primaryimage"},"thumbnailUrl":"https:\/\/ripack.com\/wp-content\/uploads\/2019\/06\/film-retractable-protection-corrosion-thumb.jpg","datePublished":"2019-05-27T13:27:53+00:00","dateModified":"2025-07-29T13:50:27+00:00","description":"Descubra nuestras soluciones de protecci\u00f3n contra la corrosi\u00f3n. Embalaje profesional. 40 a\u00f1os de experiencia. M\u00e1xima seguridad. 1 a\u00f1o de garant\u00eda de piezas y mano de obra.","breadcrumb":{"@id":"https:\/\/ripack.com\/es\/nuestras-soluciones\/contra-la-corrosion\/#breadcrumb"},"inLanguage":"es","potentialAction":[{"@type":"ReadAction","target":["https:\/\/ripack.com\/es\/nuestras-soluciones\/contra-la-corrosion\/"]}]},{"@type":"ImageObject","inLanguage":"es","@id":"https:\/\/ripack.com\/es\/nuestras-soluciones\/contra-la-corrosion\/#primaryimage","url":"https:\/\/ripack.com\/wp-content\/uploads\/2019\/06\/film-retractable-protection-corrosion-thumb.jpg","contentUrl":"https:\/\/ripack.com\/wp-content\/uploads\/2019\/06\/film-retractable-protection-corrosion-thumb.jpg","width":200,"height":200,"caption":"Film r\u00e9tractable protection anti corrosion"},{"@type":"BreadcrumbList","@id":"https:\/\/ripack.com\/es\/nuestras-soluciones\/contra-la-corrosion\/#breadcrumb","itemListElement":[{"@type":"ListItem","position":1,"name":"Accueil","item":"https:\/\/ripack.com\/es\/"},{"@type":"ListItem","position":2,"name":"Nuestras soluciones","item":"https:\/\/ripack.com\/es\/nuestras-soluciones\/"},{"@type":"ListItem","position":3,"name":"Contra la corrosi\u00f3n"}]},{"@type":"WebSite","@id":"https:\/\/ripack.com\/#website","url":"https:\/\/ripack.com\/","name":"ripack","description":"Un site utilisant WordPress","potentialAction":[{"@type":"SearchAction","target":{"@type":"EntryPoint","urlTemplate":"https:\/\/ripack.com\/?s={search_term_string}"},"query-input":{"@type":"PropertyValueSpecification","valueRequired":true,"valueName":"search_term_string"}}],"inLanguage":"es"}]}},"_links":{"self":[{"href":"https:\/\/ripack.com\/es\/wp-json\/wp\/v2\/pages\/3703","targetHints":{"allow":["GET"]}}],"collection":[{"href":"https:\/\/ripack.com\/es\/wp-json\/wp\/v2\/pages"}],"about":[{"href":"https:\/\/ripack.com\/es\/wp-json\/wp\/v2\/types\/page"}],"author":[{"embeddable":true,"href":"https:\/\/ripack.com\/es\/wp-json\/wp\/v2\/users\/1"}],"replies":[{"embeddable":true,"href":"https:\/\/ripack.com\/es\/wp-json\/wp\/v2\/comments?post=3703"}],"version-history":[{"count":2,"href":"https:\/\/ripack.com\/es\/wp-json\/wp\/v2\/pages\/3703\/revisions"}],"predecessor-version":[{"id":11766,"href":"https:\/\/ripack.com\/es\/wp-json\/wp\/v2\/pages\/3703\/revisions\/11766"}],"up":[{"embeddable":true,"href":"https:\/\/ripack.com\/es\/wp-json\/wp\/v2\/pages\/3700"}],"wp:featuredmedia":[{"embeddable":true,"href":"https:\/\/ripack.com\/es\/wp-json\/wp\/v2\/media\/1200"}],"wp:attachment":[{"href":"https:\/\/ripack.com\/es\/wp-json\/wp\/v2\/media?parent=3703"}],"curies":[{"name":"wp","href":"https:\/\/api.w.org\/{rel}","templated":true}]}}