{"id":3705,"date":"2019-05-27T15:26:53","date_gmt":"2019-05-27T13:26:53","guid":{"rendered":"https:\/\/ripack.com\/?page_id=3705"},"modified":"2025-07-29T12:45:21","modified_gmt":"2025-07-29T10:45:21","slug":"contra-la-lluvia","status":"publish","type":"page","link":"https:\/\/ripack.com\/es\/nuestras-soluciones\/contra-la-lluvia\/","title":{"rendered":"Contra la lluvia"},"content":{"rendered":"<p>La gran mayor\u00eda de las mercanc\u00edas en tr\u00e1nsito por el mundo est\u00e1n sobreenvasadas en una caja de transporte.<\/p>\n","protected":false},"excerpt":{"rendered":"<p>La gran mayor\u00eda de las mercanc\u00edas en tr\u00e1nsito por el mundo est\u00e1n sobreenvasadas en una caja de transporte.<\/p>\n","protected":false},"author":1,"featured_media":1202,"parent":3700,"menu_order":0,"comment_status":"closed","ping_status":"closed","template":"page-basique-content.php","meta":{"_acf_changed":false,"footnotes":""},"class_list":["post-3705","page","type-page","status-publish","has-post-thumbnail","hentry"],"acf":[],"yoast_head":"<!-- This site is optimized with the Yoast SEO plugin v27.3 - https:\/\/yoast.com\/product\/yoast-seo-wordpress\/ -->\n<title>Emballage de protection professionnel | Sp\u00e9cial pluie et humidit\u00e9 | Ripack<\/title>\n<meta name=\"description\" content=\"D\u00e9couvrez nos solutions de protection contre la pluie et l&#039;humidit\u00e9. Emballage professionnel. 40 ans d\u2019exp\u00e9rience. S\u00e9curit\u00e9 maximale. Garantie 1 an de pi\u00e8ces et main d&#039;\u0153uvre.\" \/>\n<meta name=\"robots\" content=\"index, follow, max-snippet:-1, max-image-preview:large, max-video-preview:-1\" \/>\n<link rel=\"canonical\" href=\"https:\/\/ripack.com\/es\/nuestras-soluciones\/contra-la-lluvia\/\" \/>\n<meta property=\"og:locale\" content=\"es_ES\" \/>\n<meta property=\"og:type\" content=\"article\" \/>\n<meta property=\"og:title\" content=\"Emballage de protection professionnel | Sp\u00e9cial pluie et humidit\u00e9 | Ripack\" \/>\n<meta property=\"og:description\" content=\"D\u00e9couvrez nos solutions de protection contre la pluie et l&#039;humidit\u00e9. Emballage professionnel. 40 ans d\u2019exp\u00e9rience. S\u00e9curit\u00e9 maximale. Garantie 1 an de pi\u00e8ces et main d&#039;\u0153uvre.\" \/>\n<meta property=\"og:url\" content=\"https:\/\/ripack.com\/es\/nuestras-soluciones\/contra-la-lluvia\/\" \/>\n<meta property=\"og:site_name\" content=\"ripack\" \/>\n<meta property=\"article:modified_time\" content=\"2025-07-29T10:45:21+00:00\" \/>\n<meta property=\"og:image\" content=\"https:\/\/ripack.com\/wp-content\/uploads\/2019\/06\/film-retractable-protection-anti-pluie-2-thumb.jpg\" \/>\n\t<meta property=\"og:image:width\" content=\"200\" \/>\n\t<meta property=\"og:image:height\" content=\"200\" \/>\n\t<meta property=\"og:image:type\" content=\"image\/jpeg\" \/>\n<meta name=\"twitter:card\" content=\"summary_large_image\" \/>\n<meta name=\"twitter:label1\" content=\"Tiempo de lectura\" \/>\n\t<meta name=\"twitter:data1\" content=\"1 minuto\" \/>\n<script type=\"application\/ld+json\" class=\"yoast-schema-graph\">{\"@context\":\"https:\\\/\\\/schema.org\",\"@graph\":[{\"@type\":\"WebPage\",\"@id\":\"https:\\\/\\\/ripack.com\\\/es\\\/nuestras-soluciones\\\/contra-la-lluvia\\\/\",\"url\":\"https:\\\/\\\/ripack.com\\\/es\\\/nuestras-soluciones\\\/contra-la-lluvia\\\/\",\"name\":\"Emballage de protection professionnel | Sp\u00e9cial pluie et humidit\u00e9 | Ripack\",\"isPartOf\":{\"@id\":\"https:\\\/\\\/ripack.com\\\/#website\"},\"primaryImageOfPage\":{\"@id\":\"https:\\\/\\\/ripack.com\\\/es\\\/nuestras-soluciones\\\/contra-la-lluvia\\\/#primaryimage\"},\"image\":{\"@id\":\"https:\\\/\\\/ripack.com\\\/es\\\/nuestras-soluciones\\\/contra-la-lluvia\\\/#primaryimage\"},\"thumbnailUrl\":\"https:\\\/\\\/ripack.com\\\/wp-content\\\/uploads\\\/2019\\\/06\\\/film-retractable-protection-anti-pluie-2-thumb.jpg\",\"datePublished\":\"2019-05-27T13:26:53+00:00\",\"dateModified\":\"2025-07-29T10:45:21+00:00\",\"description\":\"D\u00e9couvrez nos solutions de protection contre la pluie et l'humidit\u00e9. Emballage professionnel. 40 ans d\u2019exp\u00e9rience. S\u00e9curit\u00e9 maximale. Garantie 1 an de pi\u00e8ces et main d'\u0153uvre.\",\"breadcrumb\":{\"@id\":\"https:\\\/\\\/ripack.com\\\/es\\\/nuestras-soluciones\\\/contra-la-lluvia\\\/#breadcrumb\"},\"inLanguage\":\"es\",\"potentialAction\":[{\"@type\":\"ReadAction\",\"target\":[\"https:\\\/\\\/ripack.com\\\/es\\\/nuestras-soluciones\\\/contra-la-lluvia\\\/\"]}]},{\"@type\":\"ImageObject\",\"inLanguage\":\"es\",\"@id\":\"https:\\\/\\\/ripack.com\\\/es\\\/nuestras-soluciones\\\/contra-la-lluvia\\\/#primaryimage\",\"url\":\"https:\\\/\\\/ripack.com\\\/wp-content\\\/uploads\\\/2019\\\/06\\\/film-retractable-protection-anti-pluie-2-thumb.jpg\",\"contentUrl\":\"https:\\\/\\\/ripack.com\\\/wp-content\\\/uploads\\\/2019\\\/06\\\/film-retractable-protection-anti-pluie-2-thumb.jpg\",\"width\":200,\"height\":200,\"caption\":\"Emballage protection pluie humidit\u00e9 Ripack\"},{\"@type\":\"BreadcrumbList\",\"@id\":\"https:\\\/\\\/ripack.com\\\/es\\\/nuestras-soluciones\\\/contra-la-lluvia\\\/#breadcrumb\",\"itemListElement\":[{\"@type\":\"ListItem\",\"position\":1,\"name\":\"Accueil\",\"item\":\"https:\\\/\\\/ripack.com\\\/es\\\/\"},{\"@type\":\"ListItem\",\"position\":2,\"name\":\"Nuestras soluciones\",\"item\":\"https:\\\/\\\/ripack.com\\\/es\\\/nuestras-soluciones\\\/\"},{\"@type\":\"ListItem\",\"position\":3,\"name\":\"Contra la lluvia\"}]},{\"@type\":\"WebSite\",\"@id\":\"https:\\\/\\\/ripack.com\\\/#website\",\"url\":\"https:\\\/\\\/ripack.com\\\/\",\"name\":\"ripack\",\"description\":\"Un site utilisant WordPress\",\"potentialAction\":[{\"@type\":\"SearchAction\",\"target\":{\"@type\":\"EntryPoint\",\"urlTemplate\":\"https:\\\/\\\/ripack.com\\\/?s={search_term_string}\"},\"query-input\":{\"@type\":\"PropertyValueSpecification\",\"valueRequired\":true,\"valueName\":\"search_term_string\"}}],\"inLanguage\":\"es\"}]}<\/script>\n<!-- \/ Yoast SEO plugin. -->","yoast_head_json":{"title":"Emballage de protection professionnel | Sp\u00e9cial pluie et humidit\u00e9 | Ripack","description":"D\u00e9couvrez nos solutions de protection contre la pluie et l'humidit\u00e9. Emballage professionnel. 40 ans d\u2019exp\u00e9rience. S\u00e9curit\u00e9 maximale. Garantie 1 an de pi\u00e8ces et main d'\u0153uvre.","robots":{"index":"index","follow":"follow","max-snippet":"max-snippet:-1","max-image-preview":"max-image-preview:large","max-video-preview":"max-video-preview:-1"},"canonical":"https:\/\/ripack.com\/es\/nuestras-soluciones\/contra-la-lluvia\/","og_locale":"es_ES","og_type":"article","og_title":"Emballage de protection professionnel | Sp\u00e9cial pluie et humidit\u00e9 | Ripack","og_description":"D\u00e9couvrez nos solutions de protection contre la pluie et l'humidit\u00e9. Emballage professionnel. 40 ans d\u2019exp\u00e9rience. S\u00e9curit\u00e9 maximale. Garantie 1 an de pi\u00e8ces et main d'\u0153uvre.","og_url":"https:\/\/ripack.com\/es\/nuestras-soluciones\/contra-la-lluvia\/","og_site_name":"ripack","article_modified_time":"2025-07-29T10:45:21+00:00","og_image":[{"width":200,"height":200,"url":"https:\/\/ripack.com\/wp-content\/uploads\/2019\/06\/film-retractable-protection-anti-pluie-2-thumb.jpg","type":"image\/jpeg"}],"twitter_card":"summary_large_image","twitter_misc":{"Tiempo de lectura":"1 minuto"},"schema":{"@context":"https:\/\/schema.org","@graph":[{"@type":"WebPage","@id":"https:\/\/ripack.com\/es\/nuestras-soluciones\/contra-la-lluvia\/","url":"https:\/\/ripack.com\/es\/nuestras-soluciones\/contra-la-lluvia\/","name":"Emballage de protection professionnel | Sp\u00e9cial pluie et humidit\u00e9 | Ripack","isPartOf":{"@id":"https:\/\/ripack.com\/#website"},"primaryImageOfPage":{"@id":"https:\/\/ripack.com\/es\/nuestras-soluciones\/contra-la-lluvia\/#primaryimage"},"image":{"@id":"https:\/\/ripack.com\/es\/nuestras-soluciones\/contra-la-lluvia\/#primaryimage"},"thumbnailUrl":"https:\/\/ripack.com\/wp-content\/uploads\/2019\/06\/film-retractable-protection-anti-pluie-2-thumb.jpg","datePublished":"2019-05-27T13:26:53+00:00","dateModified":"2025-07-29T10:45:21+00:00","description":"D\u00e9couvrez nos solutions de protection contre la pluie et l'humidit\u00e9. Emballage professionnel. 40 ans d\u2019exp\u00e9rience. S\u00e9curit\u00e9 maximale. Garantie 1 an de pi\u00e8ces et main d'\u0153uvre.","breadcrumb":{"@id":"https:\/\/ripack.com\/es\/nuestras-soluciones\/contra-la-lluvia\/#breadcrumb"},"inLanguage":"es","potentialAction":[{"@type":"ReadAction","target":["https:\/\/ripack.com\/es\/nuestras-soluciones\/contra-la-lluvia\/"]}]},{"@type":"ImageObject","inLanguage":"es","@id":"https:\/\/ripack.com\/es\/nuestras-soluciones\/contra-la-lluvia\/#primaryimage","url":"https:\/\/ripack.com\/wp-content\/uploads\/2019\/06\/film-retractable-protection-anti-pluie-2-thumb.jpg","contentUrl":"https:\/\/ripack.com\/wp-content\/uploads\/2019\/06\/film-retractable-protection-anti-pluie-2-thumb.jpg","width":200,"height":200,"caption":"Emballage protection pluie humidit\u00e9 Ripack"},{"@type":"BreadcrumbList","@id":"https:\/\/ripack.com\/es\/nuestras-soluciones\/contra-la-lluvia\/#breadcrumb","itemListElement":[{"@type":"ListItem","position":1,"name":"Accueil","item":"https:\/\/ripack.com\/es\/"},{"@type":"ListItem","position":2,"name":"Nuestras soluciones","item":"https:\/\/ripack.com\/es\/nuestras-soluciones\/"},{"@type":"ListItem","position":3,"name":"Contra la lluvia"}]},{"@type":"WebSite","@id":"https:\/\/ripack.com\/#website","url":"https:\/\/ripack.com\/","name":"ripack","description":"Un site utilisant WordPress","potentialAction":[{"@type":"SearchAction","target":{"@type":"EntryPoint","urlTemplate":"https:\/\/ripack.com\/?s={search_term_string}"},"query-input":{"@type":"PropertyValueSpecification","valueRequired":true,"valueName":"search_term_string"}}],"inLanguage":"es"}]}},"_links":{"self":[{"href":"https:\/\/ripack.com\/es\/wp-json\/wp\/v2\/pages\/3705","targetHints":{"allow":["GET"]}}],"collection":[{"href":"https:\/\/ripack.com\/es\/wp-json\/wp\/v2\/pages"}],"about":[{"href":"https:\/\/ripack.com\/es\/wp-json\/wp\/v2\/types\/page"}],"author":[{"embeddable":true,"href":"https:\/\/ripack.com\/es\/wp-json\/wp\/v2\/users\/1"}],"replies":[{"embeddable":true,"href":"https:\/\/ripack.com\/es\/wp-json\/wp\/v2\/comments?post=3705"}],"version-history":[{"count":3,"href":"https:\/\/ripack.com\/es\/wp-json\/wp\/v2\/pages\/3705\/revisions"}],"predecessor-version":[{"id":11757,"href":"https:\/\/ripack.com\/es\/wp-json\/wp\/v2\/pages\/3705\/revisions\/11757"}],"up":[{"embeddable":true,"href":"https:\/\/ripack.com\/es\/wp-json\/wp\/v2\/pages\/3700"}],"wp:featuredmedia":[{"embeddable":true,"href":"https:\/\/ripack.com\/es\/wp-json\/wp\/v2\/media\/1202"}],"wp:attachment":[{"href":"https:\/\/ripack.com\/es\/wp-json\/wp\/v2\/media?parent=3705"}],"curies":[{"name":"wp","href":"https:\/\/api.w.org\/{rel}","templated":true}]}}