{"id":3717,"date":"2019-05-27T15:29:47","date_gmt":"2019-05-27T13:29:47","guid":{"rendered":"https:\/\/ripack.com\/?page_id=3717"},"modified":"2025-07-29T12:38:48","modified_gmt":"2025-07-29T10:38:48","slug":"proteccion-de-cargas-voluminosas","status":"publish","type":"page","link":"https:\/\/ripack.com\/es\/nuestras-aplicaciones\/proteccion-de-cargas-voluminosas\/","title":{"rendered":"Protecci\u00f3n de cargas voluminosas"},"content":{"rendered":"<p>Cuando se inicia un negocio, se piensa hasta tarde en el empaque, especialmente para productos voluminosos.<\/p>\n","protected":false},"excerpt":{"rendered":"<p>Cuando se inicia un negocio, se piensa hasta tarde en el empaque, especialmente para productos voluminosos.<\/p>\n","protected":false},"author":1,"featured_media":1175,"parent":3715,"menu_order":0,"comment_status":"closed","ping_status":"closed","template":"page-basique-content.php","meta":{"_acf_changed":false,"footnotes":""},"class_list":["post-3717","page","type-page","status-publish","has-post-thumbnail","hentry"],"acf":[],"yoast_head":"<!-- This site is optimized with the Yoast SEO plugin v27.3 - https:\/\/yoast.com\/product\/yoast-seo-wordpress\/ -->\n<title>Embalaje profesional | Protecci\u00f3n de cargas voluminosas | Ripack<\/title>\n<meta name=\"description\" content=\"Descubra nuestras protecciones para cargas y mercanc\u00edas voluminosas. Embalaje profesional. 40 a\u00f1os de experiencia. M\u00e1xima seguridad. 1 a\u00f1o de garant\u00eda de piezas y mano de obra.\" \/>\n<meta name=\"robots\" content=\"index, follow, max-snippet:-1, max-image-preview:large, max-video-preview:-1\" \/>\n<link rel=\"canonical\" href=\"https:\/\/ripack.com\/es\/nuestras-aplicaciones\/proteccion-de-cargas-voluminosas\/\" \/>\n<meta property=\"og:locale\" content=\"es_ES\" \/>\n<meta property=\"og:type\" content=\"article\" \/>\n<meta property=\"og:title\" content=\"Embalaje profesional | Protecci\u00f3n de cargas voluminosas | Ripack\" \/>\n<meta property=\"og:description\" content=\"Descubra nuestras protecciones para cargas y mercanc\u00edas voluminosas. Embalaje profesional. 40 a\u00f1os de experiencia. M\u00e1xima seguridad. 1 a\u00f1o de garant\u00eda de piezas y mano de obra.\" \/>\n<meta property=\"og:url\" content=\"https:\/\/ripack.com\/es\/nuestras-aplicaciones\/proteccion-de-cargas-voluminosas\/\" \/>\n<meta property=\"og:site_name\" content=\"ripack\" \/>\n<meta property=\"article:modified_time\" content=\"2025-07-29T10:38:48+00:00\" \/>\n<meta property=\"og:image\" content=\"https:\/\/ripack.com\/wp-content\/uploads\/2019\/06\/portection-produits-volumineux-thumb.jpg\" \/>\n\t<meta property=\"og:image:width\" content=\"200\" \/>\n\t<meta property=\"og:image:height\" content=\"200\" \/>\n\t<meta property=\"og:image:type\" content=\"image\/jpeg\" \/>\n<meta name=\"twitter:card\" content=\"summary_large_image\" \/>\n<meta name=\"twitter:label1\" content=\"Tiempo de lectura\" \/>\n\t<meta name=\"twitter:data1\" content=\"1 minuto\" \/>\n<script type=\"application\/ld+json\" class=\"yoast-schema-graph\">{\"@context\":\"https:\\\/\\\/schema.org\",\"@graph\":[{\"@type\":\"WebPage\",\"@id\":\"https:\\\/\\\/ripack.com\\\/es\\\/nuestras-aplicaciones\\\/proteccion-de-cargas-voluminosas\\\/\",\"url\":\"https:\\\/\\\/ripack.com\\\/es\\\/nuestras-aplicaciones\\\/proteccion-de-cargas-voluminosas\\\/\",\"name\":\"Embalaje profesional | Protecci\u00f3n de cargas voluminosas | Ripack\",\"isPartOf\":{\"@id\":\"https:\\\/\\\/ripack.com\\\/#website\"},\"primaryImageOfPage\":{\"@id\":\"https:\\\/\\\/ripack.com\\\/es\\\/nuestras-aplicaciones\\\/proteccion-de-cargas-voluminosas\\\/#primaryimage\"},\"image\":{\"@id\":\"https:\\\/\\\/ripack.com\\\/es\\\/nuestras-aplicaciones\\\/proteccion-de-cargas-voluminosas\\\/#primaryimage\"},\"thumbnailUrl\":\"https:\\\/\\\/ripack.com\\\/wp-content\\\/uploads\\\/2019\\\/06\\\/portection-produits-volumineux-thumb.jpg\",\"datePublished\":\"2019-05-27T13:29:47+00:00\",\"dateModified\":\"2025-07-29T10:38:48+00:00\",\"description\":\"Descubra nuestras protecciones para cargas y mercanc\u00edas voluminosas. Embalaje profesional. 40 a\u00f1os de experiencia. M\u00e1xima seguridad. 1 a\u00f1o de garant\u00eda de piezas y mano de obra.\",\"breadcrumb\":{\"@id\":\"https:\\\/\\\/ripack.com\\\/es\\\/nuestras-aplicaciones\\\/proteccion-de-cargas-voluminosas\\\/#breadcrumb\"},\"inLanguage\":\"es\",\"potentialAction\":[{\"@type\":\"ReadAction\",\"target\":[\"https:\\\/\\\/ripack.com\\\/es\\\/nuestras-aplicaciones\\\/proteccion-de-cargas-voluminosas\\\/\"]}]},{\"@type\":\"ImageObject\",\"inLanguage\":\"es\",\"@id\":\"https:\\\/\\\/ripack.com\\\/es\\\/nuestras-aplicaciones\\\/proteccion-de-cargas-voluminosas\\\/#primaryimage\",\"url\":\"https:\\\/\\\/ripack.com\\\/wp-content\\\/uploads\\\/2019\\\/06\\\/portection-produits-volumineux-thumb.jpg\",\"contentUrl\":\"https:\\\/\\\/ripack.com\\\/wp-content\\\/uploads\\\/2019\\\/06\\\/portection-produits-volumineux-thumb.jpg\",\"width\":200,\"height\":200,\"caption\":\"Protection des charges volumineuses marchandises Ripack\"},{\"@type\":\"BreadcrumbList\",\"@id\":\"https:\\\/\\\/ripack.com\\\/es\\\/nuestras-aplicaciones\\\/proteccion-de-cargas-voluminosas\\\/#breadcrumb\",\"itemListElement\":[{\"@type\":\"ListItem\",\"position\":1,\"name\":\"Accueil\",\"item\":\"https:\\\/\\\/ripack.com\\\/es\\\/\"},{\"@type\":\"ListItem\",\"position\":2,\"name\":\"Nuestras aplicaciones\",\"item\":\"https:\\\/\\\/ripack.com\\\/es\\\/nuestras-aplicaciones\\\/\"},{\"@type\":\"ListItem\",\"position\":3,\"name\":\"Protecci\u00f3n de cargas voluminosas\"}]},{\"@type\":\"WebSite\",\"@id\":\"https:\\\/\\\/ripack.com\\\/#website\",\"url\":\"https:\\\/\\\/ripack.com\\\/\",\"name\":\"ripack\",\"description\":\"Un site utilisant WordPress\",\"potentialAction\":[{\"@type\":\"SearchAction\",\"target\":{\"@type\":\"EntryPoint\",\"urlTemplate\":\"https:\\\/\\\/ripack.com\\\/?s={search_term_string}\"},\"query-input\":{\"@type\":\"PropertyValueSpecification\",\"valueRequired\":true,\"valueName\":\"search_term_string\"}}],\"inLanguage\":\"es\"}]}<\/script>\n<!-- \/ Yoast SEO plugin. -->","yoast_head_json":{"title":"Embalaje profesional | Protecci\u00f3n de cargas voluminosas | Ripack","description":"Descubra nuestras protecciones para cargas y mercanc\u00edas voluminosas. Embalaje profesional. 40 a\u00f1os de experiencia. M\u00e1xima seguridad. 1 a\u00f1o de garant\u00eda de piezas y mano de obra.","robots":{"index":"index","follow":"follow","max-snippet":"max-snippet:-1","max-image-preview":"max-image-preview:large","max-video-preview":"max-video-preview:-1"},"canonical":"https:\/\/ripack.com\/es\/nuestras-aplicaciones\/proteccion-de-cargas-voluminosas\/","og_locale":"es_ES","og_type":"article","og_title":"Embalaje profesional | Protecci\u00f3n de cargas voluminosas | Ripack","og_description":"Descubra nuestras protecciones para cargas y mercanc\u00edas voluminosas. Embalaje profesional. 40 a\u00f1os de experiencia. M\u00e1xima seguridad. 1 a\u00f1o de garant\u00eda de piezas y mano de obra.","og_url":"https:\/\/ripack.com\/es\/nuestras-aplicaciones\/proteccion-de-cargas-voluminosas\/","og_site_name":"ripack","article_modified_time":"2025-07-29T10:38:48+00:00","og_image":[{"width":200,"height":200,"url":"https:\/\/ripack.com\/wp-content\/uploads\/2019\/06\/portection-produits-volumineux-thumb.jpg","type":"image\/jpeg"}],"twitter_card":"summary_large_image","twitter_misc":{"Tiempo de lectura":"1 minuto"},"schema":{"@context":"https:\/\/schema.org","@graph":[{"@type":"WebPage","@id":"https:\/\/ripack.com\/es\/nuestras-aplicaciones\/proteccion-de-cargas-voluminosas\/","url":"https:\/\/ripack.com\/es\/nuestras-aplicaciones\/proteccion-de-cargas-voluminosas\/","name":"Embalaje profesional | Protecci\u00f3n de cargas voluminosas | Ripack","isPartOf":{"@id":"https:\/\/ripack.com\/#website"},"primaryImageOfPage":{"@id":"https:\/\/ripack.com\/es\/nuestras-aplicaciones\/proteccion-de-cargas-voluminosas\/#primaryimage"},"image":{"@id":"https:\/\/ripack.com\/es\/nuestras-aplicaciones\/proteccion-de-cargas-voluminosas\/#primaryimage"},"thumbnailUrl":"https:\/\/ripack.com\/wp-content\/uploads\/2019\/06\/portection-produits-volumineux-thumb.jpg","datePublished":"2019-05-27T13:29:47+00:00","dateModified":"2025-07-29T10:38:48+00:00","description":"Descubra nuestras protecciones para cargas y mercanc\u00edas voluminosas. Embalaje profesional. 40 a\u00f1os de experiencia. M\u00e1xima seguridad. 1 a\u00f1o de garant\u00eda de piezas y mano de obra.","breadcrumb":{"@id":"https:\/\/ripack.com\/es\/nuestras-aplicaciones\/proteccion-de-cargas-voluminosas\/#breadcrumb"},"inLanguage":"es","potentialAction":[{"@type":"ReadAction","target":["https:\/\/ripack.com\/es\/nuestras-aplicaciones\/proteccion-de-cargas-voluminosas\/"]}]},{"@type":"ImageObject","inLanguage":"es","@id":"https:\/\/ripack.com\/es\/nuestras-aplicaciones\/proteccion-de-cargas-voluminosas\/#primaryimage","url":"https:\/\/ripack.com\/wp-content\/uploads\/2019\/06\/portection-produits-volumineux-thumb.jpg","contentUrl":"https:\/\/ripack.com\/wp-content\/uploads\/2019\/06\/portection-produits-volumineux-thumb.jpg","width":200,"height":200,"caption":"Protection des charges volumineuses marchandises Ripack"},{"@type":"BreadcrumbList","@id":"https:\/\/ripack.com\/es\/nuestras-aplicaciones\/proteccion-de-cargas-voluminosas\/#breadcrumb","itemListElement":[{"@type":"ListItem","position":1,"name":"Accueil","item":"https:\/\/ripack.com\/es\/"},{"@type":"ListItem","position":2,"name":"Nuestras aplicaciones","item":"https:\/\/ripack.com\/es\/nuestras-aplicaciones\/"},{"@type":"ListItem","position":3,"name":"Protecci\u00f3n de cargas voluminosas"}]},{"@type":"WebSite","@id":"https:\/\/ripack.com\/#website","url":"https:\/\/ripack.com\/","name":"ripack","description":"Un site utilisant WordPress","potentialAction":[{"@type":"SearchAction","target":{"@type":"EntryPoint","urlTemplate":"https:\/\/ripack.com\/?s={search_term_string}"},"query-input":{"@type":"PropertyValueSpecification","valueRequired":true,"valueName":"search_term_string"}}],"inLanguage":"es"}]}},"_links":{"self":[{"href":"https:\/\/ripack.com\/es\/wp-json\/wp\/v2\/pages\/3717","targetHints":{"allow":["GET"]}}],"collection":[{"href":"https:\/\/ripack.com\/es\/wp-json\/wp\/v2\/pages"}],"about":[{"href":"https:\/\/ripack.com\/es\/wp-json\/wp\/v2\/types\/page"}],"author":[{"embeddable":true,"href":"https:\/\/ripack.com\/es\/wp-json\/wp\/v2\/users\/1"}],"replies":[{"embeddable":true,"href":"https:\/\/ripack.com\/es\/wp-json\/wp\/v2\/comments?post=3717"}],"version-history":[{"count":5,"href":"https:\/\/ripack.com\/es\/wp-json\/wp\/v2\/pages\/3717\/revisions"}],"predecessor-version":[{"id":11755,"href":"https:\/\/ripack.com\/es\/wp-json\/wp\/v2\/pages\/3717\/revisions\/11755"}],"up":[{"embeddable":true,"href":"https:\/\/ripack.com\/es\/wp-json\/wp\/v2\/pages\/3715"}],"wp:featuredmedia":[{"embeddable":true,"href":"https:\/\/ripack.com\/es\/wp-json\/wp\/v2\/media\/1175"}],"wp:attachment":[{"href":"https:\/\/ripack.com\/es\/wp-json\/wp\/v2\/media?parent=3717"}],"curies":[{"name":"wp","href":"https:\/\/api.w.org\/{rel}","templated":true}]}}