{"id":3750,"date":"2019-05-27T15:54:23","date_gmt":"2019-05-27T13:54:23","guid":{"rendered":"https:\/\/ripack.com\/?page_id=3750"},"modified":"2023-10-12T14:17:45","modified_gmt":"2023-10-12T12:17:45","slug":"el-film-retractil-opaco-o-translucido","status":"publish","type":"page","link":"https:\/\/ripack.com\/es\/el-film-retractil\/el-film-retractil-opaco-o-translucido\/","title":{"rendered":"El film retr\u00e1ctil opaco o transl\u00facido"},"content":{"rendered":"","protected":false},"excerpt":{"rendered":"","protected":false},"author":1,"featured_media":0,"parent":3737,"menu_order":0,"comment_status":"closed","ping_status":"closed","template":"page-basique-content.php","meta":{"_acf_changed":false,"footnotes":""},"class_list":["post-3750","page","type-page","status-publish","hentry"],"acf":[],"yoast_head":"<!-- This site is optimized with the Yoast SEO plugin v27.3 - https:\/\/yoast.com\/product\/yoast-seo-wordpress\/ -->\n<title>Embalaje profesional | Pel\u00edcula retr\u00e1ctil opaca o transl\u00facida | Ripack<\/title>\n<meta name=\"description\" content=\"Esconda y proteja sus productos gracias a la pel\u00edcula retr\u00e1ctil opaca y transl\u00facida. Envasado eficiente y profesional. 40 a\u00f1os de experiencia. 1 a\u00f1o de garant\u00eda de piezas y mano de obra.\" \/>\n<meta name=\"robots\" content=\"index, follow, max-snippet:-1, max-image-preview:large, max-video-preview:-1\" \/>\n<link rel=\"canonical\" href=\"https:\/\/ripack.com\/es\/el-film-retractil\/el-film-retractil-opaco-o-translucido\/\" \/>\n<meta property=\"og:locale\" content=\"es_ES\" \/>\n<meta property=\"og:type\" content=\"article\" \/>\n<meta property=\"og:title\" content=\"Embalaje profesional | Pel\u00edcula retr\u00e1ctil opaca o transl\u00facida | Ripack\" \/>\n<meta property=\"og:description\" content=\"Esconda y proteja sus productos gracias a la pel\u00edcula retr\u00e1ctil opaca y transl\u00facida. Envasado eficiente y profesional. 40 a\u00f1os de experiencia. 1 a\u00f1o de garant\u00eda de piezas y mano de obra.\" \/>\n<meta property=\"og:url\" content=\"https:\/\/ripack.com\/es\/el-film-retractil\/el-film-retractil-opaco-o-translucido\/\" \/>\n<meta property=\"og:site_name\" content=\"ripack\" \/>\n<meta property=\"article:modified_time\" content=\"2023-10-12T12:17:45+00:00\" \/>\n<meta name=\"twitter:card\" content=\"summary_large_image\" \/>\n<script type=\"application\/ld+json\" class=\"yoast-schema-graph\">{\"@context\":\"https:\\\/\\\/schema.org\",\"@graph\":[{\"@type\":\"WebPage\",\"@id\":\"https:\\\/\\\/ripack.com\\\/es\\\/el-film-retractil\\\/el-film-retractil-opaco-o-translucido\\\/\",\"url\":\"https:\\\/\\\/ripack.com\\\/es\\\/el-film-retractil\\\/el-film-retractil-opaco-o-translucido\\\/\",\"name\":\"Embalaje profesional | Pel\u00edcula retr\u00e1ctil opaca o transl\u00facida | Ripack\",\"isPartOf\":{\"@id\":\"https:\\\/\\\/ripack.com\\\/#website\"},\"datePublished\":\"2019-05-27T13:54:23+00:00\",\"dateModified\":\"2023-10-12T12:17:45+00:00\",\"description\":\"Esconda y proteja sus productos gracias a la pel\u00edcula retr\u00e1ctil opaca y transl\u00facida. Envasado eficiente y profesional. 40 a\u00f1os de experiencia. 1 a\u00f1o de garant\u00eda de piezas y mano de obra.\",\"breadcrumb\":{\"@id\":\"https:\\\/\\\/ripack.com\\\/es\\\/el-film-retractil\\\/el-film-retractil-opaco-o-translucido\\\/#breadcrumb\"},\"inLanguage\":\"es\",\"potentialAction\":[{\"@type\":\"ReadAction\",\"target\":[\"https:\\\/\\\/ripack.com\\\/es\\\/el-film-retractil\\\/el-film-retractil-opaco-o-translucido\\\/\"]}]},{\"@type\":\"BreadcrumbList\",\"@id\":\"https:\\\/\\\/ripack.com\\\/es\\\/el-film-retractil\\\/el-film-retractil-opaco-o-translucido\\\/#breadcrumb\",\"itemListElement\":[{\"@type\":\"ListItem\",\"position\":1,\"name\":\"Accueil\",\"item\":\"https:\\\/\\\/ripack.com\\\/es\\\/\"},{\"@type\":\"ListItem\",\"position\":2,\"name\":\"El film retr\u00e1ctil\",\"item\":\"https:\\\/\\\/ripack.com\\\/es\\\/el-film-retractil\\\/\"},{\"@type\":\"ListItem\",\"position\":3,\"name\":\"El film retr\u00e1ctil opaco o transl\u00facido\"}]},{\"@type\":\"WebSite\",\"@id\":\"https:\\\/\\\/ripack.com\\\/#website\",\"url\":\"https:\\\/\\\/ripack.com\\\/\",\"name\":\"ripack\",\"description\":\"Un site utilisant WordPress\",\"potentialAction\":[{\"@type\":\"SearchAction\",\"target\":{\"@type\":\"EntryPoint\",\"urlTemplate\":\"https:\\\/\\\/ripack.com\\\/?s={search_term_string}\"},\"query-input\":{\"@type\":\"PropertyValueSpecification\",\"valueRequired\":true,\"valueName\":\"search_term_string\"}}],\"inLanguage\":\"es\"}]}<\/script>\n<!-- \/ Yoast SEO plugin. -->","yoast_head_json":{"title":"Embalaje profesional | Pel\u00edcula retr\u00e1ctil opaca o transl\u00facida | Ripack","description":"Esconda y proteja sus productos gracias a la pel\u00edcula retr\u00e1ctil opaca y transl\u00facida. Envasado eficiente y profesional. 40 a\u00f1os de experiencia. 1 a\u00f1o de garant\u00eda de piezas y mano de obra.","robots":{"index":"index","follow":"follow","max-snippet":"max-snippet:-1","max-image-preview":"max-image-preview:large","max-video-preview":"max-video-preview:-1"},"canonical":"https:\/\/ripack.com\/es\/el-film-retractil\/el-film-retractil-opaco-o-translucido\/","og_locale":"es_ES","og_type":"article","og_title":"Embalaje profesional | Pel\u00edcula retr\u00e1ctil opaca o transl\u00facida | Ripack","og_description":"Esconda y proteja sus productos gracias a la pel\u00edcula retr\u00e1ctil opaca y transl\u00facida. Envasado eficiente y profesional. 40 a\u00f1os de experiencia. 1 a\u00f1o de garant\u00eda de piezas y mano de obra.","og_url":"https:\/\/ripack.com\/es\/el-film-retractil\/el-film-retractil-opaco-o-translucido\/","og_site_name":"ripack","article_modified_time":"2023-10-12T12:17:45+00:00","twitter_card":"summary_large_image","schema":{"@context":"https:\/\/schema.org","@graph":[{"@type":"WebPage","@id":"https:\/\/ripack.com\/es\/el-film-retractil\/el-film-retractil-opaco-o-translucido\/","url":"https:\/\/ripack.com\/es\/el-film-retractil\/el-film-retractil-opaco-o-translucido\/","name":"Embalaje profesional | Pel\u00edcula retr\u00e1ctil opaca o transl\u00facida | Ripack","isPartOf":{"@id":"https:\/\/ripack.com\/#website"},"datePublished":"2019-05-27T13:54:23+00:00","dateModified":"2023-10-12T12:17:45+00:00","description":"Esconda y proteja sus productos gracias a la pel\u00edcula retr\u00e1ctil opaca y transl\u00facida. Envasado eficiente y profesional. 40 a\u00f1os de experiencia. 1 a\u00f1o de garant\u00eda de piezas y mano de obra.","breadcrumb":{"@id":"https:\/\/ripack.com\/es\/el-film-retractil\/el-film-retractil-opaco-o-translucido\/#breadcrumb"},"inLanguage":"es","potentialAction":[{"@type":"ReadAction","target":["https:\/\/ripack.com\/es\/el-film-retractil\/el-film-retractil-opaco-o-translucido\/"]}]},{"@type":"BreadcrumbList","@id":"https:\/\/ripack.com\/es\/el-film-retractil\/el-film-retractil-opaco-o-translucido\/#breadcrumb","itemListElement":[{"@type":"ListItem","position":1,"name":"Accueil","item":"https:\/\/ripack.com\/es\/"},{"@type":"ListItem","position":2,"name":"El film retr\u00e1ctil","item":"https:\/\/ripack.com\/es\/el-film-retractil\/"},{"@type":"ListItem","position":3,"name":"El film retr\u00e1ctil opaco o transl\u00facido"}]},{"@type":"WebSite","@id":"https:\/\/ripack.com\/#website","url":"https:\/\/ripack.com\/","name":"ripack","description":"Un site utilisant WordPress","potentialAction":[{"@type":"SearchAction","target":{"@type":"EntryPoint","urlTemplate":"https:\/\/ripack.com\/?s={search_term_string}"},"query-input":{"@type":"PropertyValueSpecification","valueRequired":true,"valueName":"search_term_string"}}],"inLanguage":"es"}]}},"_links":{"self":[{"href":"https:\/\/ripack.com\/es\/wp-json\/wp\/v2\/pages\/3750","targetHints":{"allow":["GET"]}}],"collection":[{"href":"https:\/\/ripack.com\/es\/wp-json\/wp\/v2\/pages"}],"about":[{"href":"https:\/\/ripack.com\/es\/wp-json\/wp\/v2\/types\/page"}],"author":[{"embeddable":true,"href":"https:\/\/ripack.com\/es\/wp-json\/wp\/v2\/users\/1"}],"replies":[{"embeddable":true,"href":"https:\/\/ripack.com\/es\/wp-json\/wp\/v2\/comments?post=3750"}],"version-history":[{"count":1,"href":"https:\/\/ripack.com\/es\/wp-json\/wp\/v2\/pages\/3750\/revisions"}],"predecessor-version":[{"id":3751,"href":"https:\/\/ripack.com\/es\/wp-json\/wp\/v2\/pages\/3750\/revisions\/3751"}],"up":[{"embeddable":true,"href":"https:\/\/ripack.com\/es\/wp-json\/wp\/v2\/pages\/3737"}],"wp:attachment":[{"href":"https:\/\/ripack.com\/es\/wp-json\/wp\/v2\/media?parent=3750"}],"curies":[{"name":"wp","href":"https:\/\/api.w.org\/{rel}","templated":true}]}}