{"id":3752,"date":"2019-05-27T15:55:05","date_gmt":"2019-05-27T13:55:05","guid":{"rendered":"https:\/\/ripack.com\/?page_id=3752"},"modified":"2025-07-29T17:04:44","modified_gmt":"2025-07-29T15:04:44","slug":"las-fundas-termo-retractiles","status":"publish","type":"page","link":"https:\/\/ripack.com\/es\/el-film-retractil\/las-fundas-termo-retractiles\/","title":{"rendered":"Las fundas termo-retr\u00e1ctiles"},"content":{"rendered":"","protected":false},"excerpt":{"rendered":"","protected":false},"author":1,"featured_media":0,"parent":3737,"menu_order":0,"comment_status":"closed","ping_status":"closed","template":"page-basique-content.php","meta":{"_acf_changed":false,"footnotes":""},"class_list":["post-3752","page","type-page","status-publish","hentry"],"acf":[],"yoast_head":"<!-- This site is optimized with the Yoast SEO plugin v27.3 - https:\/\/yoast.com\/product\/yoast-seo-wordpress\/ -->\n<title>Embalaje profesional | Caja retr\u00e1ctil | Ripack<\/title>\n<meta name=\"description\" content=\"Proteja sus bienes f\u00e1cilmente con las cubiertas retr\u00e1ctiles. Una soluci\u00f3n eficiente y profesional. 40 a\u00f1os de experiencia. 1 a\u00f1o de garant\u00eda de piezas y mano de obra.\" \/>\n<meta name=\"robots\" content=\"index, follow, max-snippet:-1, max-image-preview:large, max-video-preview:-1\" \/>\n<link rel=\"canonical\" href=\"https:\/\/ripack.com\/es\/el-film-retractil\/las-fundas-termo-retractiles\/\" \/>\n<meta property=\"og:locale\" content=\"es_ES\" \/>\n<meta property=\"og:type\" content=\"article\" \/>\n<meta property=\"og:title\" content=\"Embalaje profesional | Caja retr\u00e1ctil | Ripack\" \/>\n<meta property=\"og:description\" content=\"Proteja sus bienes f\u00e1cilmente con las cubiertas retr\u00e1ctiles. Una soluci\u00f3n eficiente y profesional. 40 a\u00f1os de experiencia. 1 a\u00f1o de garant\u00eda de piezas y mano de obra.\" \/>\n<meta property=\"og:url\" content=\"https:\/\/ripack.com\/es\/el-film-retractil\/las-fundas-termo-retractiles\/\" \/>\n<meta property=\"og:site_name\" content=\"ripack\" \/>\n<meta property=\"article:modified_time\" content=\"2025-07-29T15:04:44+00:00\" \/>\n<meta name=\"twitter:card\" content=\"summary_large_image\" \/>\n<script type=\"application\/ld+json\" class=\"yoast-schema-graph\">{\"@context\":\"https:\\\/\\\/schema.org\",\"@graph\":[{\"@type\":\"WebPage\",\"@id\":\"https:\\\/\\\/ripack.com\\\/es\\\/el-film-retractil\\\/las-fundas-termo-retractiles\\\/\",\"url\":\"https:\\\/\\\/ripack.com\\\/es\\\/el-film-retractil\\\/las-fundas-termo-retractiles\\\/\",\"name\":\"Embalaje profesional | Caja retr\u00e1ctil | Ripack\",\"isPartOf\":{\"@id\":\"https:\\\/\\\/ripack.com\\\/#website\"},\"datePublished\":\"2019-05-27T13:55:05+00:00\",\"dateModified\":\"2025-07-29T15:04:44+00:00\",\"description\":\"Proteja sus bienes f\u00e1cilmente con las cubiertas retr\u00e1ctiles. Una soluci\u00f3n eficiente y profesional. 40 a\u00f1os de experiencia. 1 a\u00f1o de garant\u00eda de piezas y mano de obra.\",\"breadcrumb\":{\"@id\":\"https:\\\/\\\/ripack.com\\\/es\\\/el-film-retractil\\\/las-fundas-termo-retractiles\\\/#breadcrumb\"},\"inLanguage\":\"es\",\"potentialAction\":[{\"@type\":\"ReadAction\",\"target\":[\"https:\\\/\\\/ripack.com\\\/es\\\/el-film-retractil\\\/las-fundas-termo-retractiles\\\/\"]}]},{\"@type\":\"BreadcrumbList\",\"@id\":\"https:\\\/\\\/ripack.com\\\/es\\\/el-film-retractil\\\/las-fundas-termo-retractiles\\\/#breadcrumb\",\"itemListElement\":[{\"@type\":\"ListItem\",\"position\":1,\"name\":\"Accueil\",\"item\":\"https:\\\/\\\/ripack.com\\\/es\\\/\"},{\"@type\":\"ListItem\",\"position\":2,\"name\":\"El film retr\u00e1ctil\",\"item\":\"https:\\\/\\\/ripack.com\\\/es\\\/el-film-retractil\\\/\"},{\"@type\":\"ListItem\",\"position\":3,\"name\":\"Las fundas termo-retr\u00e1ctiles\"}]},{\"@type\":\"WebSite\",\"@id\":\"https:\\\/\\\/ripack.com\\\/#website\",\"url\":\"https:\\\/\\\/ripack.com\\\/\",\"name\":\"ripack\",\"description\":\"Un site utilisant WordPress\",\"potentialAction\":[{\"@type\":\"SearchAction\",\"target\":{\"@type\":\"EntryPoint\",\"urlTemplate\":\"https:\\\/\\\/ripack.com\\\/?s={search_term_string}\"},\"query-input\":{\"@type\":\"PropertyValueSpecification\",\"valueRequired\":true,\"valueName\":\"search_term_string\"}}],\"inLanguage\":\"es\"}]}<\/script>\n<!-- \/ Yoast SEO plugin. -->","yoast_head_json":{"title":"Embalaje profesional | Caja retr\u00e1ctil | Ripack","description":"Proteja sus bienes f\u00e1cilmente con las cubiertas retr\u00e1ctiles. Una soluci\u00f3n eficiente y profesional. 40 a\u00f1os de experiencia. 1 a\u00f1o de garant\u00eda de piezas y mano de obra.","robots":{"index":"index","follow":"follow","max-snippet":"max-snippet:-1","max-image-preview":"max-image-preview:large","max-video-preview":"max-video-preview:-1"},"canonical":"https:\/\/ripack.com\/es\/el-film-retractil\/las-fundas-termo-retractiles\/","og_locale":"es_ES","og_type":"article","og_title":"Embalaje profesional | Caja retr\u00e1ctil | Ripack","og_description":"Proteja sus bienes f\u00e1cilmente con las cubiertas retr\u00e1ctiles. Una soluci\u00f3n eficiente y profesional. 40 a\u00f1os de experiencia. 1 a\u00f1o de garant\u00eda de piezas y mano de obra.","og_url":"https:\/\/ripack.com\/es\/el-film-retractil\/las-fundas-termo-retractiles\/","og_site_name":"ripack","article_modified_time":"2025-07-29T15:04:44+00:00","twitter_card":"summary_large_image","schema":{"@context":"https:\/\/schema.org","@graph":[{"@type":"WebPage","@id":"https:\/\/ripack.com\/es\/el-film-retractil\/las-fundas-termo-retractiles\/","url":"https:\/\/ripack.com\/es\/el-film-retractil\/las-fundas-termo-retractiles\/","name":"Embalaje profesional | Caja retr\u00e1ctil | Ripack","isPartOf":{"@id":"https:\/\/ripack.com\/#website"},"datePublished":"2019-05-27T13:55:05+00:00","dateModified":"2025-07-29T15:04:44+00:00","description":"Proteja sus bienes f\u00e1cilmente con las cubiertas retr\u00e1ctiles. Una soluci\u00f3n eficiente y profesional. 40 a\u00f1os de experiencia. 1 a\u00f1o de garant\u00eda de piezas y mano de obra.","breadcrumb":{"@id":"https:\/\/ripack.com\/es\/el-film-retractil\/las-fundas-termo-retractiles\/#breadcrumb"},"inLanguage":"es","potentialAction":[{"@type":"ReadAction","target":["https:\/\/ripack.com\/es\/el-film-retractil\/las-fundas-termo-retractiles\/"]}]},{"@type":"BreadcrumbList","@id":"https:\/\/ripack.com\/es\/el-film-retractil\/las-fundas-termo-retractiles\/#breadcrumb","itemListElement":[{"@type":"ListItem","position":1,"name":"Accueil","item":"https:\/\/ripack.com\/es\/"},{"@type":"ListItem","position":2,"name":"El film retr\u00e1ctil","item":"https:\/\/ripack.com\/es\/el-film-retractil\/"},{"@type":"ListItem","position":3,"name":"Las fundas termo-retr\u00e1ctiles"}]},{"@type":"WebSite","@id":"https:\/\/ripack.com\/#website","url":"https:\/\/ripack.com\/","name":"ripack","description":"Un site utilisant WordPress","potentialAction":[{"@type":"SearchAction","target":{"@type":"EntryPoint","urlTemplate":"https:\/\/ripack.com\/?s={search_term_string}"},"query-input":{"@type":"PropertyValueSpecification","valueRequired":true,"valueName":"search_term_string"}}],"inLanguage":"es"}]}},"_links":{"self":[{"href":"https:\/\/ripack.com\/es\/wp-json\/wp\/v2\/pages\/3752","targetHints":{"allow":["GET"]}}],"collection":[{"href":"https:\/\/ripack.com\/es\/wp-json\/wp\/v2\/pages"}],"about":[{"href":"https:\/\/ripack.com\/es\/wp-json\/wp\/v2\/types\/page"}],"author":[{"embeddable":true,"href":"https:\/\/ripack.com\/es\/wp-json\/wp\/v2\/users\/1"}],"replies":[{"embeddable":true,"href":"https:\/\/ripack.com\/es\/wp-json\/wp\/v2\/comments?post=3752"}],"version-history":[{"count":4,"href":"https:\/\/ripack.com\/es\/wp-json\/wp\/v2\/pages\/3752\/revisions"}],"predecessor-version":[{"id":11772,"href":"https:\/\/ripack.com\/es\/wp-json\/wp\/v2\/pages\/3752\/revisions\/11772"}],"up":[{"embeddable":true,"href":"https:\/\/ripack.com\/es\/wp-json\/wp\/v2\/pages\/3737"}],"wp:attachment":[{"href":"https:\/\/ripack.com\/es\/wp-json\/wp\/v2\/media?parent=3752"}],"curies":[{"name":"wp","href":"https:\/\/api.w.org\/{rel}","templated":true}]}}