{"id":4374,"date":"2021-04-07T09:38:26","date_gmt":"2021-04-07T07:38:26","guid":{"rendered":"https:\/\/ripack.com\/?page_id=4374"},"modified":"2021-04-07T09:56:28","modified_gmt":"2021-04-07T07:56:28","slug":"politica-de-privacidad","status":"publish","type":"page","link":"https:\/\/ripack.com\/es\/politica-de-privacidad\/","title":{"rendered":"Pol\u00edtica de privacidad"},"content":{"rendered":"\n<div class=\"intro\">\n<p>Sefmat se compromete a proteger su privacidad. Cont\u00e1ctenos en contact@ripack.fr si tiene alguna pregunta o problema con respecto al uso de sus datos personales y estaremos encantados de ayudarle.<\/p>\n<p>Al utilizar este sitio y \/ o nuestros servicios, usted da su consentimiento para el procesamiento de sus datos personales como se describe en esta pol\u00edtica de privacidad.<\/p>\n<\/p><\/div>\n<h3>Indice<\/h3>\n<ol>\n<li><a href=\"#gdpr-definitions\">Definiciones utilizadas en esta pol\u00edtica<\/a><\/li>\n<li><a href=\"#gdpr-principles\">Los principios de protecci\u00f3n de datos que seguimos<\/a><\/li>\n<li><a href=\"#gdpr-rights\">Cu\u00e1les son sus derechos con respecto a sus datos personales<\/a><\/li>\n<li><a href=\"#gdpr-information\">\u00bfQu\u00e9 datos personales recopilamos sobre usted?<\/a><\/li>\n<li><a href=\"#gdpr-processing\">C\u00f3mo utilizamos sus datos personales<\/a><\/li>\n<li><a href=\"#gdpr-sharing\">\u00bfQui\u00e9n m\u00e1s tiene acceso a sus datos personales?<\/a><\/li>\n<li><a href=\"#gdpr-security\">C\u00f3mo protegemos sus datos<\/a><\/li>\n<li><a href=\"#gdpr-cookies\">Informaci\u00f3n sobre cookies<\/a><\/li>\n<li><a href=\"#gdpr-contact\">Informaci\u00f3n del contacto<\/a><\/li>\n<\/ol>\n<h3 id=\"gdpr-definitions\">Definiciones<\/h3>\n<p><strong>Datos personales<\/strong> : cualquier informaci\u00f3n relacionada con una persona f\u00edsica identificada o identificable. <br \/> <strong>Procesamiento<\/strong> : cualquier operaci\u00f3n o conjunto de operaciones que se llevan a cabo sobre datos personales o sobre conjuntos de datos personales. <br \/> <strong>Sujeto de<\/strong> datos: una persona f\u00edsica cuyos datos personales se procesan. <br \/> <strong>Ni\u00f1o<\/strong> : una persona f\u00edsica menor de 16 a\u00f1os. <br \/> <strong>Nosotros \/ nosotros<\/strong> (en may\u00fasculas o no) &#8211; Sefmat<\/p>\n<h3 id=\"gdpr-principles\">Principios de protecci\u00f3n de datos<\/h3>\n<p>Nos comprometemos a respetar los siguientes principios de protecci\u00f3n de datos:<\/p>\n<ul>\n<li>El procesamiento es legal, justo y transparente. Nuestras actividades de procesamiento tienen bases legales. Siempre tomamos en consideraci\u00f3n sus derechos antes de procesar datos personales. Le proporcionaremos informaci\u00f3n sobre el procesamiento de datos cuando lo solicite.<\/li>\n<li>El procesamiento se limita al prop\u00f3sito. Nuestras actividades de procesamiento corresponden al prop\u00f3sito para el cual se recopilaron los datos personales.<\/li>\n<li>El procesamiento se realiza con un m\u00ednimo de datos. Solo recopilamos y procesamos los datos personales m\u00ednimos requeridos para cualquier prop\u00f3sito.<\/li>\n<li>El procesamiento es por tiempo limitado. No conservaremos sus datos personales m\u00e1s tiempo del necesario.<\/li>\n<li>Haremos todo lo posible para garantizar la exactitud de los datos.<\/li>\n<li>Haremos todo lo posible para garantizar la integridad y confidencialidad de los datos.<\/li>\n<\/ul>\n<h3 id=\"gdpr-rights\">Derechos del interesado<\/h3>\n<p>El interesado tiene los siguientes derechos:<\/p>\n<ol>\n<li>Derecho a la informaci\u00f3n, lo que significa que tiene derecho a saber si se est\u00e1n procesando sus datos personales; qu\u00e9 datos se recopilan, d\u00f3nde se obtienen y por qu\u00e9 y por qui\u00e9n se procesan.<\/li>\n<li>Derecho de acceso, lo que significa que tiene derecho a acceder a los datos recopilados de usted o sobre usted. Esto incluye su derecho a solicitar y obtener una copia de los datos personales sobre usted que se hayan recopilado.<\/li>\n<li>Derecho de rectificaci\u00f3n, lo que significa que tiene derecho a solicitar la rectificaci\u00f3n o el borrado de sus datos personales que sean inexactos o incompletos.<\/li>\n<li>Derecho de borrado, lo que significa que, en determinadas circunstancias, puede solicitar que se borren sus datos personales de nuestros registros.<\/li>\n<li>Derecho a restringir el procesamiento, es decir, cuando se aplican ciertas condiciones, tiene derecho a restringir el procesamiento de sus datos personales.<\/li>\n<li>Derecho a oponerse al procesamiento, lo que significa que, en ciertos casos, tiene derecho a oponerse al procesamiento de sus datos personales, por ejemplo, en el caso del marketing directo.<\/li>\n<li>Derecho a oponerse al procesamiento automatizado, lo que significa que tiene derecho a oponerse al procesamiento automatizado, incluida la elaboraci\u00f3n de perfiles, y a no estar sujeto a una decisi\u00f3n basada \u00fanicamente en el procesamiento automatizado. Este derecho que puede ejercer siempre que el resultado de la elaboraci\u00f3n de perfiles produzca efectos legales que le afecten o le afecten significativamente.<\/li>\n<li>Derecho a la portabilidad de datos: tiene derecho a obtener sus datos personales en un formato legible por m\u00e1quina o, si es posible, en forma de transferencia directa de un procesador a otro.<\/li>\n<li>Derecho a presentar una queja: si denegamos su solicitud de derechos de acceso, le informaremos los motivos. Si no est\u00e1 satisfecho con la forma en que se tramit\u00f3 su solicitud, comun\u00edquese con nosotros.<\/li>\n<li>Derecho a recibir ayuda de la <a href=\"#gdpr-contact\">autoridad supervisora<\/a> , lo que significa que tiene derecho a recibir ayuda de la autoridad supervisora ??y derecho a otros recursos legales, como reclamar da\u00f1os y perjuicios.<\/li>\n<li>Derecho a retirar el consentimiento: tiene derecho a retirar cualquier consentimiento otorgado para el procesamiento de sus datos personales.<\/li>\n<\/ol>\n<h3 id=\"gdpr-information\">Los datos que recopilamos<\/h3>\n<p><strong>Informaci\u00f3n que nos ha proporcionado<\/strong><br \/> Puede ser su direcci\u00f3n de correo electr\u00f3nico, nombre, direcci\u00f3n de facturaci\u00f3n, domicilio, etc. &#8211; principalmente informaci\u00f3n necesaria para entregarle un producto \/ servicio o para mejorar su experiencia como cliente con nosotros. Guardamos la informaci\u00f3n que nos proporciona para que pueda realizar comentarios o realizar otras actividades en el sitio web. Esta informaci\u00f3n incluye, por ejemplo, su nombre y direcci\u00f3n de correo electr\u00f3nico.<\/p>\n<p><strong>Informaci\u00f3n recopilada autom\u00e1ticamente sobre usted<\/strong><br \/> Esto incluye informaci\u00f3n que las cookies y otras herramientas de sesi\u00f3n almacenan autom\u00e1ticamente. Por ejemplo, informaci\u00f3n sobre su carrito de compras, su direcci\u00f3n IP, su historial de compras (si lo hay), etc. Esta informaci\u00f3n se utiliza para mejorar su experiencia como cliente. Esta informaci\u00f3n se utiliza para mejorar su experiencia como cliente. Cuando utiliza nuestros servicios o ve el contenido de nuestro sitio web, es posible que se registren sus actividades.<\/p>\n<p><strong>Informaci\u00f3n de nuestros socios<\/strong><br \/> Recopilamos informaci\u00f3n de nuestros socios de confianza al confirmar que tienen fundamentos legales para comunic\u00e1rnosla. Se trata de informaci\u00f3n que les ha proporcionado directamente o informaci\u00f3n que han recopilado sobre usted por otras razones legales. Consulte la lista de nuestros socios <a href=\"#gdpr-sharing\">aqu\u00ed<\/a> .<\/p>\n<p><strong>Informaci\u00f3n disponible p\u00fablicamente<\/strong><br \/> Podemos recopilar informaci\u00f3n sobre usted que est\u00e9 disponible p\u00fablicamente.<\/p>\n<h3 id=\"gdpr-processing\">C\u00f3mo utilizamos sus datos personales<\/h3>\n<p>Usamos sus datos personales para:<\/p>\n<ul>\n<li>Brindarle nuestro servicio. Esto incluye, por ejemplo, registrar su cuenta, proporcionar otros productos y servicios que haya solicitado, proporcionar art\u00edculos promocionales a su solicitud y comunicarse con usted en relaci\u00f3n con esos productos y servicios, comunicarse e interactuar con usted y notificar los cambios a cualquier servicio.<\/li>\n<li>mejorar la experiencia de sus clientes;<\/li>\n<li>cumplir una obligaci\u00f3n legal o contractual;<\/li>\n<li>notificarle tan pronto como una oferta pueda corresponder a su solicitud.<\/li>\n<\/ul>\n<p>Usamos sus datos personales por motivos leg\u00edtimos y \/ o con su consentimiento.<\/p>\n<p>Debido a la celebraci\u00f3n de un contrato o al cumplimiento de obligaciones contractuales, procesamos sus datos personales para los siguientes prop\u00f3sitos:<\/p>\n<ul>\n<li>para identificarte;<\/li>\n<li>para proporcionarle un servicio o enviarle \/ ofrecerle un producto;<\/li>\n<li>para comunicar ya sea para venta o para facturaci\u00f3n.<\/li>\n<\/ul>\n<p>Sobre la base de un inter\u00e9s leg\u00edtimo, procesamos sus datos personales para los siguientes fines:<\/p>\n<ul>\n<li>para enviarle ofertas personalizadas * (de nosotros y \/ o de nuestros socios cuidadosamente seleccionados);<\/li>\n<li>administrar y analizar nuestra base de clientes (comportamiento de compra e historial) con el fin de mejorar la calidad, variedad y disponibilidad de los productos \/ servicios ofrecidos \/ prestados;<\/li>\n<li>para realizar encuestas de satisfacci\u00f3n del cliente.<\/li>\n<\/ul>\n<p>Siempre que no nos haya informado lo contrario, consideramos que nuestro inter\u00e9s leg\u00edtimo es ofrecerle productos \/ servicios que sean similares o id\u00e9nticos a su historial de compras \/ comportamiento de navegaci\u00f3n.<\/p>\n<p>Con su consentimiento, procesamos sus datos personales para los siguientes prop\u00f3sitos:<\/p>\n<ul>\n<li>para enviarle boletines informativos y ofertas de campa\u00f1as (de nosotros y \/ o de nuestros socios cuidadosamente seleccionados);<\/li>\n<li>para otros fines para los que hemos solicitado su consentimiento.<\/li>\n<\/ul>\n<p>Procesamos sus datos personales para cumplir con las obligaciones derivadas de la ley y \/ o para utilizar sus datos personales para las opciones previstas por la ley. Nos reservamos el derecho a anonimizar los datos personales recopilados y a utilizar estos datos. Solo usaremos datos fuera del alcance de esta pol\u00edtica si est\u00e1n anonimizados. Conservamos su informaci\u00f3n de facturaci\u00f3n y otra informaci\u00f3n recopilada sobre usted durante el tiempo que sea necesario para fines contables o para cumplir con otras obligaciones legales, pero no m\u00e1s all\u00e1 de la \u00abvida \u00fatil\u00bb de los datos personales definidos por la CNIL.<\/p>\n<p>Podemos procesar sus datos personales para fines adicionales que no se mencionan aqu\u00ed, pero que son compatibles con el prop\u00f3sito original para el que se recopilaron los datos. Para hacer esto, nos aseguraremos de que:<\/p>\n<ul>\n<li>el v\u00ednculo entre los prop\u00f3sitos, el contexto y la naturaleza de los datos personales es apropiado para su posterior procesamiento;<\/li>\n<li>el procesamiento posterior no perjudicar\u00eda sus intereses y<\/li>\n<li>habr\u00eda una garant\u00eda adecuada para el tratamiento.<\/li>\n<\/ul>\n<p>Le informaremos de cualquier procesamiento posterior y sus prop\u00f3sitos.<\/p>\n<h3 id=\"gdpr-sharing\">\u00bfQui\u00e9n m\u00e1s puede acceder a sus datos personales?<\/h3>\n<p>No compartimos sus datos personales con extra\u00f1os. En algunos casos, los datos personales que le conciernen se comunican a nuestros socios de confianza para hacer posible la prestaci\u00f3n del servicio o mejorar su experiencia como cliente.<\/p>\n<p>Solo trabajamos con socios de procesamiento que pueden garantizar un nivel adecuado de protecci\u00f3n de sus datos personales. Divulgamos sus datos personales a terceros o funcionarios cuando estamos legalmente obligados a hacerlo. Podemos divulgar sus datos personales a terceros si lo ha dado su consentimiento o si existen otros fundamentos legales.<\/p>\n<h3 id=\"gdpr-security\">C\u00f3mo protegemos sus datos<\/h3>\n<p>Hacemos todo lo posible para mantener seguros sus datos personales. Usamos protocolos seguros para la comunicaci\u00f3n y la transferencia de datos (como HTTPS). Usamos el anonimato y el seudonimato cuando corresponde. Monitoreamos nuestros sistemas en busca de posibles vulnerabilidades y ataques.<\/p>\n<p>Aunque hacemos nuestro mejor esfuerzo, no podemos garantizar la seguridad de la informaci\u00f3n. Sin embargo, nos comprometemos a informar a las autoridades competentes en caso de violaci\u00f3n de datos. Tambi\u00e9n le informaremos en caso de amenaza a sus derechos o intereses. Haremos todo lo que sea razonablemente posible para prevenir violaciones de seguridad y ayudar a las autoridades en caso de una violaci\u00f3n.<\/p>\n<p>Si tiene una cuenta con nosotros, tenga en cuenta que debe mantener en secreto su nombre de usuario y contrase\u00f1a.<\/p>\n<h3>Ni\u00f1os<\/h3>\n<p>No tenemos la intenci\u00f3n de recopilar o recopilar informaci\u00f3n de ni\u00f1os a sabiendas. No nos dirigimos a los ni\u00f1os con nuestros servicios.<\/p>\n<h3 id=\"gdpr-cookies\">Cookies y otras tecnolog\u00edas que utilizamos<\/h3>\n<p>Usamos cookies y \/ o tecnolog\u00edas similares para analizar el comportamiento del cliente, administrar el sitio web, rastrear los movimientos de los usuarios y recopilar informaci\u00f3n del usuario. Esto se hace para personalizar y mejorar su experiencia con nosotros.<\/p>\n<p>Una cookie es un peque\u00f1o archivo de texto almacenado en su computadora. Las cookies almacenan informaci\u00f3n que se utiliza para ayudar a que los sitios funcionen. Somos los \u00fanicos que podemos acceder a las cookies creadas por nuestro sitio web. Puede controlar sus cookies a nivel del navegador. Si elige deshabilitar las cookies, corre el riesgo de impedir el uso de determinadas funciones.<\/p>\n<p><strong>Usamos cookies para los siguientes prop\u00f3sitos:<\/strong><\/p>\n<ul>\n<li>Cookies necesarias: estas cookies son necesarias para que pueda utilizar algunas funciones importantes de nuestro sitio web, como iniciar sesi\u00f3n. Estas cookies no recopilan informaci\u00f3n personal.<\/li>\n<li>Cookies de funcionalidad: estas cookies brindan una funcionalidad que hace que el uso de nuestro servicio sea m\u00e1s conveniente y permite brindar una funcionalidad m\u00e1s personalizada. Por ejemplo, pueden recordar su nombre y direcci\u00f3n de correo electr\u00f3nico en los formularios de comentarios para que no tenga que ingresar esa informaci\u00f3n nuevamente la pr\u00f3xima vez que comente.<\/li>\n<li>Cookies anal\u00edticas: estas cookies se utilizan para rastrear el uso y el rendimiento de nuestro sitio web y nuestros servicios.<\/li>\n<li>Cookies publicitarias: estas cookies se utilizan para mostrar anuncios que son relevantes para usted y que coinciden con sus intereses. Adem\u00e1s, se utilizan para limitar la cantidad de veces que ve un anuncio. Por lo general, las redes publicitarias las colocan en el sitio web con el permiso del operador del sitio web. Estas cookies recuerdan el hecho de que ha visitado un sitio web y esta informaci\u00f3n se comparte con otras organizaciones, como los anunciantes. A menudo, las cookies de orientaci\u00f3n o publicidad est\u00e1n vinculadas a la funcionalidad del sitio proporcionada por la otra organizaci\u00f3n.<\/li>\n<\/ul>\n<p>Puede eliminar las cookies almacenadas en su computadora a trav\u00e9s de la configuraci\u00f3n de su navegador. Tambi\u00e9n puede controlar ciertas cookies de terceros mediante el uso de una plataforma de mejora de la privacidad como <a href=\"http:\/\/optout.aboutads.info\/%23!\/\" target=\"_blank\" rel=\"noopener noreferrer\">optout.aboutads.info<\/a> o <a href=\"http:\/\/www.youronlinechoices.com\/\" target=\"_blank\" rel=\"noopener noreferrer\">youronlinechoices.com<\/a> . Para obtener m\u00e1s informaci\u00f3n sobre las cookies, visite <a href=\"http:\/\/www.allaboutcookies.org\" target=\"_blank\" rel=\"noopener noreferrer\">allaboutcookies.org<\/a> .<\/p>\n<p>Usamos Google Analytics para medir el tr\u00e1fico en nuestro sitio web. Google tiene su propia pol\u00edtica de privacidad que puede ver <a href=\"https:\/\/support.google.com\/analytics\/answer\/6004245\" target=\"_blank\" rel=\"noopener noreferrer\">aqu\u00ed<\/a> . Si desea optar por el seguimiento de Google Analytics, visite la no aplicaci\u00f3n de Google Analytics a cabo <a href=\"https:\/\/tools.google.com\/dlpage\/gaoptout\" target=\"_blank\" rel=\"noopener noreferrer\">la p\u00e1gina<\/a> .<\/p>\n<h3 id=\"gdpr-contact\">Informaci\u00f3n del contacto<\/h3>\n<p><strong id=\"gdpr-dpa\">Autoridad supervisora<\/strong><\/p>\n<h3 id=\"gdpr-changes\">Cambios a esta pol\u00edtica de privacidad<\/h3>\n<p>Nos reservamos el derecho a modificar esta pol\u00edtica de privacidad. <br \/>La \u00faltima modificaci\u00f3n data del 25 de septiembre de 2020.<\/p>\n","protected":false},"excerpt":{"rendered":"<p>Sefmat se compromete a proteger su privacidad. Cont\u00e1ctenos en contact@ripack.fr si tiene alguna pregunta o problema con respecto al uso de sus datos personales y estaremos encantados de ayudarle. Al utilizar este sitio y \/ o nuestros servicios, usted da su consentimiento para el procesamiento de sus datos personales como se describe en esta pol\u00edtica [&hellip;]<\/p>\n","protected":false},"author":1,"featured_media":0,"parent":0,"menu_order":0,"comment_status":"closed","ping_status":"closed","template":"page-mentions.php","meta":{"_acf_changed":false,"footnotes":""},"class_list":["post-4374","page","type-page","status-publish","hentry"],"acf":[],"yoast_head":"<!-- This site is optimized with the Yoast SEO plugin v27.3 - https:\/\/yoast.com\/product\/yoast-seo-wordpress\/ -->\n<title>Pol\u00edtica de privacidad - ripack<\/title>\n<meta name=\"robots\" content=\"index, follow, max-snippet:-1, max-image-preview:large, max-video-preview:-1\" \/>\n<link rel=\"canonical\" href=\"https:\/\/ripack.com\/es\/politica-de-privacidad\/\" \/>\n<meta property=\"og:locale\" content=\"es_ES\" \/>\n<meta property=\"og:type\" content=\"article\" \/>\n<meta property=\"og:title\" content=\"Pol\u00edtica de privacidad - ripack\" \/>\n<meta property=\"og:description\" content=\"Sefmat se compromete a proteger su privacidad. Cont\u00e1ctenos en contact@ripack.fr si tiene alguna pregunta o problema con respecto al uso de sus datos personales y estaremos encantados de ayudarle. Al utilizar este sitio y \/ o nuestros servicios, usted da su consentimiento para el procesamiento de sus datos personales como se describe en esta pol\u00edtica [&hellip;]\" \/>\n<meta property=\"og:url\" content=\"https:\/\/ripack.com\/es\/politica-de-privacidad\/\" \/>\n<meta property=\"og:site_name\" content=\"ripack\" \/>\n<meta property=\"article:modified_time\" content=\"2021-04-07T07:56:28+00:00\" \/>\n<meta name=\"twitter:card\" content=\"summary_large_image\" \/>\n<meta name=\"twitter:label1\" content=\"Tiempo de lectura\" \/>\n\t<meta name=\"twitter:data1\" content=\"11 minutos\" \/>\n<script type=\"application\/ld+json\" class=\"yoast-schema-graph\">{\"@context\":\"https:\\\/\\\/schema.org\",\"@graph\":[{\"@type\":\"WebPage\",\"@id\":\"https:\\\/\\\/ripack.com\\\/es\\\/politica-de-privacidad\\\/\",\"url\":\"https:\\\/\\\/ripack.com\\\/es\\\/politica-de-privacidad\\\/\",\"name\":\"Pol\u00edtica de privacidad - ripack\",\"isPartOf\":{\"@id\":\"https:\\\/\\\/ripack.com\\\/#website\"},\"datePublished\":\"2021-04-07T07:38:26+00:00\",\"dateModified\":\"2021-04-07T07:56:28+00:00\",\"breadcrumb\":{\"@id\":\"https:\\\/\\\/ripack.com\\\/es\\\/politica-de-privacidad\\\/#breadcrumb\"},\"inLanguage\":\"es\",\"potentialAction\":[{\"@type\":\"ReadAction\",\"target\":[\"https:\\\/\\\/ripack.com\\\/es\\\/politica-de-privacidad\\\/\"]}]},{\"@type\":\"BreadcrumbList\",\"@id\":\"https:\\\/\\\/ripack.com\\\/es\\\/politica-de-privacidad\\\/#breadcrumb\",\"itemListElement\":[{\"@type\":\"ListItem\",\"position\":1,\"name\":\"Accueil\",\"item\":\"https:\\\/\\\/ripack.com\\\/es\\\/\"},{\"@type\":\"ListItem\",\"position\":2,\"name\":\"Pol\u00edtica de privacidad\"}]},{\"@type\":\"WebSite\",\"@id\":\"https:\\\/\\\/ripack.com\\\/#website\",\"url\":\"https:\\\/\\\/ripack.com\\\/\",\"name\":\"ripack\",\"description\":\"Un site utilisant WordPress\",\"potentialAction\":[{\"@type\":\"SearchAction\",\"target\":{\"@type\":\"EntryPoint\",\"urlTemplate\":\"https:\\\/\\\/ripack.com\\\/?s={search_term_string}\"},\"query-input\":{\"@type\":\"PropertyValueSpecification\",\"valueRequired\":true,\"valueName\":\"search_term_string\"}}],\"inLanguage\":\"es\"}]}<\/script>\n<!-- \/ Yoast SEO plugin. -->","yoast_head_json":{"title":"Pol\u00edtica de privacidad - ripack","robots":{"index":"index","follow":"follow","max-snippet":"max-snippet:-1","max-image-preview":"max-image-preview:large","max-video-preview":"max-video-preview:-1"},"canonical":"https:\/\/ripack.com\/es\/politica-de-privacidad\/","og_locale":"es_ES","og_type":"article","og_title":"Pol\u00edtica de privacidad - ripack","og_description":"Sefmat se compromete a proteger su privacidad. Cont\u00e1ctenos en contact@ripack.fr si tiene alguna pregunta o problema con respecto al uso de sus datos personales y estaremos encantados de ayudarle. Al utilizar este sitio y \/ o nuestros servicios, usted da su consentimiento para el procesamiento de sus datos personales como se describe en esta pol\u00edtica [&hellip;]","og_url":"https:\/\/ripack.com\/es\/politica-de-privacidad\/","og_site_name":"ripack","article_modified_time":"2021-04-07T07:56:28+00:00","twitter_card":"summary_large_image","twitter_misc":{"Tiempo de lectura":"11 minutos"},"schema":{"@context":"https:\/\/schema.org","@graph":[{"@type":"WebPage","@id":"https:\/\/ripack.com\/es\/politica-de-privacidad\/","url":"https:\/\/ripack.com\/es\/politica-de-privacidad\/","name":"Pol\u00edtica de privacidad - ripack","isPartOf":{"@id":"https:\/\/ripack.com\/#website"},"datePublished":"2021-04-07T07:38:26+00:00","dateModified":"2021-04-07T07:56:28+00:00","breadcrumb":{"@id":"https:\/\/ripack.com\/es\/politica-de-privacidad\/#breadcrumb"},"inLanguage":"es","potentialAction":[{"@type":"ReadAction","target":["https:\/\/ripack.com\/es\/politica-de-privacidad\/"]}]},{"@type":"BreadcrumbList","@id":"https:\/\/ripack.com\/es\/politica-de-privacidad\/#breadcrumb","itemListElement":[{"@type":"ListItem","position":1,"name":"Accueil","item":"https:\/\/ripack.com\/es\/"},{"@type":"ListItem","position":2,"name":"Pol\u00edtica de privacidad"}]},{"@type":"WebSite","@id":"https:\/\/ripack.com\/#website","url":"https:\/\/ripack.com\/","name":"ripack","description":"Un site utilisant WordPress","potentialAction":[{"@type":"SearchAction","target":{"@type":"EntryPoint","urlTemplate":"https:\/\/ripack.com\/?s={search_term_string}"},"query-input":{"@type":"PropertyValueSpecification","valueRequired":true,"valueName":"search_term_string"}}],"inLanguage":"es"}]}},"_links":{"self":[{"href":"https:\/\/ripack.com\/es\/wp-json\/wp\/v2\/pages\/4374","targetHints":{"allow":["GET"]}}],"collection":[{"href":"https:\/\/ripack.com\/es\/wp-json\/wp\/v2\/pages"}],"about":[{"href":"https:\/\/ripack.com\/es\/wp-json\/wp\/v2\/types\/page"}],"author":[{"embeddable":true,"href":"https:\/\/ripack.com\/es\/wp-json\/wp\/v2\/users\/1"}],"replies":[{"embeddable":true,"href":"https:\/\/ripack.com\/es\/wp-json\/wp\/v2\/comments?post=4374"}],"version-history":[{"count":1,"href":"https:\/\/ripack.com\/es\/wp-json\/wp\/v2\/pages\/4374\/revisions"}],"predecessor-version":[{"id":4375,"href":"https:\/\/ripack.com\/es\/wp-json\/wp\/v2\/pages\/4374\/revisions\/4375"}],"wp:attachment":[{"href":"https:\/\/ripack.com\/es\/wp-json\/wp\/v2\/media?parent=4374"}],"curies":[{"name":"wp","href":"https:\/\/api.w.org\/{rel}","templated":true}]}}