{"id":9886,"date":"2023-12-07T15:17:27","date_gmt":"2023-12-07T14:17:27","guid":{"rendered":"https:\/\/ripack.com\/commande-de-piece-detachee\/"},"modified":"2024-04-23T14:36:52","modified_gmt":"2024-04-23T12:36:52","slug":"pedir-piezas-de-recambio","status":"publish","type":"page","link":"https:\/\/ripack.com\/es\/asistencia\/contacto-de-servicio\/pedir-piezas-de-recambio\/","title":{"rendered":"Solicitud de presupuesto de recambios"},"content":{"rendered":"\n<p class=\"intro-assistance\"><strong>P\u00f3ngase en contacto con su distribuidor Ripack<br>para solicitar piezas de recambio.<br><\/strong>Si no encuentra su contacto, le redirigiremos a nuestro socio m\u00e1s cercano.<\/p>\n\n\n\n<p><a class=\"link\" href=\"#\">Contacte con nosotros<\/a><\/p>\n\n\n\n<div class=\"wp-block-contact-form-7-contact-form-selector\">\n<div class=\"wpcf7 no-js\" id=\"wpcf7-f9901-o1\" lang=\"es-ES\" dir=\"ltr\" data-wpcf7-id=\"9901\">\n<div class=\"screen-reader-response\"><p role=\"status\" aria-live=\"polite\" aria-atomic=\"true\"><\/p> <ul><\/ul><\/div>\n<form action=\"\/es\/wp-json\/wp\/v2\/pages\/9886#wpcf7-f9901-o1\" method=\"post\" class=\"wpcf7-form init\" aria-label=\"Formulario de contacto\" novalidate=\"novalidate\" data-status=\"init\">\n<fieldset class=\"hidden-fields-container\"><input type=\"hidden\" name=\"_wpcf7\" value=\"9901\" \/><input type=\"hidden\" name=\"_wpcf7_version\" value=\"6.1.5\" \/><input type=\"hidden\" name=\"_wpcf7_locale\" value=\"es_ES\" \/><input type=\"hidden\" name=\"_wpcf7_unit_tag\" value=\"wpcf7-f9901-o1\" \/><input type=\"hidden\" name=\"_wpcf7_container_post\" value=\"0\" \/><input type=\"hidden\" name=\"_wpcf7_posted_data_hash\" value=\"\" \/><input type=\"hidden\" name=\"_wpcf7cf_hidden_group_fields\" value=\"[]\" \/><input type=\"hidden\" name=\"_wpcf7cf_hidden_groups\" value=\"[]\" \/><input type=\"hidden\" name=\"_wpcf7cf_visible_groups\" value=\"[]\" \/><input type=\"hidden\" name=\"_wpcf7cf_repeaters\" value=\"[]\" \/><input type=\"hidden\" name=\"_wpcf7cf_steps\" value=\"{}\" \/><input type=\"hidden\" name=\"_wpcf7cf_options\" value=\"{&quot;form_id&quot;:9901,&quot;conditions&quot;:[{&quot;then_field&quot;:&quot;-1&quot;,&quot;and_rules&quot;:[{&quot;if_field&quot;:&quot;-1&quot;,&quot;operator&quot;:&quot;equals&quot;,&quot;if_value&quot;:&quot;1&quot;}]},{&quot;then_field&quot;:&quot;-1&quot;,&quot;and_rules&quot;:[{&quot;if_field&quot;:&quot;-1&quot;,&quot;operator&quot;:&quot;equals&quot;,&quot;if_value&quot;:&quot;2&quot;}]},{&quot;then_field&quot;:&quot;-1&quot;,&quot;and_rules&quot;:[{&quot;if_field&quot;:&quot;-1&quot;,&quot;operator&quot;:&quot;equals&quot;,&quot;if_value&quot;:&quot;3&quot;}]},{&quot;then_field&quot;:&quot;-1&quot;,&quot;and_rules&quot;:[{&quot;if_field&quot;:&quot;-1&quot;,&quot;operator&quot;:&quot;equals&quot;,&quot;if_value&quot;:&quot;4&quot;}]},{&quot;then_field&quot;:&quot;-1&quot;,&quot;and_rules&quot;:[{&quot;if_field&quot;:&quot;-1&quot;,&quot;operator&quot;:&quot;equals&quot;,&quot;if_value&quot;:&quot;5&quot;}]},{&quot;then_field&quot;:&quot;-1&quot;,&quot;and_rules&quot;:[{&quot;if_field&quot;:&quot;-1&quot;,&quot;operator&quot;:&quot;equals&quot;,&quot;if_value&quot;:&quot;2&quot;}]},{&quot;then_field&quot;:&quot;-1&quot;,&quot;and_rules&quot;:[{&quot;if_field&quot;:&quot;-1&quot;,&quot;operator&quot;:&quot;equals&quot;,&quot;if_value&quot;:&quot;3&quot;}]},{&quot;then_field&quot;:&quot;-1&quot;,&quot;and_rules&quot;:[{&quot;if_field&quot;:&quot;-1&quot;,&quot;operator&quot;:&quot;equals&quot;,&quot;if_value&quot;:&quot;4&quot;}]},{&quot;then_field&quot;:&quot;-1&quot;,&quot;and_rules&quot;:[{&quot;if_field&quot;:&quot;-1&quot;,&quot;operator&quot;:&quot;equals&quot;,&quot;if_value&quot;:&quot;5&quot;}]},{&quot;then_field&quot;:&quot;-1&quot;,&quot;and_rules&quot;:[{&quot;if_field&quot;:&quot;-1&quot;,&quot;operator&quot;:&quot;equals&quot;,&quot;if_value&quot;:&quot;3&quot;}]},{&quot;then_field&quot;:&quot;-1&quot;,&quot;and_rules&quot;:[{&quot;if_field&quot;:&quot;-1&quot;,&quot;operator&quot;:&quot;equals&quot;,&quot;if_value&quot;:&quot;4&quot;}]},{&quot;then_field&quot;:&quot;-1&quot;,&quot;and_rules&quot;:[{&quot;if_field&quot;:&quot;-1&quot;,&quot;operator&quot;:&quot;equals&quot;,&quot;if_value&quot;:&quot;5&quot;}]},{&quot;then_field&quot;:&quot;-1&quot;,&quot;and_rules&quot;:[{&quot;if_field&quot;:&quot;-1&quot;,&quot;operator&quot;:&quot;equals&quot;,&quot;if_value&quot;:&quot;4&quot;}]},{&quot;then_field&quot;:&quot;-1&quot;,&quot;and_rules&quot;:[{&quot;if_field&quot;:&quot;-1&quot;,&quot;operator&quot;:&quot;equals&quot;,&quot;if_value&quot;:&quot;5&quot;}]},{&quot;then_field&quot;:&quot;-1&quot;,&quot;and_rules&quot;:[{&quot;if_field&quot;:&quot;-1&quot;,&quot;operator&quot;:&quot;equals&quot;,&quot;if_value&quot;:&quot;5&quot;}]},{&quot;then_field&quot;:&quot;-1&quot;,&quot;and_rules&quot;:[{&quot;if_field&quot;:&quot;-1&quot;,&quot;operator&quot;:&quot;equals&quot;,&quot;if_value&quot;:&quot;1&quot;}]},{&quot;then_field&quot;:&quot;-1&quot;,&quot;and_rules&quot;:[{&quot;if_field&quot;:&quot;-1&quot;,&quot;operator&quot;:&quot;equals&quot;,&quot;if_value&quot;:&quot;2&quot;}]},{&quot;then_field&quot;:&quot;-1&quot;,&quot;and_rules&quot;:[{&quot;if_field&quot;:&quot;-1&quot;,&quot;operator&quot;:&quot;equals&quot;,&quot;if_value&quot;:&quot;3&quot;}]},{&quot;then_field&quot;:&quot;-1&quot;,&quot;and_rules&quot;:[{&quot;if_field&quot;:&quot;-1&quot;,&quot;operator&quot;:&quot;equals&quot;,&quot;if_value&quot;:&quot;4&quot;}]},{&quot;then_field&quot;:&quot;-1&quot;,&quot;and_rules&quot;:[{&quot;if_field&quot;:&quot;-1&quot;,&quot;operator&quot;:&quot;equals&quot;,&quot;if_value&quot;:&quot;5&quot;}]}],&quot;settings&quot;:{&quot;animation&quot;:&quot;no&quot;,&quot;animation_intime&quot;:&quot;200&quot;,&quot;animation_outtime&quot;:&quot;200&quot;,&quot;conditions_ui&quot;:&quot;normal&quot;,&quot;notice_dismissed&quot;:true,&quot;notice_dismissed_rollback-cf7-5.7.6&quot;:true,&quot;notice_dismissed_rollback-cf7-5.8.1&quot;:true,&quot;notice_dismissed_rollback-cf7-5.8.3&quot;:true,&quot;notice_dismissed_rollback-cf7-5.8.6&quot;:true,&quot;notice_dismissed_rollback-cf7-5.8.7&quot;:true,&quot;notice_dismissed_rollback-cf7-5.9.2&quot;:true,&quot;notice_dismissed_rollback-cf7-5.9.4&quot;:true}}\" \/><input type=\"hidden\" name=\"_wpcf7_recaptcha_response\" value=\"\" \/>\n<\/fieldset>\n<h2 class=\"t-3 center\">Informaci\u00f3n del Cliente<\/h2>\n<em class=\"show bottom\">Todos los campos marcados con * son obligatorios.<\/em>\n<input class=\"wpcf7-form-control wpcf7-hidden\" value=\"\" type=\"hidden\" name=\"langue\" \/>\n<input class=\"wpcf7-form-control wpcf7-hidden\" value=\"8dc8228a-4d29-4277-97df-e7512f96afdd\" type=\"hidden\" name=\"landingID\" \/>\n<label>\n<span class=\"wpcf7-form-control-wrap\" data-name=\"nom\"><input size=\"40\" maxlength=\"400\" class=\"wpcf7-form-control wpcf7-text wpcf7-validates-as-required\" aria-required=\"true\" aria-invalid=\"false\" placeholder=\"Apellido*\" value=\"\" type=\"text\" name=\"nom\" \/><\/span>\n<\/label>\n<label>\n<span class=\"wpcf7-form-control-wrap\" data-name=\"prenom\"><input size=\"40\" maxlength=\"400\" class=\"wpcf7-form-control wpcf7-text wpcf7-validates-as-required\" aria-required=\"true\" aria-invalid=\"false\" placeholder=\"Nombre*\" value=\"\" type=\"text\" name=\"prenom\" \/><\/span>\n<\/label>\n<label>\n<span class=\"wpcf7-form-control-wrap\" data-name=\"societe\"><input size=\"40\" maxlength=\"400\" class=\"wpcf7-form-control wpcf7-text wpcf7-validates-as-required\" aria-required=\"true\" aria-invalid=\"false\" placeholder=\"Empresa*\" value=\"\" type=\"text\" name=\"societe\" \/><\/span>\n<\/label>\n<label>\n<span class=\"wpcf7-form-control-wrap\" data-name=\"tel\"><input size=\"40\" maxlength=\"400\" class=\"wpcf7-form-control wpcf7-tel wpcf7-validates-as-required wpcf7-text wpcf7-validates-as-tel\" aria-required=\"true\" aria-invalid=\"false\" placeholder=\"Tel\u00e9fono*\" value=\"\" type=\"tel\" name=\"tel\" \/><\/span>\n<\/label>\n<label>\n<span class=\"wpcf7-form-control-wrap\" data-name=\"email\"><input size=\"40\" maxlength=\"400\" class=\"wpcf7-form-control wpcf7-email wpcf7-validates-as-required wpcf7-text wpcf7-validates-as-email\" aria-required=\"true\" aria-invalid=\"false\" placeholder=\"Correo Electr\u00f3nico*\" value=\"\" type=\"email\" name=\"email\" \/><\/span>\n<\/label>\n<label>\n<span class=\"wpcf7-form-control-wrap\" data-name=\"adresse\"><input size=\"40\" maxlength=\"400\" class=\"wpcf7-form-control wpcf7-text wpcf7-validates-as-required\" aria-required=\"true\" aria-invalid=\"false\" placeholder=\"Direcci\u00f3n*\" value=\"\" type=\"text\" name=\"adresse\" \/><\/span>\n<\/label>\n<label>\n<span class=\"wpcf7-form-control-wrap\" data-name=\"cp\"><input size=\"40\" maxlength=\"400\" class=\"wpcf7-form-control wpcf7-text wpcf7-validates-as-required\" aria-required=\"true\" aria-invalid=\"false\" placeholder=\"C\u00f3digo Postal*\" value=\"\" type=\"text\" name=\"cp\" \/><\/span>\n<\/label>\n<label>\n<span class=\"wpcf7-form-control-wrap\" data-name=\"ville\"><input size=\"40\" maxlength=\"400\" class=\"wpcf7-form-control wpcf7-text wpcf7-validates-as-required\" aria-required=\"true\" aria-invalid=\"false\" placeholder=\"Ciudad*\" value=\"\" type=\"text\" name=\"ville\" \/><\/span>\n<\/label>\n<span class=\"wpcf7-form-control-wrap\" data-name=\"pays\"><select class=\"wpcf7-form-control wpcf7-select wpcf7-validates-as-required customSelect\" aria-required=\"true\" aria-invalid=\"false\" name=\"pays\"><option value=\"\">Pa\u00eds*<\/option><\/select><\/span>\n<h2 class=\"t-3 center\">Informaci\u00f3n del Producto<\/h2>\n<span class=\"wpcf7-form-control-wrap\" data-name=\"produitChoisi\"><select class=\"wpcf7-form-control wpcf7-select wpcf7-validates-as-required\" aria-required=\"true\" aria-invalid=\"false\" name=\"produitChoisi\"><option value=\"\">Su Producto*<\/option><option value=\"Adhesivo retr\u00e1ctil\">Adhesivo retr\u00e1ctil<\/option><option value=\"Alzador de pal\u00e9s Calpack\">Alzador de pal\u00e9s Calpack<\/option><option value=\"Carrete de manguera de gas\">Carrete de manguera de gas<\/option><option value=\"Carro porta botellas\">Carro porta botellas<\/option><option value=\"C\u00fater de seguridad\">C\u00fater de seguridad<\/option><option value=\"Devanadera Multicover 935\">Devanadera Multicover 935<\/option><option value=\"Extensiones para pistolas Ripack\">Extensiones para pistolas Ripack<\/option><option value=\"Gran anchura\">Gran anchura<\/option><option value=\"La pistola de retractilar Ripack 3000\">La pistola de retractilar Ripack 3000<\/option><option value=\"Pack M\u00f3vil: Ripack 3000 M\">Pack M\u00f3vil: Ripack 3000 M<\/option><option value=\"Pack Fijo: Ripack 3000 F\">Pack Fijo: Ripack 3000 F<\/option><option value=\"Multicover 955\">Multicover 955<\/option><option value=\"Multicover 960\">Multicover 960<\/option><option value=\"Pistola de retractilar Ripack 2100\">Pistola de retractilar Ripack 2100<\/option><option value=\"Pack M\u00f3vil: Ripack 2100 M\">Pack M\u00f3vil: Ripack 2100 M<\/option><option value=\"Pack Fijo: Ripack 2100 F\">Pack Fijo: Ripack 2100 F<\/option><option value=\"Pistola de retractilarRipack 2500\">Pistola de retractilarRipack 2500<\/option><option value=\"Pack M\u00f3vil: Ripack 2500 M\">Pack M\u00f3vil: Ripack 2500 M<\/option><option value=\"Pack Fijo: Ripack 2500 F\">Pack Fijo: Ripack 2500 F<\/option><option value=\"Ripack 3000 +\">Ripack 3000 +<\/option><option value=\"Pack M\u00f3vil: Ripack 3000+ M\">Pack M\u00f3vil: Ripack 3000+ M<\/option><option value=\"Pack Fijo: Ripack 3000+ PREMIUM M\">Pack Fijo: Ripack 3000+ PREMIUM M<\/option><option value=\"Ripaflam\">Ripaflam<\/option><option value=\"Soporte de transporte para extensiones\">Soporte de transporte para extensiones<\/option><option value=\"Soporte para brazos\">Soporte para brazos<\/option><option value=\"Turbopack\">Turbopack<\/option><option value=\"Vainas tipo fuelle\">Vainas tipo fuelle<\/option><\/select><\/span>\n<label class=\"nbSerieParent\">\n<span class=\"wpcf7-form-control-wrap\" data-name=\"nbSerie0\"><input size=\"40\" maxlength=\"8\" minlength=\"8\" class=\"wpcf7-form-control wpcf7-text wpcf7-validates-as-required\" aria-required=\"true\" aria-invalid=\"false\" placeholder=\"N\u00famero de Serie (n\u00famero de 8 d\u00edgitos)*\" value=\"\" type=\"text\" name=\"nbSerie0\" \/><\/span>\n<\/label>\n<h2 class=\"t-3 center\">Pieza a Ordenar<\/h2>\n<label class=\"pieceParent\">\n<span class=\"wpcf7-form-control-wrap\" data-name=\"piece\"><input size=\"40\" maxlength=\"400\" class=\"wpcf7-form-control wpcf7-text wpcf7-validates-as-required\" aria-required=\"true\" aria-invalid=\"false\" placeholder=\"Pieza Necesaria*\" value=\"\" type=\"text\" name=\"piece\" \/><\/span>\n<\/label>\n<label>\n<a href=\"https:\/\/ripack.com\/es\/asistencia\/avisos\/\" target=\"_blank\" class=\"link\">Encuentre el n\u00famero de pieza \/ vistas explotadas al final del manual<\/a>\n<\/label>\n<label class=\"textarea\">\n<span class=\"wpcf7-form-control-wrap\" data-name=\"commentaires\"><textarea cols=\"40\" rows=\"10\" maxlength=\"2000\" class=\"wpcf7-form-control wpcf7-textarea\" aria-invalid=\"false\" placeholder=\"Comentarios\" name=\"commentaires\"><\/textarea><\/span>\n<\/label>\n<p class=\"novalidate\">\n<span class=\"wpcf7-form-control-wrap\" data-name=\"newsletter\"><span class=\"wpcf7-form-control wpcf7-acceptance optional\"><span class=\"wpcf7-list-item\"><label><input type=\"checkbox\" name=\"newsletter\" value=\"1\" aria-invalid=\"false\" \/><span class=\"wpcf7-list-item-label\"><em>Me suscribo al bolet\u00edn<\/em><\/span><\/label><\/span><\/span><\/span>\n<\/p>\n<p class=\"novalidate\">\n<span class=\"wpcf7-form-control-wrap\" data-name=\"rgpd-consent\"><span class=\"wpcf7-form-control wpcf7-acceptance\"><span class=\"wpcf7-list-item\"><label><input type=\"checkbox\" name=\"rgpd-consent\" value=\"1\" aria-invalid=\"false\" \/><span class=\"wpcf7-list-item-label\"><em>Al enviar este formulario, acepto la&nbsp;<a target=\"_blank\" href=\"https:\/\/ripack.com\/es\/politica-de-privacidad\/\">pol\u00edtica de privacidad.<\/a><\/em><\/span><\/label><\/span><\/span><\/span>\n<\/p>\n<p class=\"recaptchaCredit\">Este sitio est\u00e1 protegido por reCAPTCHA y Google: <a target=\"_blank\" href=\"https:\/\/policies.google.com\/privacy\">Pol\u00edtica de Privacidad<\/a> y <a target=\"_blank\" href=\"https:\/\/policies.google.com\/terms\">Condiciones de Servicio<\/a>.<\/p>\n<input class=\"wpcf7-form-control wpcf7-submit has-spinner\" type=\"submit\" value=\"Ordenar Repuesto\" \/><div class=\"wpcf7-response-output\" aria-hidden=\"true\"><\/div>\n<\/form>\n<\/div>\n<\/div>\n","protected":false},"excerpt":{"rendered":"<p>P\u00f3ngase en contacto con su distribuidor Ripackpara solicitar piezas de recambio.Si no encuentra su contacto, le redirigiremos a nuestro socio m\u00e1s cercano. Contacte con nosotros<\/p>\n","protected":false},"author":1,"featured_media":0,"parent":9889,"menu_order":0,"comment_status":"closed","ping_status":"closed","template":"page-assistance-retour.php","meta":{"_acf_changed":false,"footnotes":""},"class_list":["post-9886","page","type-page","status-publish","hentry"],"acf":[],"yoast_head":"<!-- This site is optimized with the Yoast SEO plugin v27.3 - https:\/\/yoast.com\/product\/yoast-seo-wordpress\/ -->\n<title>Solicitud de presupuesto de recambios - ripack<\/title>\n<meta name=\"robots\" content=\"index, follow, max-snippet:-1, max-image-preview:large, max-video-preview:-1\" \/>\n<link rel=\"canonical\" href=\"https:\/\/ripack.com\/es\/asistencia\/contacto-de-servicio\/pedir-piezas-de-recambio\/\" \/>\n<meta property=\"og:locale\" content=\"es_ES\" \/>\n<meta property=\"og:type\" content=\"article\" \/>\n<meta property=\"og:title\" content=\"Solicitud de presupuesto de recambios - ripack\" \/>\n<meta property=\"og:description\" content=\"P\u00f3ngase en contacto con su distribuidor Ripackpara solicitar piezas de recambio.Si no encuentra su contacto, le redirigiremos a nuestro socio m\u00e1s cercano. Contacte con nosotros\" \/>\n<meta property=\"og:url\" content=\"https:\/\/ripack.com\/es\/asistencia\/contacto-de-servicio\/pedir-piezas-de-recambio\/\" \/>\n<meta property=\"og:site_name\" content=\"ripack\" \/>\n<meta property=\"article:modified_time\" content=\"2024-04-23T12:36:52+00:00\" \/>\n<meta name=\"twitter:card\" content=\"summary_large_image\" \/>\n<meta name=\"twitter:label1\" content=\"Tiempo de lectura\" \/>\n\t<meta name=\"twitter:data1\" content=\"1 minuto\" \/>\n<script type=\"application\/ld+json\" class=\"yoast-schema-graph\">{\"@context\":\"https:\\\/\\\/schema.org\",\"@graph\":[{\"@type\":\"WebPage\",\"@id\":\"https:\\\/\\\/ripack.com\\\/es\\\/asistencia\\\/contacto-de-servicio\\\/pedir-piezas-de-recambio\\\/\",\"url\":\"https:\\\/\\\/ripack.com\\\/es\\\/asistencia\\\/contacto-de-servicio\\\/pedir-piezas-de-recambio\\\/\",\"name\":\"Solicitud de presupuesto de recambios - ripack\",\"isPartOf\":{\"@id\":\"https:\\\/\\\/ripack.com\\\/#website\"},\"datePublished\":\"2023-12-07T14:17:27+00:00\",\"dateModified\":\"2024-04-23T12:36:52+00:00\",\"breadcrumb\":{\"@id\":\"https:\\\/\\\/ripack.com\\\/es\\\/asistencia\\\/contacto-de-servicio\\\/pedir-piezas-de-recambio\\\/#breadcrumb\"},\"inLanguage\":\"es\",\"potentialAction\":[{\"@type\":\"ReadAction\",\"target\":[\"https:\\\/\\\/ripack.com\\\/es\\\/asistencia\\\/contacto-de-servicio\\\/pedir-piezas-de-recambio\\\/\"]}]},{\"@type\":\"BreadcrumbList\",\"@id\":\"https:\\\/\\\/ripack.com\\\/es\\\/asistencia\\\/contacto-de-servicio\\\/pedir-piezas-de-recambio\\\/#breadcrumb\",\"itemListElement\":[{\"@type\":\"ListItem\",\"position\":1,\"name\":\"Accueil\",\"item\":\"https:\\\/\\\/ripack.com\\\/es\\\/\"},{\"@type\":\"ListItem\",\"position\":2,\"name\":\"Asistencia\",\"item\":\"https:\\\/\\\/ripack.com\\\/es\\\/asistencia\\\/\"},{\"@type\":\"ListItem\",\"position\":3,\"name\":\"Contacto de servicio\",\"item\":\"https:\\\/\\\/ripack.com\\\/es\\\/asistencia\\\/contacto-de-servicio\\\/\"},{\"@type\":\"ListItem\",\"position\":4,\"name\":\"Solicitud de presupuesto de recambios\"}]},{\"@type\":\"WebSite\",\"@id\":\"https:\\\/\\\/ripack.com\\\/#website\",\"url\":\"https:\\\/\\\/ripack.com\\\/\",\"name\":\"ripack\",\"description\":\"Un site utilisant WordPress\",\"potentialAction\":[{\"@type\":\"SearchAction\",\"target\":{\"@type\":\"EntryPoint\",\"urlTemplate\":\"https:\\\/\\\/ripack.com\\\/?s={search_term_string}\"},\"query-input\":{\"@type\":\"PropertyValueSpecification\",\"valueRequired\":true,\"valueName\":\"search_term_string\"}}],\"inLanguage\":\"es\"}]}<\/script>\n<!-- \/ Yoast SEO plugin. -->","yoast_head_json":{"title":"Solicitud de presupuesto de recambios - ripack","robots":{"index":"index","follow":"follow","max-snippet":"max-snippet:-1","max-image-preview":"max-image-preview:large","max-video-preview":"max-video-preview:-1"},"canonical":"https:\/\/ripack.com\/es\/asistencia\/contacto-de-servicio\/pedir-piezas-de-recambio\/","og_locale":"es_ES","og_type":"article","og_title":"Solicitud de presupuesto de recambios - ripack","og_description":"P\u00f3ngase en contacto con su distribuidor Ripackpara solicitar piezas de recambio.Si no encuentra su contacto, le redirigiremos a nuestro socio m\u00e1s cercano. Contacte con nosotros","og_url":"https:\/\/ripack.com\/es\/asistencia\/contacto-de-servicio\/pedir-piezas-de-recambio\/","og_site_name":"ripack","article_modified_time":"2024-04-23T12:36:52+00:00","twitter_card":"summary_large_image","twitter_misc":{"Tiempo de lectura":"1 minuto"},"schema":{"@context":"https:\/\/schema.org","@graph":[{"@type":"WebPage","@id":"https:\/\/ripack.com\/es\/asistencia\/contacto-de-servicio\/pedir-piezas-de-recambio\/","url":"https:\/\/ripack.com\/es\/asistencia\/contacto-de-servicio\/pedir-piezas-de-recambio\/","name":"Solicitud de presupuesto de recambios - ripack","isPartOf":{"@id":"https:\/\/ripack.com\/#website"},"datePublished":"2023-12-07T14:17:27+00:00","dateModified":"2024-04-23T12:36:52+00:00","breadcrumb":{"@id":"https:\/\/ripack.com\/es\/asistencia\/contacto-de-servicio\/pedir-piezas-de-recambio\/#breadcrumb"},"inLanguage":"es","potentialAction":[{"@type":"ReadAction","target":["https:\/\/ripack.com\/es\/asistencia\/contacto-de-servicio\/pedir-piezas-de-recambio\/"]}]},{"@type":"BreadcrumbList","@id":"https:\/\/ripack.com\/es\/asistencia\/contacto-de-servicio\/pedir-piezas-de-recambio\/#breadcrumb","itemListElement":[{"@type":"ListItem","position":1,"name":"Accueil","item":"https:\/\/ripack.com\/es\/"},{"@type":"ListItem","position":2,"name":"Asistencia","item":"https:\/\/ripack.com\/es\/asistencia\/"},{"@type":"ListItem","position":3,"name":"Contacto de servicio","item":"https:\/\/ripack.com\/es\/asistencia\/contacto-de-servicio\/"},{"@type":"ListItem","position":4,"name":"Solicitud de presupuesto de recambios"}]},{"@type":"WebSite","@id":"https:\/\/ripack.com\/#website","url":"https:\/\/ripack.com\/","name":"ripack","description":"Un site utilisant WordPress","potentialAction":[{"@type":"SearchAction","target":{"@type":"EntryPoint","urlTemplate":"https:\/\/ripack.com\/?s={search_term_string}"},"query-input":{"@type":"PropertyValueSpecification","valueRequired":true,"valueName":"search_term_string"}}],"inLanguage":"es"}]}},"_links":{"self":[{"href":"https:\/\/ripack.com\/es\/wp-json\/wp\/v2\/pages\/9886","targetHints":{"allow":["GET"]}}],"collection":[{"href":"https:\/\/ripack.com\/es\/wp-json\/wp\/v2\/pages"}],"about":[{"href":"https:\/\/ripack.com\/es\/wp-json\/wp\/v2\/types\/page"}],"author":[{"embeddable":true,"href":"https:\/\/ripack.com\/es\/wp-json\/wp\/v2\/users\/1"}],"replies":[{"embeddable":true,"href":"https:\/\/ripack.com\/es\/wp-json\/wp\/v2\/comments?post=9886"}],"version-history":[{"count":5,"href":"https:\/\/ripack.com\/es\/wp-json\/wp\/v2\/pages\/9886\/revisions"}],"predecessor-version":[{"id":10293,"href":"https:\/\/ripack.com\/es\/wp-json\/wp\/v2\/pages\/9886\/revisions\/10293"}],"up":[{"embeddable":true,"href":"https:\/\/ripack.com\/es\/wp-json\/wp\/v2\/pages\/9889"}],"wp:attachment":[{"href":"https:\/\/ripack.com\/es\/wp-json\/wp\/v2\/media?parent=9886"}],"curies":[{"name":"wp","href":"https:\/\/api.w.org\/{rel}","templated":true}]}}