{"id":9917,"date":"2023-10-23T16:04:15","date_gmt":"2023-10-23T14:04:15","guid":{"rendered":"https:\/\/ripack.com\/asistencia\/charte\/"},"modified":"2024-04-12T12:02:31","modified_gmt":"2024-04-12T10:02:31","slug":"carta","status":"publish","type":"page","link":"https:\/\/ripack.com\/es\/asistencia\/carta\/","title":{"rendered":"Cartas de servicio posventa al cliente"},"content":{"rendered":"\n<p>La presente carta del servicio posventa de SEFMAT define las normas aplicables a las solicitudes de devoluci\u00f3n y los procedimientos pr\u00e1cticos a seguir para la devoluci\u00f3n de un producto en el marco del servicio posventa.<\/p>\n\n\n\n<p>Los t\u00e9rminos que figuran a continuaci\u00f3n tienen el significado que se les atribuye en esta definici\u00f3n:<\/p>\n\n\n\n<p><strong>Fuerza mayor:<\/strong> Es un acontecimiento que re\u00fane las 3 caracter\u00edsticas siguientes: No se puede prever (imprevisible) No se puede superar (irresistible) Acontecimiento externo que escapa al control de la persona afectada.<\/p>\n\n\n\n<p><strong>Cliente<\/strong>: se refiere a los compradores que son profesionales en el sentido del C\u00f3digo de Consumo franc\u00e9s y que celebran un Contrato (tal y como se define a continuaci\u00f3n) con el <strong>Distribuidor<\/strong> (tal y como se define a continuaci\u00f3n).<\/p>\n\n\n\n<p><strong>Proveedor<\/strong>: se refiere a la empresa SEFMAT, una sociedad por acciones simplificada, con domicilio social en 7 rue de Betnoms en Le Haillan (33185) Francia e inscrita en el Registro Mercantil y de Sociedades de Burdeos con el n\u00famero 320 696 594.<\/p>\n\n\n\n<p><strong>Distribuidor<\/strong>: Es el revendedor de los Productos adquiridos al <strong>Proveedor<\/strong> de SEFMAT.<\/p>\n\n\n\n<p>Producto: se refiere al bien (o parte de este bien) objeto del Pedido, descrito en el cat\u00e1logo, en el sitio Internet y en las fichas t\u00e9cnicas del Proveedor.<\/p>\n\n\n\n<h2 class=\"wp-block-heading\">1. NORMAS QUE RIGEN LAS GARANT\u00cdAS<\/h2>\n\n\n\n<p><strong>1.1<\/strong> Los Productos entregados por el grupo SEFMAT, se benefician de una garant\u00eda legal de un (1) a\u00f1o, a partir de la <strong>fecha de facturaci\u00f3n<\/strong> por parte del <strong>Distribuidor<\/strong>, que cubre su falta de conformidad y todos los vicios ocultos, resultantes de un defecto de material, de dise\u00f1o o de fabricaci\u00f3n que les afecte y los haga inadecuados para su uso.<\/p>\n\n\n\n<p><strong>1.2<\/strong> En ocasiones se menciona un periodo de garant\u00eda contractual adicional en el apartado \u00abGARANT\u00cdA\u00bb de las instrucciones del Producto en cuesti\u00f3n.<\/p>\n\n\n\n<p><strong>1.3<\/strong> Quedan excluidas todas las garant\u00edas en caso de utilizaci\u00f3n anormal del Producto, de utilizaci\u00f3n en condiciones distintas de aquellas para las que ha sido fabricado (en particular, en caso de incumplimiento de las condiciones prescritas en las instrucciones de uso), de negligencia o de falta de mantenimiento por parte del Cliente, as\u00ed como en caso de desgaste normal del Producto o de fuerza mayor, y en caso de deterioro o accidente resultante de golpes, ca\u00eddas, negligencia, falta de vigilancia o de mantenimiento, o de transformaci\u00f3n de dicho Producto.<\/p>\n\n\n\n<p><strong>Tambi\u00e9n est\u00e1n excluidos los siguientes:<\/strong><\/p>\n\n\n\n<ul class=\"wp-block-list\">\n<li>Piezas de desgaste especificadas en cada manual.<\/li>\n\n\n\n<li>Accesorios a\u00f1adidos despu\u00e9s de la compra del Producto (en su caso, se aplicar\u00e1 una garant\u00eda espec\u00edfica relativa al accesorio en cuesti\u00f3n).<\/li>\n\n\n\n<li>Las alteraciones del Producto, en particular las modificaciones o la adici\u00f3n de piezas no suministradas por el fabricante.<\/li>\n\n\n\n<li>El uso de un producto SEFMAT o de una de sus piezas de recambio que no cumpla con las normas del pa\u00eds.<\/li>\n\n\n\n<li>Reparaciones preexistentes al Producto no realizadas por RIPACK\u00ae.<\/li>\n\n\n\n<li>Productos que ya no lleven la etiqueta o el n\u00famero de identificaci\u00f3n (S\/N) o Productos cuyo n\u00famero haya sido modificado.<\/li>\n<\/ul>\n\n\n\n<p><strong>1.4<\/strong> Para hacer valer sus derechos, el cliente, comprador del Producto de la sociedad SEFMAT deber\u00e1, bajo pena de caducidad de toda acci\u00f3n relativa al mismo, informarnos por escrito a la siguiente direcci\u00f3n <a href=\"mailto:info@sefmat.com\">info@sefmat.com<\/a> , de la existencia de los defectos en un plazo <strong>m\u00e1ximo de siete (7) d\u00edas a partir de su descubrimiento<\/strong>.<\/p>\n\n\n\n<p><strong>1.5<\/strong> La presente garant\u00eda cubre los gastos de reparaci\u00f3n del producto (piezas, mano de obra y gastos de devoluci\u00f3n, siendo por cuenta del cliente los gastos de env\u00edo) o de sustituci\u00f3n del mismo (en caso de que no pueda repararse). No da derecho a ninguna indemnizaci\u00f3n en especie o en met\u00e1lico.<\/p>\n\n\n\n<p><strong>1.6<\/strong> La sustituci\u00f3n de los Productos no tendr\u00e1 por efecto prorrogar la duraci\u00f3n de la garant\u00eda antes mencionada.<\/p>\n\n\n\n<p><strong>1.7<\/strong> La garant\u00eda forma un todo inseparable con el producto vendido por SEFMAT o su distribuidor autorizado. El producto no podr\u00e1 ser vendido o revendido alterado, transformado o modificado.<\/p>\n\n\n\n<p><strong>1.8<\/strong> S\u00f3lo podremos aceptar la responsabilidad de nuestros socios autorizados o de nuestro centro de fabricaci\u00f3n si se nos devuelven todas las piezas que compon\u00edan su producto en el momento de la compra. Sin la devoluci\u00f3n completa, no podremos validar la garant\u00eda.<\/p>\n\n\n\n<p><strong>1.9<\/strong> Sefmat no se hace responsable, en particular, en los siguientes casos:<\/p>\n\n\n\n<ul class=\"wp-block-list\">\n<li>Incumplimiento de la legislaci\u00f3n del pa\u00eds en el que se utilicen los Productos.<\/li>\n<\/ul>\n\n\n\n<h2 class=\"wp-block-heading\">2.\u00a0\u00bfC\u00d3MO BENEFICIARSE DEL SERVICIO POSVENTA DE SEFMAT?<\/h2>\n\n\n\n<p>En caso de mal funcionamiento de los productos no cubiertos por una garant\u00eda contractual o legal, sefmat ofrece un servicio posventa (en adelante, \u00abservicio posventa\u00bb).<\/p>\n\n\n\n<p>En caso de mal funcionamiento del producto, sefmat proporciona informaci\u00f3n \u00fatil como <a href=\"https:\/\/ripack.com\/es\/asistencia\/tutoriales\/\">tutoriales<\/a>, <a href=\"https:\/\/ripack.com\/es\/asistencia\/solucion-de-problemas\/\">diagn\u00f3stico de problemas<\/a> o <a href=\"https:\/\/ripack.com\/es\/asistencia\/avisos\/\">instrucciones<\/a> en el \u00e1rea de soporte del sitio web ripack.com.<\/p>\n\n\n\n<p>Si no encuentra la informaci\u00f3n que necesita para resolver su problema, puede ponerse en contacto primero con su distribuidor o con el departamento de servicio t\u00e9cnico de sefmat a trav\u00e9s del formulario \u00ab\u00a0<a href=\"https:\/\/ripack.com\/es\/asistencia\/contacto-de-servicio\/\">contacto de servicio<\/a> \u00bb.<\/p>\n\n\n\n<p>Una vez cumplimentado este formulario en l\u00ednea, recibir\u00e1 un n\u00famero de seguimiento posventa que se utilizar\u00e1 para gestionar y analizar su Producto. Este n\u00famero deber\u00e1 adjuntarse al Producto devuelto.<\/p>\n\n\n\n<p>Una vez finalizado el an\u00e1lisis, se le enviar\u00e1 un presupuesto a trav\u00e9s de su distribuidor si el Producto est\u00e1 fuera del periodo de garant\u00eda o no entra dentro de su \u00e1mbito de aplicaci\u00f3n. <strong>Si rechaza el presupuesto, los costes del an\u00e1lisis podr\u00e1n ser facturados.<\/strong><\/p>\n\n\n\n<h2 class=\"wp-block-heading\">3. POL\u00cdTICA DE DEVOLUCIONES DE RIPACK<\/h2>\n\n\n\n<p><strong>3.1<\/strong> Los Clientes que deseen devolver un producto deber\u00e1n rellenar un formulario de solicitud de devoluci\u00f3n en la p\u00e1gina web <a href=\"http:\/\/www.ripack.com\">www.ripack.com<\/a> , en el apartado \u00abASISTENCIA\u00bb \u00ab<a href=\"https:\/\/ripack.com\/es\/asistencia\/contacto-de-servicio\/\">CONTACTO DE SERVICIO<\/a>\u00ab, especificando:<\/p>\n\n\n\n<ul class=\"wp-block-list\">\n<li>La factura original del Distribuidor,<\/li>\n\n\n\n<li>La referencia del producto y la cantidad,<\/li>\n\n\n\n<li>El motivo exacto y detallado de la solicitud de devoluci\u00f3n,<\/li>\n\n\n\n<li>El estado del producto y el n\u00famero de serie del producto (S\/N)<\/li>\n\n\n\n<li>Todas las piezas suministradas cuando se compr\u00f3 el Producto. (por ejemplo, para una pistola: devuelva el regulador, el racor giratorio, la manguera, la pistola y la extensi\u00f3n si se utiliza).<\/li>\n<\/ul>\n\n\n\n<p><strong>3.2<\/strong> No se podr\u00e1 realizar ninguna devoluci\u00f3n sin el n\u00famero de servicio posventa generado a ra\u00edz de su solicitud en la secci\u00f3n ASISTENCIA. A partir de la fecha de creaci\u00f3n del expediente, el Cliente dispone de quince (15) d\u00edas laborables para devolver el producto conforme a las condiciones definidas en el art\u00edculo 3.1 anterior. Toda devoluci\u00f3n enviada fuera de plazo o incompleta ser\u00e1 sistem\u00e1ticamente rechazada.<\/p>\n","protected":false},"excerpt":{"rendered":"<p>La presente carta del servicio posventa de SEFMAT define las normas aplicables a las solicitudes de devoluci\u00f3n y los procedimientos pr\u00e1cticos a seguir para la devoluci\u00f3n de un producto en el marco del servicio posventa. Los t\u00e9rminos que figuran a continuaci\u00f3n tienen el significado que se les atribuye en esta definici\u00f3n: Fuerza mayor: Es un [&hellip;]<\/p>\n","protected":false},"author":1,"featured_media":0,"parent":9875,"menu_order":0,"comment_status":"closed","ping_status":"closed","template":"page-assistance-charte.php","meta":{"_acf_changed":false,"footnotes":""},"class_list":["post-9917","page","type-page","status-publish","hentry"],"acf":[],"yoast_head":"<!-- This site is optimized with the Yoast SEO plugin v27.3 - https:\/\/yoast.com\/product\/yoast-seo-wordpress\/ -->\n<title>Cartas de servicio posventa al cliente - ripack<\/title>\n<meta name=\"robots\" content=\"index, follow, max-snippet:-1, max-image-preview:large, max-video-preview:-1\" \/>\n<link rel=\"canonical\" href=\"https:\/\/ripack.com\/es\/asistencia\/carta\/\" \/>\n<meta property=\"og:locale\" content=\"es_ES\" \/>\n<meta property=\"og:type\" content=\"article\" \/>\n<meta property=\"og:title\" content=\"Cartas de servicio posventa al cliente - ripack\" \/>\n<meta property=\"og:description\" content=\"La presente carta del servicio posventa de SEFMAT define las normas aplicables a las solicitudes de devoluci\u00f3n y los procedimientos pr\u00e1cticos a seguir para la devoluci\u00f3n de un producto en el marco del servicio posventa. Los t\u00e9rminos que figuran a continuaci\u00f3n tienen el significado que se les atribuye en esta definici\u00f3n: Fuerza mayor: Es un [&hellip;]\" \/>\n<meta property=\"og:url\" content=\"https:\/\/ripack.com\/es\/asistencia\/carta\/\" \/>\n<meta property=\"og:site_name\" content=\"ripack\" \/>\n<meta property=\"article:modified_time\" content=\"2024-04-12T10:02:31+00:00\" \/>\n<meta name=\"twitter:card\" content=\"summary_large_image\" \/>\n<meta name=\"twitter:label1\" content=\"Tiempo de lectura\" \/>\n\t<meta name=\"twitter:data1\" content=\"6 minutos\" \/>\n<script type=\"application\/ld+json\" class=\"yoast-schema-graph\">{\"@context\":\"https:\\\/\\\/schema.org\",\"@graph\":[{\"@type\":\"WebPage\",\"@id\":\"https:\\\/\\\/ripack.com\\\/es\\\/asistencia\\\/carta\\\/\",\"url\":\"https:\\\/\\\/ripack.com\\\/es\\\/asistencia\\\/carta\\\/\",\"name\":\"Cartas de servicio posventa al cliente - ripack\",\"isPartOf\":{\"@id\":\"https:\\\/\\\/ripack.com\\\/#website\"},\"datePublished\":\"2023-10-23T14:04:15+00:00\",\"dateModified\":\"2024-04-12T10:02:31+00:00\",\"breadcrumb\":{\"@id\":\"https:\\\/\\\/ripack.com\\\/es\\\/asistencia\\\/carta\\\/#breadcrumb\"},\"inLanguage\":\"es\",\"potentialAction\":[{\"@type\":\"ReadAction\",\"target\":[\"https:\\\/\\\/ripack.com\\\/es\\\/asistencia\\\/carta\\\/\"]}]},{\"@type\":\"BreadcrumbList\",\"@id\":\"https:\\\/\\\/ripack.com\\\/es\\\/asistencia\\\/carta\\\/#breadcrumb\",\"itemListElement\":[{\"@type\":\"ListItem\",\"position\":1,\"name\":\"Accueil\",\"item\":\"https:\\\/\\\/ripack.com\\\/es\\\/\"},{\"@type\":\"ListItem\",\"position\":2,\"name\":\"Asistencia\",\"item\":\"https:\\\/\\\/ripack.com\\\/es\\\/asistencia\\\/\"},{\"@type\":\"ListItem\",\"position\":3,\"name\":\"Cartas de servicio posventa al cliente\"}]},{\"@type\":\"WebSite\",\"@id\":\"https:\\\/\\\/ripack.com\\\/#website\",\"url\":\"https:\\\/\\\/ripack.com\\\/\",\"name\":\"ripack\",\"description\":\"Un site utilisant WordPress\",\"potentialAction\":[{\"@type\":\"SearchAction\",\"target\":{\"@type\":\"EntryPoint\",\"urlTemplate\":\"https:\\\/\\\/ripack.com\\\/?s={search_term_string}\"},\"query-input\":{\"@type\":\"PropertyValueSpecification\",\"valueRequired\":true,\"valueName\":\"search_term_string\"}}],\"inLanguage\":\"es\"}]}<\/script>\n<!-- \/ Yoast SEO plugin. -->","yoast_head_json":{"title":"Cartas de servicio posventa al cliente - ripack","robots":{"index":"index","follow":"follow","max-snippet":"max-snippet:-1","max-image-preview":"max-image-preview:large","max-video-preview":"max-video-preview:-1"},"canonical":"https:\/\/ripack.com\/es\/asistencia\/carta\/","og_locale":"es_ES","og_type":"article","og_title":"Cartas de servicio posventa al cliente - ripack","og_description":"La presente carta del servicio posventa de SEFMAT define las normas aplicables a las solicitudes de devoluci\u00f3n y los procedimientos pr\u00e1cticos a seguir para la devoluci\u00f3n de un producto en el marco del servicio posventa. Los t\u00e9rminos que figuran a continuaci\u00f3n tienen el significado que se les atribuye en esta definici\u00f3n: Fuerza mayor: Es un [&hellip;]","og_url":"https:\/\/ripack.com\/es\/asistencia\/carta\/","og_site_name":"ripack","article_modified_time":"2024-04-12T10:02:31+00:00","twitter_card":"summary_large_image","twitter_misc":{"Tiempo de lectura":"6 minutos"},"schema":{"@context":"https:\/\/schema.org","@graph":[{"@type":"WebPage","@id":"https:\/\/ripack.com\/es\/asistencia\/carta\/","url":"https:\/\/ripack.com\/es\/asistencia\/carta\/","name":"Cartas de servicio posventa al cliente - ripack","isPartOf":{"@id":"https:\/\/ripack.com\/#website"},"datePublished":"2023-10-23T14:04:15+00:00","dateModified":"2024-04-12T10:02:31+00:00","breadcrumb":{"@id":"https:\/\/ripack.com\/es\/asistencia\/carta\/#breadcrumb"},"inLanguage":"es","potentialAction":[{"@type":"ReadAction","target":["https:\/\/ripack.com\/es\/asistencia\/carta\/"]}]},{"@type":"BreadcrumbList","@id":"https:\/\/ripack.com\/es\/asistencia\/carta\/#breadcrumb","itemListElement":[{"@type":"ListItem","position":1,"name":"Accueil","item":"https:\/\/ripack.com\/es\/"},{"@type":"ListItem","position":2,"name":"Asistencia","item":"https:\/\/ripack.com\/es\/asistencia\/"},{"@type":"ListItem","position":3,"name":"Cartas de servicio posventa al cliente"}]},{"@type":"WebSite","@id":"https:\/\/ripack.com\/#website","url":"https:\/\/ripack.com\/","name":"ripack","description":"Un site utilisant WordPress","potentialAction":[{"@type":"SearchAction","target":{"@type":"EntryPoint","urlTemplate":"https:\/\/ripack.com\/?s={search_term_string}"},"query-input":{"@type":"PropertyValueSpecification","valueRequired":true,"valueName":"search_term_string"}}],"inLanguage":"es"}]}},"_links":{"self":[{"href":"https:\/\/ripack.com\/es\/wp-json\/wp\/v2\/pages\/9917","targetHints":{"allow":["GET"]}}],"collection":[{"href":"https:\/\/ripack.com\/es\/wp-json\/wp\/v2\/pages"}],"about":[{"href":"https:\/\/ripack.com\/es\/wp-json\/wp\/v2\/types\/page"}],"author":[{"embeddable":true,"href":"https:\/\/ripack.com\/es\/wp-json\/wp\/v2\/users\/1"}],"replies":[{"embeddable":true,"href":"https:\/\/ripack.com\/es\/wp-json\/wp\/v2\/comments?post=9917"}],"version-history":[{"count":3,"href":"https:\/\/ripack.com\/es\/wp-json\/wp\/v2\/pages\/9917\/revisions"}],"predecessor-version":[{"id":10284,"href":"https:\/\/ripack.com\/es\/wp-json\/wp\/v2\/pages\/9917\/revisions\/10284"}],"up":[{"embeddable":true,"href":"https:\/\/ripack.com\/es\/wp-json\/wp\/v2\/pages\/9875"}],"wp:attachment":[{"href":"https:\/\/ripack.com\/es\/wp-json\/wp\/v2\/media?parent=9917"}],"curies":[{"name":"wp","href":"https:\/\/api.w.org\/{rel}","templated":true}]}}